{"id":107,"date":"2023-12-19T15:51:34","date_gmt":"2023-12-19T14:51:34","guid":{"rendered":"https:\/\/lateliertheatre-valdesambre.fr\/?page_id=107"},"modified":"2024-01-14T19:15:00","modified_gmt":"2024-01-14T18:15:00","slug":"enfin-egales-ou-pas-spectacle","status":"publish","type":"page","link":"https:\/\/lateliertheatre-valdesambre.fr\/index.php\/enfin-egales-ou-pas-spectacle\/","title":{"rendered":"Enfin \u00c9gales ou pas ? (spectacle)"},"content":{"rendered":"<h1 style=\"text-align: center;\"><span style=\"font-size: 18pt; color: #000080;\"><strong><em>Enfin \u00c9gales ou pas ?<\/em><\/strong><\/span><\/h1>\n<p><img loading=\"lazy\" decoding=\"async\" class=\"wp-image-108 alignright\" src=\"https:\/\/lateliertheatre-valdesambre.fr\/wp-content\/uploads\/2023\/12\/enfin_egales_ou_pas.jpg\" alt=\"Enfin \u00c9gales ou pas ?\" width=\"112\" height=\"157\" \/><\/p>\n<p style=\"text-align: justify;\">nous conduit \u00e0 travers les si\u00e8cles, les civilisations et les pays \u00e0 porter un regard sur ce qu\u2019ont pu vivre les femmes, ce qu\u2019elles vivent encore aujourd\u2019hui, les humiliations, les m\u00e9pris, les discriminations, qu\u2019elles ont eu \u00e0 subir, les combats que certaines ont men\u00e9 pour qu\u2019\u00e9volue le monde. Condition f\u00e9minine, constat d\u2019in\u00e9galit\u00e9 entre les hommes et les femmes, \u00e9volution des m\u0153urs et des mentalit\u00e9s, cette pi\u00e8ce tente de dresser un constat et d\u2019envisager les perspectives.<\/p>\n<div id=\"attachment_109\" style=\"width: 118px\" class=\"wp-caption alignright\"><img loading=\"lazy\" decoding=\"async\" aria-describedby=\"caption-attachment-109\" class=\"wp-image-109\" src=\"https:\/\/lateliertheatre-valdesambre.fr\/wp-content\/uploads\/2023\/12\/de-l-egalite-des-deux-sexes-179x300.jpg\" alt=\"\" width=\"108\" height=\"180\" srcset=\"https:\/\/lateliertheatre-valdesambre.fr\/wp-content\/uploads\/2023\/12\/de-l-egalite-des-deux-sexes-179x300.jpg 179w, https:\/\/lateliertheatre-valdesambre.fr\/wp-content\/uploads\/2023\/12\/de-l-egalite-des-deux-sexes.jpg 253w\" sizes=\"auto, (max-width: 108px) 100vw, 108px\" \/><p id=\"caption-attachment-109\" class=\"wp-caption-text\"><span style=\"font-size: 10pt;\">Fran\u00e7ois Poullain de la Barre (1673)<\/span><\/p><\/div>\n<p style=\"text-align: justify;\">Avec humour mais sans att\u00e9nuer la duret\u00e9 des situations v\u00e9cues, <em>Enfin \u00c9gales ou\u00a0pas\u00a0?<\/em> nous embarque pour un voyage qui, de la Gr\u00e8ce antique ou de la Chine ancienne, nous transporte au futur des femmes en ce d\u00e9but de XXI<sup>e<\/sup> si\u00e8cle, en empruntant les routes du Moyen \u00e2ge et de sa chasse aux sorci\u00e8res, celles de la Renaissance qui ne le fut pas pour les femmes, celles encore de la R\u00e9volution fran\u00e7aise si peu si encline \u00e0 leur donner de nouveaux droits.<\/p>\n<p style=\"text-align: justify;\">M\u00ealant pass\u00e9s et pr\u00e9sent, dans un dialogue volontairement anachronique entre les \u00e9poques et les cultures, des femmes s\u2019interrogent sur leur condition. <em>Enfin \u00c9gales ou pas\u00a0? <\/em>est rythm\u00e9e par des t\u00e9moignages enregistr\u00e9s d\u2019adultes et d\u2019enfants qui apportent un \u00e9clairage actuel sur les diff\u00e9rentes perceptions, qui peuvent exister dans nos quartiers, des r\u00f4les d\u00e9volus aux hommes et aux femmes et sur l\u2019\u00e9galit\u00e9 entre les sexes.<\/p>\n<p style=\"text-align: justify;\">Une exposition qui retrace la condition de la femme et l\u2019\u00e9volution de la notion d\u2019\u00e9galit\u00e9, de l\u2019antiquit\u00e9 \u00e0 nos jours, en Europe mais aussi sur les autres continents, sera pr\u00e9sent\u00e9e en compl\u00e9ment du spectacle.<\/p>\n<p><strong>Distribution<\/strong><\/p>\n<p>Mehdi <strong>Azzedine<\/strong><br \/>\n<strong>Kathy<\/strong> Lacroix<br \/>\nMargaux <strong>Bertrand<\/strong><br \/>\n<strong>Nadia<\/strong> Soissons<br \/>\nPatrick <strong>Bouchez<\/strong><br \/>\n<strong>Rose-Ange<\/strong> Canevat<br \/>\n\u00c9milienne <strong>Poulet<\/strong><br \/>\n<strong>Angeline<\/strong> Soissons<br \/>\nL\u00e9na <strong>Flamand<\/strong><br \/>\n<strong>Catherine<\/strong> Bouchez<br \/>\nXavier <strong>Gary<\/strong><br \/>\n<strong>Amarylisse<\/strong> Soissons<br \/>\nMarie-Jo <strong>Gary<\/strong><br \/>\n<strong>Sylvie<\/strong> Lecoutre<br \/>\nBruno <strong>Lacroix<\/strong><br \/>\n<strong>Marie<\/strong> Bouchez<\/p>\n<p><strong>\u00c9criture et mise en sc\u00e8ne<\/strong><br \/>\nPatrick <strong>Maruta<\/strong><\/p>\n","protected":false},"excerpt":{"rendered":"<p>Enfin \u00c9gales ou pas ? nous conduit \u00e0 travers les si\u00e8cles, les civilisations et les pays \u00e0 porter un regard sur ce qu\u2019ont pu vivre les femmes, ce qu\u2019elles vivent encore aujourd\u2019hui, les humiliations, les m\u00e9pris, les discriminations, qu\u2019elles ont &hellip; <a href=\"https:\/\/lateliertheatre-valdesambre.fr\/index.php\/enfin-egales-ou-pas-spectacle\/\">Continuer la lecture <span class=\"meta-nav\">&rarr;<\/span><\/a><\/p>\n","protected":false},"author":1,"featured_media":0,"parent":0,"menu_order":0,"comment_status":"closed","ping_status":"closed","template":"","meta":{"footnotes":""},"class_list":["post-107","page","type-page","status-publish","hentry"],"yoast_head":"<!-- This site is optimized with the Yoast SEO plugin v27.6 - https:\/\/yoast.com\/product\/yoast-seo-wordpress\/ -->\n<title>Enfin \u00c9gales ou pas ? (spectacle) - Atelier Th\u00e9\u00e2tre Val-de-Sambre<\/title>\n<meta name=\"robots\" content=\"index, follow, max-snippet:-1, max-image-preview:large, max-video-preview:-1\" \/>\n<link rel=\"canonical\" href=\"https:\/\/lateliertheatre-valdesambre.fr\/index.php\/enfin-egales-ou-pas-spectacle\/\" \/>\n<meta property=\"og:locale\" content=\"fr_FR\" \/>\n<meta property=\"og:type\" content=\"article\" \/>\n<meta property=\"og:title\" content=\"Enfin \u00c9gales ou pas ? (spectacle) - Atelier Th\u00e9\u00e2tre Val-de-Sambre\" \/>\n<meta property=\"og:description\" content=\"Enfin \u00c9gales ou pas ? nous conduit \u00e0 travers les si\u00e8cles, les civilisations et les pays \u00e0 porter un regard sur ce qu\u2019ont pu vivre les femmes, ce qu\u2019elles vivent encore aujourd\u2019hui, les humiliations, les m\u00e9pris, les discriminations, qu\u2019elles ont &hellip; Continuer la lecture &rarr;\" \/>\n<meta property=\"og:url\" content=\"https:\/\/lateliertheatre-valdesambre.fr\/index.php\/enfin-egales-ou-pas-spectacle\/\" \/>\n<meta property=\"og:site_name\" content=\"Atelier Th\u00e9\u00e2tre Val-de-Sambre\" \/>\n<meta property=\"article:modified_time\" content=\"2024-01-14T18:15:00+00:00\" \/>\n<meta property=\"og:image\" content=\"https:\/\/lateliertheatre-valdesambre.fr\/wp-content\/uploads\/2023\/12\/enfin_egales_ou_pas.jpg\" \/>\n<meta name=\"twitter:card\" content=\"summary_large_image\" \/>\n<meta name=\"twitter:label1\" content=\"Dur\u00e9e de lecture estim\u00e9e\" \/>\n\t<meta name=\"twitter:data1\" content=\"2 minutes\" \/>\n<script type=\"application\/ld+json\" class=\"yoast-schema-graph\">{\"@context\":\"https:\\\/\\\/schema.org\",\"@graph\":[{\"@type\":\"WebPage\",\"@id\":\"https:\\\/\\\/lateliertheatre-valdesambre.fr\\\/index.php\\\/enfin-egales-ou-pas-spectacle\\\/\",\"url\":\"https:\\\/\\\/lateliertheatre-valdesambre.fr\\\/index.php\\\/enfin-egales-ou-pas-spectacle\\\/\",\"name\":\"Enfin \u00c9gales ou pas ? (spectacle) - Atelier Th\u00e9\u00e2tre Val-de-Sambre\",\"isPartOf\":{\"@id\":\"https:\\\/\\\/lateliertheatre-valdesambre.fr\\\/#website\"},\"primaryImageOfPage\":{\"@id\":\"https:\\\/\\\/lateliertheatre-valdesambre.fr\\\/index.php\\\/enfin-egales-ou-pas-spectacle\\\/#primaryimage\"},\"image\":{\"@id\":\"https:\\\/\\\/lateliertheatre-valdesambre.fr\\\/index.php\\\/enfin-egales-ou-pas-spectacle\\\/#primaryimage\"},\"thumbnailUrl\":\"https:\\\/\\\/lateliertheatre-valdesambre.fr\\\/wp-content\\\/uploads\\\/2023\\\/12\\\/enfin_egales_ou_pas.jpg\",\"datePublished\":\"2023-12-19T14:51:34+00:00\",\"dateModified\":\"2024-01-14T18:15:00+00:00\",\"breadcrumb\":{\"@id\":\"https:\\\/\\\/lateliertheatre-valdesambre.fr\\\/index.php\\\/enfin-egales-ou-pas-spectacle\\\/#breadcrumb\"},\"inLanguage\":\"fr-FR\",\"potentialAction\":[{\"@type\":\"ReadAction\",\"target\":[\"https:\\\/\\\/lateliertheatre-valdesambre.fr\\\/index.php\\\/enfin-egales-ou-pas-spectacle\\\/\"]}]},{\"@type\":\"ImageObject\",\"inLanguage\":\"fr-FR\",\"@id\":\"https:\\\/\\\/lateliertheatre-valdesambre.fr\\\/index.php\\\/enfin-egales-ou-pas-spectacle\\\/#primaryimage\",\"url\":\"https:\\\/\\\/lateliertheatre-valdesambre.fr\\\/wp-content\\\/uploads\\\/2023\\\/12\\\/enfin_egales_ou_pas.jpg\",\"contentUrl\":\"https:\\\/\\\/lateliertheatre-valdesambre.fr\\\/wp-content\\\/uploads\\\/2023\\\/12\\\/enfin_egales_ou_pas.jpg\",\"width\":212,\"height\":300},{\"@type\":\"BreadcrumbList\",\"@id\":\"https:\\\/\\\/lateliertheatre-valdesambre.fr\\\/index.php\\\/enfin-egales-ou-pas-spectacle\\\/#breadcrumb\",\"itemListElement\":[{\"@type\":\"ListItem\",\"position\":1,\"name\":\"Accueil\",\"item\":\"https:\\\/\\\/lateliertheatre-valdesambre.fr\\\/\"},{\"@type\":\"ListItem\",\"position\":2,\"name\":\"Enfin \u00c9gales ou pas ? (spectacle)\"}]},{\"@type\":\"WebSite\",\"@id\":\"https:\\\/\\\/lateliertheatre-valdesambre.fr\\\/#website\",\"url\":\"https:\\\/\\\/lateliertheatre-valdesambre.fr\\\/\",\"name\":\"Atelier Th\u00e9\u00e2tre Val-de-Sambre\",\"description\":\"Pour un espace d&#039;expression dans la r\u00e9gion Val-de-Sambre\",\"publisher\":{\"@id\":\"https:\\\/\\\/lateliertheatre-valdesambre.fr\\\/#organization\"},\"potentialAction\":[{\"@type\":\"SearchAction\",\"target\":{\"@type\":\"EntryPoint\",\"urlTemplate\":\"https:\\\/\\\/lateliertheatre-valdesambre.fr\\\/?s={search_term_string}\"},\"query-input\":{\"@type\":\"PropertyValueSpecification\",\"valueRequired\":true,\"valueName\":\"search_term_string\"}}],\"inLanguage\":\"fr-FR\"},{\"@type\":\"Organization\",\"@id\":\"https:\\\/\\\/lateliertheatre-valdesambre.fr\\\/#organization\",\"name\":\"Atelier Th\u00e9\u00e2tre Val-de-Sambre\",\"url\":\"https:\\\/\\\/lateliertheatre-valdesambre.fr\\\/\",\"logo\":{\"@type\":\"ImageObject\",\"inLanguage\":\"fr-FR\",\"@id\":\"https:\\\/\\\/lateliertheatre-valdesambre.fr\\\/#\\\/schema\\\/logo\\\/image\\\/\",\"url\":\"https:\\\/\\\/lateliertheatre-valdesambre.fr\\\/wp-content\\\/uploads\\\/2023\\\/12\\\/paroles-val-de-sambre.jpg\",\"contentUrl\":\"https:\\\/\\\/lateliertheatre-valdesambre.fr\\\/wp-content\\\/uploads\\\/2023\\\/12\\\/paroles-val-de-sambre.jpg\",\"width\":510,\"height\":112,\"caption\":\"Atelier Th\u00e9\u00e2tre Val-de-Sambre\"},\"image\":{\"@id\":\"https:\\\/\\\/lateliertheatre-valdesambre.fr\\\/#\\\/schema\\\/logo\\\/image\\\/\"}}]}<\/script>\n<!-- \/ Yoast SEO plugin. -->","yoast_head_json":{"title":"Enfin \u00c9gales ou pas ? (spectacle) - Atelier Th\u00e9\u00e2tre Val-de-Sambre","robots":{"index":"index","follow":"follow","max-snippet":"max-snippet:-1","max-image-preview":"max-image-preview:large","max-video-preview":"max-video-preview:-1"},"canonical":"https:\/\/lateliertheatre-valdesambre.fr\/index.php\/enfin-egales-ou-pas-spectacle\/","og_locale":"fr_FR","og_type":"article","og_title":"Enfin \u00c9gales ou pas ? (spectacle) - Atelier Th\u00e9\u00e2tre Val-de-Sambre","og_description":"Enfin \u00c9gales ou pas ? nous conduit \u00e0 travers les si\u00e8cles, les civilisations et les pays \u00e0 porter un regard sur ce qu\u2019ont pu vivre les femmes, ce qu\u2019elles vivent encore aujourd\u2019hui, les humiliations, les m\u00e9pris, les discriminations, qu\u2019elles ont &hellip; Continuer la lecture &rarr;","og_url":"https:\/\/lateliertheatre-valdesambre.fr\/index.php\/enfin-egales-ou-pas-spectacle\/","og_site_name":"Atelier Th\u00e9\u00e2tre Val-de-Sambre","article_modified_time":"2024-01-14T18:15:00+00:00","og_image":[{"url":"https:\/\/lateliertheatre-valdesambre.fr\/wp-content\/uploads\/2023\/12\/enfin_egales_ou_pas.jpg","type":"","width":"","height":""}],"twitter_card":"summary_large_image","twitter_misc":{"Dur\u00e9e de lecture estim\u00e9e":"2 minutes"},"schema":{"@context":"https:\/\/schema.org","@graph":[{"@type":"WebPage","@id":"https:\/\/lateliertheatre-valdesambre.fr\/index.php\/enfin-egales-ou-pas-spectacle\/","url":"https:\/\/lateliertheatre-valdesambre.fr\/index.php\/enfin-egales-ou-pas-spectacle\/","name":"Enfin \u00c9gales ou pas ? (spectacle) - Atelier Th\u00e9\u00e2tre Val-de-Sambre","isPartOf":{"@id":"https:\/\/lateliertheatre-valdesambre.fr\/#website"},"primaryImageOfPage":{"@id":"https:\/\/lateliertheatre-valdesambre.fr\/index.php\/enfin-egales-ou-pas-spectacle\/#primaryimage"},"image":{"@id":"https:\/\/lateliertheatre-valdesambre.fr\/index.php\/enfin-egales-ou-pas-spectacle\/#primaryimage"},"thumbnailUrl":"https:\/\/lateliertheatre-valdesambre.fr\/wp-content\/uploads\/2023\/12\/enfin_egales_ou_pas.jpg","datePublished":"2023-12-19T14:51:34+00:00","dateModified":"2024-01-14T18:15:00+00:00","breadcrumb":{"@id":"https:\/\/lateliertheatre-valdesambre.fr\/index.php\/enfin-egales-ou-pas-spectacle\/#breadcrumb"},"inLanguage":"fr-FR","potentialAction":[{"@type":"ReadAction","target":["https:\/\/lateliertheatre-valdesambre.fr\/index.php\/enfin-egales-ou-pas-spectacle\/"]}]},{"@type":"ImageObject","inLanguage":"fr-FR","@id":"https:\/\/lateliertheatre-valdesambre.fr\/index.php\/enfin-egales-ou-pas-spectacle\/#primaryimage","url":"https:\/\/lateliertheatre-valdesambre.fr\/wp-content\/uploads\/2023\/12\/enfin_egales_ou_pas.jpg","contentUrl":"https:\/\/lateliertheatre-valdesambre.fr\/wp-content\/uploads\/2023\/12\/enfin_egales_ou_pas.jpg","width":212,"height":300},{"@type":"BreadcrumbList","@id":"https:\/\/lateliertheatre-valdesambre.fr\/index.php\/enfin-egales-ou-pas-spectacle\/#breadcrumb","itemListElement":[{"@type":"ListItem","position":1,"name":"Accueil","item":"https:\/\/lateliertheatre-valdesambre.fr\/"},{"@type":"ListItem","position":2,"name":"Enfin \u00c9gales ou pas ? (spectacle)"}]},{"@type":"WebSite","@id":"https:\/\/lateliertheatre-valdesambre.fr\/#website","url":"https:\/\/lateliertheatre-valdesambre.fr\/","name":"Atelier Th\u00e9\u00e2tre Val-de-Sambre","description":"Pour un espace d&#039;expression dans la r\u00e9gion Val-de-Sambre","publisher":{"@id":"https:\/\/lateliertheatre-valdesambre.fr\/#organization"},"potentialAction":[{"@type":"SearchAction","target":{"@type":"EntryPoint","urlTemplate":"https:\/\/lateliertheatre-valdesambre.fr\/?s={search_term_string}"},"query-input":{"@type":"PropertyValueSpecification","valueRequired":true,"valueName":"search_term_string"}}],"inLanguage":"fr-FR"},{"@type":"Organization","@id":"https:\/\/lateliertheatre-valdesambre.fr\/#organization","name":"Atelier Th\u00e9\u00e2tre Val-de-Sambre","url":"https:\/\/lateliertheatre-valdesambre.fr\/","logo":{"@type":"ImageObject","inLanguage":"fr-FR","@id":"https:\/\/lateliertheatre-valdesambre.fr\/#\/schema\/logo\/image\/","url":"https:\/\/lateliertheatre-valdesambre.fr\/wp-content\/uploads\/2023\/12\/paroles-val-de-sambre.jpg","contentUrl":"https:\/\/lateliertheatre-valdesambre.fr\/wp-content\/uploads\/2023\/12\/paroles-val-de-sambre.jpg","width":510,"height":112,"caption":"Atelier Th\u00e9\u00e2tre Val-de-Sambre"},"image":{"@id":"https:\/\/lateliertheatre-valdesambre.fr\/#\/schema\/logo\/image\/"}}]}},"_links":{"self":[{"href":"https:\/\/lateliertheatre-valdesambre.fr\/index.php\/wp-json\/wp\/v2\/pages\/107","targetHints":{"allow":["GET"]}}],"collection":[{"href":"https:\/\/lateliertheatre-valdesambre.fr\/index.php\/wp-json\/wp\/v2\/pages"}],"about":[{"href":"https:\/\/lateliertheatre-valdesambre.fr\/index.php\/wp-json\/wp\/v2\/types\/page"}],"author":[{"embeddable":true,"href":"https:\/\/lateliertheatre-valdesambre.fr\/index.php\/wp-json\/wp\/v2\/users\/1"}],"replies":[{"embeddable":true,"href":"https:\/\/lateliertheatre-valdesambre.fr\/index.php\/wp-json\/wp\/v2\/comments?post=107"}],"version-history":[{"count":8,"href":"https:\/\/lateliertheatre-valdesambre.fr\/index.php\/wp-json\/wp\/v2\/pages\/107\/revisions"}],"predecessor-version":[{"id":222,"href":"https:\/\/lateliertheatre-valdesambre.fr\/index.php\/wp-json\/wp\/v2\/pages\/107\/revisions\/222"}],"wp:attachment":[{"href":"https:\/\/lateliertheatre-valdesambre.fr\/index.php\/wp-json\/wp\/v2\/media?parent=107"}],"curies":[{"name":"wp","href":"https:\/\/api.w.org\/{rel}","templated":true}]}}