{"id":117,"date":"2023-12-19T16:05:58","date_gmt":"2023-12-19T15:05:58","guid":{"rendered":"https:\/\/lateliertheatre-valdesambre.fr\/?page_id=117"},"modified":"2024-01-22T15:54:17","modified_gmt":"2024-01-22T14:54:17","slug":"nos-valeurs","status":"publish","type":"page","link":"https:\/\/lateliertheatre-valdesambre.fr\/index.php\/nos-valeurs\/","title":{"rendered":"Nos valeurs"},"content":{"rendered":"<div class=\"page-header\">\n<h2><span style=\"color: #000080;\">Les valeurs qui animent notre action, les objectifs que nous poursuivons<\/span><\/h2>\n<\/div>\n<div>\n<p style=\"text-align: justify;\"><strong>\u00a0<\/strong>Nous voulons avant tout donner la parole aux habitants du Val-de-Sambre, confronter les points de vue, m\u00ealer la parole des enfants, des adolescents et des adultes, donner du sens au \"vivre ensemble\", au devoir de citoyennet\u00e9. Nos parcours de vie, ceux de nos parents ou de nos grands-parents forgent l\u2019\u00e2me de ce territoire, son histoire. Donnons \u00e0 chacun sa place l\u00e9gitime, remettons l\u2019humain au centre de notre soci\u00e9t\u00e9.<\/p>\n<p style=\"text-align: justify;\">Les rapports parents-enfants, l\u2019\u00e9ducation, l\u2019\u00e9galit\u00e9 entre les membres de notre nation, la lutte contre toute forme de discrimination seront abord\u00e9s au fil des articles, des interviews, des reportages. Actualiser le contrat social qui nous lie tous pour se diriger vers un meilleur avenir n\u2019est pas forc\u00e9ment une utopie.<\/p>\n<p style=\"text-align: justify;\">La rubrique \"<a title=\"Histoire, histoires\" href=\"https:\/\/lateliertheatre-valdesambre.fr\/index.php\/2023\/12\/02\/histoire-histoires\/\">Histoire-histoires\u2026<\/a>\" nous replongera dans le quotidien des a\u00een\u00e9s, dans la richesse des v\u00e9cus, dans la po\u00e9sie, faite parfois de sueur et de larmes, des \u00e9poques pass\u00e9es, avec leurs travers, leurs nostalgies, leurs enseignements.<\/p>\n<table style=\"border-collapse: collapse; width: 100%;\">\n<tbody>\n<tr>\n<td style=\"width: 33.3333%;\"><img loading=\"lazy\" decoding=\"async\" class=\"alignnone size-full wp-image-28\" src=\"https:\/\/lateliertheatre-valdesambre.fr\/wp-content\/uploads\/2023\/12\/logo-acse.jpg\" alt=\"\" width=\"99\" height=\"137\" \/><\/td>\n<td style=\"width: 33.3333%;\"><img loading=\"lazy\" decoding=\"async\" class=\"alignnone size-full wp-image-31\" src=\"https:\/\/lateliertheatre-valdesambre.fr\/wp-content\/uploads\/2023\/12\/logo-amvs.jpg\" alt=\"\" width=\"94\" height=\"100\" \/><\/td>\n<td style=\"width: 33.3333%;\"><img loading=\"lazy\" decoding=\"async\" class=\"alignnone size-full wp-image-29\" src=\"https:\/\/lateliertheatre-valdesambre.fr\/wp-content\/uploads\/2023\/12\/logo-maubeuge.jpg\" alt=\"\" width=\"99\" height=\"53\" \/><\/td>\n<\/tr>\n<\/tbody>\n<\/table>\n<\/div>\n","protected":false},"excerpt":{"rendered":"<p>Les valeurs qui animent notre action, les objectifs que nous poursuivons \u00a0Nous voulons avant tout donner la parole aux habitants du Val-de-Sambre, confronter les points de vue, m\u00ealer la parole des enfants, des adolescents et des adultes, donner du sens &hellip; <a href=\"https:\/\/lateliertheatre-valdesambre.fr\/index.php\/nos-valeurs\/\">Continuer la lecture <span class=\"meta-nav\">&rarr;<\/span><\/a><\/p>\n","protected":false},"author":1,"featured_media":0,"parent":0,"menu_order":0,"comment_status":"closed","ping_status":"closed","template":"","meta":{"footnotes":""},"class_list":["post-117","page","type-page","status-publish","hentry"],"yoast_head":"<!-- This site is optimized with the Yoast SEO plugin v27.6 - https:\/\/yoast.com\/product\/yoast-seo-wordpress\/ -->\n<title>Nos valeurs - Atelier Th\u00e9\u00e2tre Val-de-Sambre<\/title>\n<meta name=\"robots\" content=\"index, follow, max-snippet:-1, max-image-preview:large, max-video-preview:-1\" \/>\n<link rel=\"canonical\" href=\"https:\/\/lateliertheatre-valdesambre.fr\/index.php\/nos-valeurs\/\" \/>\n<meta property=\"og:locale\" content=\"fr_FR\" \/>\n<meta property=\"og:type\" content=\"article\" \/>\n<meta property=\"og:title\" content=\"Nos valeurs - Atelier Th\u00e9\u00e2tre Val-de-Sambre\" \/>\n<meta property=\"og:description\" content=\"Les valeurs qui animent notre action, les objectifs que nous poursuivons \u00a0Nous voulons avant tout donner la parole aux habitants du Val-de-Sambre, confronter les points de vue, m\u00ealer la parole des enfants, des adolescents et des adultes, donner du sens &hellip; Continuer la lecture &rarr;\" \/>\n<meta property=\"og:url\" content=\"https:\/\/lateliertheatre-valdesambre.fr\/index.php\/nos-valeurs\/\" \/>\n<meta property=\"og:site_name\" content=\"Atelier Th\u00e9\u00e2tre Val-de-Sambre\" \/>\n<meta property=\"article:modified_time\" content=\"2024-01-22T14:54:17+00:00\" \/>\n<meta property=\"og:image\" content=\"https:\/\/lateliertheatre-valdesambre.fr\/wp-content\/uploads\/2023\/12\/logo-acse.jpg\" \/>\n<meta name=\"twitter:card\" content=\"summary_large_image\" \/>\n<meta name=\"twitter:label1\" content=\"Dur\u00e9e de lecture estim\u00e9e\" \/>\n\t<meta name=\"twitter:data1\" content=\"2 minutes\" \/>\n<script type=\"application\/ld+json\" class=\"yoast-schema-graph\">{\"@context\":\"https:\\\/\\\/schema.org\",\"@graph\":[{\"@type\":\"WebPage\",\"@id\":\"https:\\\/\\\/lateliertheatre-valdesambre.fr\\\/index.php\\\/nos-valeurs\\\/\",\"url\":\"https:\\\/\\\/lateliertheatre-valdesambre.fr\\\/index.php\\\/nos-valeurs\\\/\",\"name\":\"Nos valeurs - Atelier Th\u00e9\u00e2tre Val-de-Sambre\",\"isPartOf\":{\"@id\":\"https:\\\/\\\/lateliertheatre-valdesambre.fr\\\/#website\"},\"primaryImageOfPage\":{\"@id\":\"https:\\\/\\\/lateliertheatre-valdesambre.fr\\\/index.php\\\/nos-valeurs\\\/#primaryimage\"},\"image\":{\"@id\":\"https:\\\/\\\/lateliertheatre-valdesambre.fr\\\/index.php\\\/nos-valeurs\\\/#primaryimage\"},\"thumbnailUrl\":\"https:\\\/\\\/lateliertheatre-valdesambre.fr\\\/wp-content\\\/uploads\\\/2023\\\/12\\\/logo-acse.jpg\",\"datePublished\":\"2023-12-19T15:05:58+00:00\",\"dateModified\":\"2024-01-22T14:54:17+00:00\",\"breadcrumb\":{\"@id\":\"https:\\\/\\\/lateliertheatre-valdesambre.fr\\\/index.php\\\/nos-valeurs\\\/#breadcrumb\"},\"inLanguage\":\"fr-FR\",\"potentialAction\":[{\"@type\":\"ReadAction\",\"target\":[\"https:\\\/\\\/lateliertheatre-valdesambre.fr\\\/index.php\\\/nos-valeurs\\\/\"]}]},{\"@type\":\"ImageObject\",\"inLanguage\":\"fr-FR\",\"@id\":\"https:\\\/\\\/lateliertheatre-valdesambre.fr\\\/index.php\\\/nos-valeurs\\\/#primaryimage\",\"url\":\"https:\\\/\\\/lateliertheatre-valdesambre.fr\\\/wp-content\\\/uploads\\\/2023\\\/12\\\/logo-acse.jpg\",\"contentUrl\":\"https:\\\/\\\/lateliertheatre-valdesambre.fr\\\/wp-content\\\/uploads\\\/2023\\\/12\\\/logo-acse.jpg\",\"width\":99,\"height\":137},{\"@type\":\"BreadcrumbList\",\"@id\":\"https:\\\/\\\/lateliertheatre-valdesambre.fr\\\/index.php\\\/nos-valeurs\\\/#breadcrumb\",\"itemListElement\":[{\"@type\":\"ListItem\",\"position\":1,\"name\":\"Accueil\",\"item\":\"https:\\\/\\\/lateliertheatre-valdesambre.fr\\\/\"},{\"@type\":\"ListItem\",\"position\":2,\"name\":\"Nos valeurs\"}]},{\"@type\":\"WebSite\",\"@id\":\"https:\\\/\\\/lateliertheatre-valdesambre.fr\\\/#website\",\"url\":\"https:\\\/\\\/lateliertheatre-valdesambre.fr\\\/\",\"name\":\"Atelier Th\u00e9\u00e2tre Val-de-Sambre\",\"description\":\"Pour un espace d&#039;expression dans la r\u00e9gion Val-de-Sambre\",\"publisher\":{\"@id\":\"https:\\\/\\\/lateliertheatre-valdesambre.fr\\\/#organization\"},\"potentialAction\":[{\"@type\":\"SearchAction\",\"target\":{\"@type\":\"EntryPoint\",\"urlTemplate\":\"https:\\\/\\\/lateliertheatre-valdesambre.fr\\\/?s={search_term_string}\"},\"query-input\":{\"@type\":\"PropertyValueSpecification\",\"valueRequired\":true,\"valueName\":\"search_term_string\"}}],\"inLanguage\":\"fr-FR\"},{\"@type\":\"Organization\",\"@id\":\"https:\\\/\\\/lateliertheatre-valdesambre.fr\\\/#organization\",\"name\":\"Atelier Th\u00e9\u00e2tre Val-de-Sambre\",\"url\":\"https:\\\/\\\/lateliertheatre-valdesambre.fr\\\/\",\"logo\":{\"@type\":\"ImageObject\",\"inLanguage\":\"fr-FR\",\"@id\":\"https:\\\/\\\/lateliertheatre-valdesambre.fr\\\/#\\\/schema\\\/logo\\\/image\\\/\",\"url\":\"https:\\\/\\\/lateliertheatre-valdesambre.fr\\\/wp-content\\\/uploads\\\/2023\\\/12\\\/paroles-val-de-sambre.jpg\",\"contentUrl\":\"https:\\\/\\\/lateliertheatre-valdesambre.fr\\\/wp-content\\\/uploads\\\/2023\\\/12\\\/paroles-val-de-sambre.jpg\",\"width\":510,\"height\":112,\"caption\":\"Atelier Th\u00e9\u00e2tre Val-de-Sambre\"},\"image\":{\"@id\":\"https:\\\/\\\/lateliertheatre-valdesambre.fr\\\/#\\\/schema\\\/logo\\\/image\\\/\"}}]}<\/script>\n<!-- \/ Yoast SEO plugin. -->","yoast_head_json":{"title":"Nos valeurs - Atelier Th\u00e9\u00e2tre Val-de-Sambre","robots":{"index":"index","follow":"follow","max-snippet":"max-snippet:-1","max-image-preview":"max-image-preview:large","max-video-preview":"max-video-preview:-1"},"canonical":"https:\/\/lateliertheatre-valdesambre.fr\/index.php\/nos-valeurs\/","og_locale":"fr_FR","og_type":"article","og_title":"Nos valeurs - Atelier Th\u00e9\u00e2tre Val-de-Sambre","og_description":"Les valeurs qui animent notre action, les objectifs que nous poursuivons \u00a0Nous voulons avant tout donner la parole aux habitants du Val-de-Sambre, confronter les points de vue, m\u00ealer la parole des enfants, des adolescents et des adultes, donner du sens &hellip; Continuer la lecture &rarr;","og_url":"https:\/\/lateliertheatre-valdesambre.fr\/index.php\/nos-valeurs\/","og_site_name":"Atelier Th\u00e9\u00e2tre Val-de-Sambre","article_modified_time":"2024-01-22T14:54:17+00:00","og_image":[{"url":"https:\/\/lateliertheatre-valdesambre.fr\/wp-content\/uploads\/2023\/12\/logo-acse.jpg","type":"","width":"","height":""}],"twitter_card":"summary_large_image","twitter_misc":{"Dur\u00e9e de lecture estim\u00e9e":"2 minutes"},"schema":{"@context":"https:\/\/schema.org","@graph":[{"@type":"WebPage","@id":"https:\/\/lateliertheatre-valdesambre.fr\/index.php\/nos-valeurs\/","url":"https:\/\/lateliertheatre-valdesambre.fr\/index.php\/nos-valeurs\/","name":"Nos valeurs - Atelier Th\u00e9\u00e2tre Val-de-Sambre","isPartOf":{"@id":"https:\/\/lateliertheatre-valdesambre.fr\/#website"},"primaryImageOfPage":{"@id":"https:\/\/lateliertheatre-valdesambre.fr\/index.php\/nos-valeurs\/#primaryimage"},"image":{"@id":"https:\/\/lateliertheatre-valdesambre.fr\/index.php\/nos-valeurs\/#primaryimage"},"thumbnailUrl":"https:\/\/lateliertheatre-valdesambre.fr\/wp-content\/uploads\/2023\/12\/logo-acse.jpg","datePublished":"2023-12-19T15:05:58+00:00","dateModified":"2024-01-22T14:54:17+00:00","breadcrumb":{"@id":"https:\/\/lateliertheatre-valdesambre.fr\/index.php\/nos-valeurs\/#breadcrumb"},"inLanguage":"fr-FR","potentialAction":[{"@type":"ReadAction","target":["https:\/\/lateliertheatre-valdesambre.fr\/index.php\/nos-valeurs\/"]}]},{"@type":"ImageObject","inLanguage":"fr-FR","@id":"https:\/\/lateliertheatre-valdesambre.fr\/index.php\/nos-valeurs\/#primaryimage","url":"https:\/\/lateliertheatre-valdesambre.fr\/wp-content\/uploads\/2023\/12\/logo-acse.jpg","contentUrl":"https:\/\/lateliertheatre-valdesambre.fr\/wp-content\/uploads\/2023\/12\/logo-acse.jpg","width":99,"height":137},{"@type":"BreadcrumbList","@id":"https:\/\/lateliertheatre-valdesambre.fr\/index.php\/nos-valeurs\/#breadcrumb","itemListElement":[{"@type":"ListItem","position":1,"name":"Accueil","item":"https:\/\/lateliertheatre-valdesambre.fr\/"},{"@type":"ListItem","position":2,"name":"Nos valeurs"}]},{"@type":"WebSite","@id":"https:\/\/lateliertheatre-valdesambre.fr\/#website","url":"https:\/\/lateliertheatre-valdesambre.fr\/","name":"Atelier Th\u00e9\u00e2tre Val-de-Sambre","description":"Pour un espace d&#039;expression dans la r\u00e9gion Val-de-Sambre","publisher":{"@id":"https:\/\/lateliertheatre-valdesambre.fr\/#organization"},"potentialAction":[{"@type":"SearchAction","target":{"@type":"EntryPoint","urlTemplate":"https:\/\/lateliertheatre-valdesambre.fr\/?s={search_term_string}"},"query-input":{"@type":"PropertyValueSpecification","valueRequired":true,"valueName":"search_term_string"}}],"inLanguage":"fr-FR"},{"@type":"Organization","@id":"https:\/\/lateliertheatre-valdesambre.fr\/#organization","name":"Atelier Th\u00e9\u00e2tre Val-de-Sambre","url":"https:\/\/lateliertheatre-valdesambre.fr\/","logo":{"@type":"ImageObject","inLanguage":"fr-FR","@id":"https:\/\/lateliertheatre-valdesambre.fr\/#\/schema\/logo\/image\/","url":"https:\/\/lateliertheatre-valdesambre.fr\/wp-content\/uploads\/2023\/12\/paroles-val-de-sambre.jpg","contentUrl":"https:\/\/lateliertheatre-valdesambre.fr\/wp-content\/uploads\/2023\/12\/paroles-val-de-sambre.jpg","width":510,"height":112,"caption":"Atelier Th\u00e9\u00e2tre Val-de-Sambre"},"image":{"@id":"https:\/\/lateliertheatre-valdesambre.fr\/#\/schema\/logo\/image\/"}}]}},"_links":{"self":[{"href":"https:\/\/lateliertheatre-valdesambre.fr\/index.php\/wp-json\/wp\/v2\/pages\/117","targetHints":{"allow":["GET"]}}],"collection":[{"href":"https:\/\/lateliertheatre-valdesambre.fr\/index.php\/wp-json\/wp\/v2\/pages"}],"about":[{"href":"https:\/\/lateliertheatre-valdesambre.fr\/index.php\/wp-json\/wp\/v2\/types\/page"}],"author":[{"embeddable":true,"href":"https:\/\/lateliertheatre-valdesambre.fr\/index.php\/wp-json\/wp\/v2\/users\/1"}],"replies":[{"embeddable":true,"href":"https:\/\/lateliertheatre-valdesambre.fr\/index.php\/wp-json\/wp\/v2\/comments?post=117"}],"version-history":[{"count":3,"href":"https:\/\/lateliertheatre-valdesambre.fr\/index.php\/wp-json\/wp\/v2\/pages\/117\/revisions"}],"predecessor-version":[{"id":364,"href":"https:\/\/lateliertheatre-valdesambre.fr\/index.php\/wp-json\/wp\/v2\/pages\/117\/revisions\/364"}],"wp:attachment":[{"href":"https:\/\/lateliertheatre-valdesambre.fr\/index.php\/wp-json\/wp\/v2\/media?parent=117"}],"curies":[{"name":"wp","href":"https:\/\/api.w.org\/{rel}","templated":true}]}}