{"id":153,"date":"2023-12-19T18:06:08","date_gmt":"2023-12-19T17:06:08","guid":{"rendered":"https:\/\/lateliertheatre-valdesambre.fr\/?page_id=153"},"modified":"2024-01-14T19:15:04","modified_gmt":"2024-01-14T18:15:04","slug":"les-garcons-joueront-au-football-et-les-filles-seront-majorettes","status":"publish","type":"page","link":"https:\/\/lateliertheatre-valdesambre.fr\/index.php\/les-garcons-joueront-au-football-et-les-filles-seront-majorettes\/","title":{"rendered":"Les gar\u00e7ons joueront au football et les filles seront majorettes\u2026"},"content":{"rendered":"<h1 style=\"text-align: center;\"><span style=\"font-size: 18pt;\"><strong><span style=\"color: #000080;\">Les gar\u00e7ons joueront au football<br \/>\net les filles seront majorettes\u2026<\/span><\/strong><\/span><\/h1>\n<h3><em>( un <strong>t\u00e9moignage de Marguerite, une habitante de Sous-le-Bois<\/strong> )<\/em><\/h3>\n<p style=\"text-align: justify;\">\u00c1 la maison, j\u2019avais trois fr\u00e8res. Dans ma rue, pas de filles, que des gar\u00e7ons\u2026 Donc pour moi, normal, je ne m\u2019amusais qu\u2019\u00e0 des jeux de gar\u00e7ons\u00a0!<\/p>\n<p style=\"text-align: justify;\">On allait jouer dans les p\u00e2tures aux cow-boys et aux indiens. On allait aussi \u00e0 la maraude aux pommes. Mes fr\u00e8res m\u2019apprenaient \u00e0 tirer \u00e0 la fronde. Maman me disait souvent que c\u2019\u00e9tait dangereux et que, la maraude comme la fronde, ce n\u2019\u00e9tait pas des jeux pour les petites filles. Mais je n\u2019y prenais pas garde, je le faisais quand m\u00eame. Je n\u2019avais peur de rien. J\u2019ai gard\u00e9 quelques cicatrices de cette p\u00e9riode car il fallait passer des barbel\u00e9s.<\/p>\n<p style=\"text-align: justify;\"><img loading=\"lazy\" decoding=\"async\" class=\"size-full wp-image-154 alignright\" src=\"https:\/\/lateliertheatre-valdesambre.fr\/wp-content\/uploads\/2023\/12\/fille-foot.jpg\" alt=\"\" width=\"232\" height=\"273\" \/><br \/>\nR\u00e9guli\u00e8rement aussi, les gar\u00e7ons venaient me chercher pour jouer au foot. Comme mes fr\u00e8res avaient \u00e9t\u00e9 inscrits au club du coin, j\u2019ai demand\u00e9 \u00e0 ma m\u00e8re de m\u2019y inscrire \u00e9galement. Elle m\u2019a r\u00e9pondu que le foot, ce n\u2019\u00e9tait pas un sport pour moi\u2026 Pas un sport de fille\u00a0!<\/p>\n<p style=\"text-align: justify;\">Maman aurait pr\u00e9f\u00e9r\u00e9 que je sois majorette. C\u2019\u00e9tait dans les ann\u00e9es 67-68.<\/p>\n<p style=\"text-align: justify;\">J\u2019ai eu des poup\u00e9es. Elles sont rest\u00e9es belles tr\u00e8s longtemps\u2026 Je ne m\u2019amusais pas avec elles ou si peu, juste pour faire plaisir \u00e0 ma m\u00e8re, je pense. A l\u2019\u00e2ge o\u00f9 mes petites camarades jouaient \u00e0 la poup\u00e9e ou \u00e0 la dinette, moi, je pr\u00e9f\u00e9rais taper dans un ballon. A l\u2019\u00e9cole, pendant la r\u00e9cr\u00e9ation, les filles jouaient plut\u00f4t \u00e0 la marelle ou faisaient du lendit. Moi, je pr\u00e9f\u00e9rais m\u2019amuser aux osselets comme les gar\u00e7ons.<\/p>\n<p><strong>Marguerite<\/strong>, <em>54 ans, Sous-le-Bois<\/em>.<\/p>\n<p style=\"text-align: justify;\">Le lendit \u00e9tait un ensemble de mouvements de gymnastique pratiqu\u00e9s dans le cadre scolaire et tr\u00e8s en vogue dans les ann\u00e9es 60, surtout pour les filles.<\/p>\n","protected":false},"excerpt":{"rendered":"<p>Les gar\u00e7ons joueront au football et les filles seront majorettes\u2026 ( un t\u00e9moignage de Marguerite, une habitante de Sous-le-Bois ) \u00c1 la maison, j\u2019avais trois fr\u00e8res. Dans ma rue, pas de filles, que des gar\u00e7ons\u2026 Donc pour moi, normal, je &hellip; <a href=\"https:\/\/lateliertheatre-valdesambre.fr\/index.php\/les-garcons-joueront-au-football-et-les-filles-seront-majorettes\/\">Continuer la lecture <span class=\"meta-nav\">&rarr;<\/span><\/a><\/p>\n","protected":false},"author":1,"featured_media":0,"parent":0,"menu_order":0,"comment_status":"closed","ping_status":"closed","template":"","meta":{"footnotes":""},"class_list":["post-153","page","type-page","status-publish","hentry"],"yoast_head":"<!-- This site is optimized with the Yoast SEO plugin v27.6 - https:\/\/yoast.com\/product\/yoast-seo-wordpress\/ -->\n<title>Les gar\u00e7ons joueront au football et les filles seront majorettes\u2026 - Atelier Th\u00e9\u00e2tre Val-de-Sambre<\/title>\n<meta name=\"robots\" content=\"index, follow, max-snippet:-1, max-image-preview:large, max-video-preview:-1\" \/>\n<link rel=\"canonical\" href=\"https:\/\/lateliertheatre-valdesambre.fr\/index.php\/les-garcons-joueront-au-football-et-les-filles-seront-majorettes\/\" \/>\n<meta property=\"og:locale\" content=\"fr_FR\" \/>\n<meta property=\"og:type\" content=\"article\" \/>\n<meta property=\"og:title\" content=\"Les gar\u00e7ons joueront au football et les filles seront majorettes\u2026 - Atelier Th\u00e9\u00e2tre Val-de-Sambre\" \/>\n<meta property=\"og:description\" content=\"Les gar\u00e7ons joueront au football et les filles seront majorettes\u2026 ( un t\u00e9moignage de Marguerite, une habitante de Sous-le-Bois ) \u00c1 la maison, j\u2019avais trois fr\u00e8res. Dans ma rue, pas de filles, que des gar\u00e7ons\u2026 Donc pour moi, normal, je &hellip; Continuer la lecture &rarr;\" \/>\n<meta property=\"og:url\" content=\"https:\/\/lateliertheatre-valdesambre.fr\/index.php\/les-garcons-joueront-au-football-et-les-filles-seront-majorettes\/\" \/>\n<meta property=\"og:site_name\" content=\"Atelier Th\u00e9\u00e2tre Val-de-Sambre\" \/>\n<meta property=\"article:modified_time\" content=\"2024-01-14T18:15:04+00:00\" \/>\n<meta property=\"og:image\" content=\"https:\/\/lateliertheatre-valdesambre.fr\/wp-content\/uploads\/2023\/12\/fille-foot.jpg\" \/>\n<meta name=\"twitter:card\" content=\"summary_large_image\" \/>\n<meta name=\"twitter:label1\" content=\"Dur\u00e9e de lecture estim\u00e9e\" \/>\n\t<meta name=\"twitter:data1\" content=\"2 minutes\" \/>\n<script type=\"application\/ld+json\" class=\"yoast-schema-graph\">{\"@context\":\"https:\\\/\\\/schema.org\",\"@graph\":[{\"@type\":\"WebPage\",\"@id\":\"https:\\\/\\\/lateliertheatre-valdesambre.fr\\\/index.php\\\/les-garcons-joueront-au-football-et-les-filles-seront-majorettes\\\/\",\"url\":\"https:\\\/\\\/lateliertheatre-valdesambre.fr\\\/index.php\\\/les-garcons-joueront-au-football-et-les-filles-seront-majorettes\\\/\",\"name\":\"Les gar\u00e7ons joueront au football et les filles seront majorettes\u2026 - Atelier Th\u00e9\u00e2tre Val-de-Sambre\",\"isPartOf\":{\"@id\":\"https:\\\/\\\/lateliertheatre-valdesambre.fr\\\/#website\"},\"primaryImageOfPage\":{\"@id\":\"https:\\\/\\\/lateliertheatre-valdesambre.fr\\\/index.php\\\/les-garcons-joueront-au-football-et-les-filles-seront-majorettes\\\/#primaryimage\"},\"image\":{\"@id\":\"https:\\\/\\\/lateliertheatre-valdesambre.fr\\\/index.php\\\/les-garcons-joueront-au-football-et-les-filles-seront-majorettes\\\/#primaryimage\"},\"thumbnailUrl\":\"https:\\\/\\\/lateliertheatre-valdesambre.fr\\\/wp-content\\\/uploads\\\/2023\\\/12\\\/fille-foot.jpg\",\"datePublished\":\"2023-12-19T17:06:08+00:00\",\"dateModified\":\"2024-01-14T18:15:04+00:00\",\"breadcrumb\":{\"@id\":\"https:\\\/\\\/lateliertheatre-valdesambre.fr\\\/index.php\\\/les-garcons-joueront-au-football-et-les-filles-seront-majorettes\\\/#breadcrumb\"},\"inLanguage\":\"fr-FR\",\"potentialAction\":[{\"@type\":\"ReadAction\",\"target\":[\"https:\\\/\\\/lateliertheatre-valdesambre.fr\\\/index.php\\\/les-garcons-joueront-au-football-et-les-filles-seront-majorettes\\\/\"]}]},{\"@type\":\"ImageObject\",\"inLanguage\":\"fr-FR\",\"@id\":\"https:\\\/\\\/lateliertheatre-valdesambre.fr\\\/index.php\\\/les-garcons-joueront-au-football-et-les-filles-seront-majorettes\\\/#primaryimage\",\"url\":\"https:\\\/\\\/lateliertheatre-valdesambre.fr\\\/wp-content\\\/uploads\\\/2023\\\/12\\\/fille-foot.jpg\",\"contentUrl\":\"https:\\\/\\\/lateliertheatre-valdesambre.fr\\\/wp-content\\\/uploads\\\/2023\\\/12\\\/fille-foot.jpg\",\"width\":232,\"height\":273},{\"@type\":\"BreadcrumbList\",\"@id\":\"https:\\\/\\\/lateliertheatre-valdesambre.fr\\\/index.php\\\/les-garcons-joueront-au-football-et-les-filles-seront-majorettes\\\/#breadcrumb\",\"itemListElement\":[{\"@type\":\"ListItem\",\"position\":1,\"name\":\"Accueil\",\"item\":\"https:\\\/\\\/lateliertheatre-valdesambre.fr\\\/\"},{\"@type\":\"ListItem\",\"position\":2,\"name\":\"Les gar\u00e7ons joueront au football et les filles seront majorettes\u2026\"}]},{\"@type\":\"WebSite\",\"@id\":\"https:\\\/\\\/lateliertheatre-valdesambre.fr\\\/#website\",\"url\":\"https:\\\/\\\/lateliertheatre-valdesambre.fr\\\/\",\"name\":\"Atelier Th\u00e9\u00e2tre Val-de-Sambre\",\"description\":\"Pour un espace d&#039;expression dans la r\u00e9gion Val-de-Sambre\",\"publisher\":{\"@id\":\"https:\\\/\\\/lateliertheatre-valdesambre.fr\\\/#organization\"},\"potentialAction\":[{\"@type\":\"SearchAction\",\"target\":{\"@type\":\"EntryPoint\",\"urlTemplate\":\"https:\\\/\\\/lateliertheatre-valdesambre.fr\\\/?s={search_term_string}\"},\"query-input\":{\"@type\":\"PropertyValueSpecification\",\"valueRequired\":true,\"valueName\":\"search_term_string\"}}],\"inLanguage\":\"fr-FR\"},{\"@type\":\"Organization\",\"@id\":\"https:\\\/\\\/lateliertheatre-valdesambre.fr\\\/#organization\",\"name\":\"Atelier Th\u00e9\u00e2tre Val-de-Sambre\",\"url\":\"https:\\\/\\\/lateliertheatre-valdesambre.fr\\\/\",\"logo\":{\"@type\":\"ImageObject\",\"inLanguage\":\"fr-FR\",\"@id\":\"https:\\\/\\\/lateliertheatre-valdesambre.fr\\\/#\\\/schema\\\/logo\\\/image\\\/\",\"url\":\"https:\\\/\\\/lateliertheatre-valdesambre.fr\\\/wp-content\\\/uploads\\\/2023\\\/12\\\/paroles-val-de-sambre.jpg\",\"contentUrl\":\"https:\\\/\\\/lateliertheatre-valdesambre.fr\\\/wp-content\\\/uploads\\\/2023\\\/12\\\/paroles-val-de-sambre.jpg\",\"width\":510,\"height\":112,\"caption\":\"Atelier Th\u00e9\u00e2tre Val-de-Sambre\"},\"image\":{\"@id\":\"https:\\\/\\\/lateliertheatre-valdesambre.fr\\\/#\\\/schema\\\/logo\\\/image\\\/\"}}]}<\/script>\n<!-- \/ Yoast SEO plugin. -->","yoast_head_json":{"title":"Les gar\u00e7ons joueront au football et les filles seront majorettes\u2026 - Atelier Th\u00e9\u00e2tre Val-de-Sambre","robots":{"index":"index","follow":"follow","max-snippet":"max-snippet:-1","max-image-preview":"max-image-preview:large","max-video-preview":"max-video-preview:-1"},"canonical":"https:\/\/lateliertheatre-valdesambre.fr\/index.php\/les-garcons-joueront-au-football-et-les-filles-seront-majorettes\/","og_locale":"fr_FR","og_type":"article","og_title":"Les gar\u00e7ons joueront au football et les filles seront majorettes\u2026 - Atelier Th\u00e9\u00e2tre Val-de-Sambre","og_description":"Les gar\u00e7ons joueront au football et les filles seront majorettes\u2026 ( un t\u00e9moignage de Marguerite, une habitante de Sous-le-Bois ) \u00c1 la maison, j\u2019avais trois fr\u00e8res. Dans ma rue, pas de filles, que des gar\u00e7ons\u2026 Donc pour moi, normal, je &hellip; Continuer la lecture &rarr;","og_url":"https:\/\/lateliertheatre-valdesambre.fr\/index.php\/les-garcons-joueront-au-football-et-les-filles-seront-majorettes\/","og_site_name":"Atelier Th\u00e9\u00e2tre Val-de-Sambre","article_modified_time":"2024-01-14T18:15:04+00:00","og_image":[{"url":"https:\/\/lateliertheatre-valdesambre.fr\/wp-content\/uploads\/2023\/12\/fille-foot.jpg","type":"","width":"","height":""}],"twitter_card":"summary_large_image","twitter_misc":{"Dur\u00e9e de lecture estim\u00e9e":"2 minutes"},"schema":{"@context":"https:\/\/schema.org","@graph":[{"@type":"WebPage","@id":"https:\/\/lateliertheatre-valdesambre.fr\/index.php\/les-garcons-joueront-au-football-et-les-filles-seront-majorettes\/","url":"https:\/\/lateliertheatre-valdesambre.fr\/index.php\/les-garcons-joueront-au-football-et-les-filles-seront-majorettes\/","name":"Les gar\u00e7ons joueront au football et les filles seront majorettes\u2026 - Atelier Th\u00e9\u00e2tre Val-de-Sambre","isPartOf":{"@id":"https:\/\/lateliertheatre-valdesambre.fr\/#website"},"primaryImageOfPage":{"@id":"https:\/\/lateliertheatre-valdesambre.fr\/index.php\/les-garcons-joueront-au-football-et-les-filles-seront-majorettes\/#primaryimage"},"image":{"@id":"https:\/\/lateliertheatre-valdesambre.fr\/index.php\/les-garcons-joueront-au-football-et-les-filles-seront-majorettes\/#primaryimage"},"thumbnailUrl":"https:\/\/lateliertheatre-valdesambre.fr\/wp-content\/uploads\/2023\/12\/fille-foot.jpg","datePublished":"2023-12-19T17:06:08+00:00","dateModified":"2024-01-14T18:15:04+00:00","breadcrumb":{"@id":"https:\/\/lateliertheatre-valdesambre.fr\/index.php\/les-garcons-joueront-au-football-et-les-filles-seront-majorettes\/#breadcrumb"},"inLanguage":"fr-FR","potentialAction":[{"@type":"ReadAction","target":["https:\/\/lateliertheatre-valdesambre.fr\/index.php\/les-garcons-joueront-au-football-et-les-filles-seront-majorettes\/"]}]},{"@type":"ImageObject","inLanguage":"fr-FR","@id":"https:\/\/lateliertheatre-valdesambre.fr\/index.php\/les-garcons-joueront-au-football-et-les-filles-seront-majorettes\/#primaryimage","url":"https:\/\/lateliertheatre-valdesambre.fr\/wp-content\/uploads\/2023\/12\/fille-foot.jpg","contentUrl":"https:\/\/lateliertheatre-valdesambre.fr\/wp-content\/uploads\/2023\/12\/fille-foot.jpg","width":232,"height":273},{"@type":"BreadcrumbList","@id":"https:\/\/lateliertheatre-valdesambre.fr\/index.php\/les-garcons-joueront-au-football-et-les-filles-seront-majorettes\/#breadcrumb","itemListElement":[{"@type":"ListItem","position":1,"name":"Accueil","item":"https:\/\/lateliertheatre-valdesambre.fr\/"},{"@type":"ListItem","position":2,"name":"Les gar\u00e7ons joueront au football et les filles seront majorettes\u2026"}]},{"@type":"WebSite","@id":"https:\/\/lateliertheatre-valdesambre.fr\/#website","url":"https:\/\/lateliertheatre-valdesambre.fr\/","name":"Atelier Th\u00e9\u00e2tre Val-de-Sambre","description":"Pour un espace d&#039;expression dans la r\u00e9gion Val-de-Sambre","publisher":{"@id":"https:\/\/lateliertheatre-valdesambre.fr\/#organization"},"potentialAction":[{"@type":"SearchAction","target":{"@type":"EntryPoint","urlTemplate":"https:\/\/lateliertheatre-valdesambre.fr\/?s={search_term_string}"},"query-input":{"@type":"PropertyValueSpecification","valueRequired":true,"valueName":"search_term_string"}}],"inLanguage":"fr-FR"},{"@type":"Organization","@id":"https:\/\/lateliertheatre-valdesambre.fr\/#organization","name":"Atelier Th\u00e9\u00e2tre Val-de-Sambre","url":"https:\/\/lateliertheatre-valdesambre.fr\/","logo":{"@type":"ImageObject","inLanguage":"fr-FR","@id":"https:\/\/lateliertheatre-valdesambre.fr\/#\/schema\/logo\/image\/","url":"https:\/\/lateliertheatre-valdesambre.fr\/wp-content\/uploads\/2023\/12\/paroles-val-de-sambre.jpg","contentUrl":"https:\/\/lateliertheatre-valdesambre.fr\/wp-content\/uploads\/2023\/12\/paroles-val-de-sambre.jpg","width":510,"height":112,"caption":"Atelier Th\u00e9\u00e2tre Val-de-Sambre"},"image":{"@id":"https:\/\/lateliertheatre-valdesambre.fr\/#\/schema\/logo\/image\/"}}]}},"_links":{"self":[{"href":"https:\/\/lateliertheatre-valdesambre.fr\/index.php\/wp-json\/wp\/v2\/pages\/153","targetHints":{"allow":["GET"]}}],"collection":[{"href":"https:\/\/lateliertheatre-valdesambre.fr\/index.php\/wp-json\/wp\/v2\/pages"}],"about":[{"href":"https:\/\/lateliertheatre-valdesambre.fr\/index.php\/wp-json\/wp\/v2\/types\/page"}],"author":[{"embeddable":true,"href":"https:\/\/lateliertheatre-valdesambre.fr\/index.php\/wp-json\/wp\/v2\/users\/1"}],"replies":[{"embeddable":true,"href":"https:\/\/lateliertheatre-valdesambre.fr\/index.php\/wp-json\/wp\/v2\/comments?post=153"}],"version-history":[{"count":7,"href":"https:\/\/lateliertheatre-valdesambre.fr\/index.php\/wp-json\/wp\/v2\/pages\/153\/revisions"}],"predecessor-version":[{"id":216,"href":"https:\/\/lateliertheatre-valdesambre.fr\/index.php\/wp-json\/wp\/v2\/pages\/153\/revisions\/216"}],"wp:attachment":[{"href":"https:\/\/lateliertheatre-valdesambre.fr\/index.php\/wp-json\/wp\/v2\/media?parent=153"}],"curies":[{"name":"wp","href":"https:\/\/api.w.org\/{rel}","templated":true}]}}