{"id":172,"date":"2023-12-19T18:40:49","date_gmt":"2023-12-19T17:40:49","guid":{"rendered":"https:\/\/lateliertheatre-valdesambre.fr\/?page_id=172"},"modified":"2025-04-09T09:50:41","modified_gmt":"2025-04-09T07:50:41","slug":"la-farce-de-maitre-pathelin-le-spectacle","status":"publish","type":"page","link":"https:\/\/lateliertheatre-valdesambre.fr\/index.php\/la-farce-de-maitre-pathelin-le-spectacle\/","title":{"rendered":"La farce de Ma\u00eetre Pathelin (le spectacle)"},"content":{"rendered":"<h1 style=\"text-align: center;\"><span style=\"color: #000080;\">La farce de Ma\u00eetre Pathelin (le spectacle)<\/span><\/h1>\n<p style=\"text-align: justify;\">Cette farce d\u2019environ 1h30, joyau du th\u00e9\u00e2tre comique du Moyen \u00c2ge, a d\u00e9but\u00e9 son parcours au Centre Culturel Maurice Ravel d\u2019Hautmont le 23 mars 2018.<br \/>\nDeux repr\u00e9sentations ont \u00e9t\u00e9 donn\u00e9es, l\u2019une \u00e0 14h pour les scolaires et une autre en soir\u00e9e, ouverte \u00e0 tous, \u00e0 20h30. Cette pi\u00e8ce est soutenue par le minist\u00e8re de la Culture.<\/p>\n<ul>\n<li><a href=\"https:\/\/lateliertheatre-valdesambre.fr\/index.php\/la-farce-de-maitre-pathelin-historique-intrigue-contexte\/\" rel=\"noopener\"><em>Historique, intrigue, contexte de la farce de Ma\u00eetre Pathelin\u2026<\/em><\/a><\/li>\n<\/ul>\n<table style=\"border-collapse: collapse; width: 100%;\">\n<tbody>\n<tr>\n<td style=\"width: 50%;\"><img loading=\"lazy\" decoding=\"async\" class=\"size-medium wp-image-131\" src=\"https:\/\/lateliertheatre-valdesambre.fr\/wp-content\/uploads\/2023\/12\/maitre_pathelin_hautmont_2018-03-23a-300x231.jpg\" alt=\"\" width=\"300\" height=\"231\" srcset=\"https:\/\/lateliertheatre-valdesambre.fr\/wp-content\/uploads\/2023\/12\/maitre_pathelin_hautmont_2018-03-23a-300x231.jpg 300w, https:\/\/lateliertheatre-valdesambre.fr\/wp-content\/uploads\/2023\/12\/maitre_pathelin_hautmont_2018-03-23a.jpg 350w\" sizes=\"auto, (max-width: 300px) 100vw, 300px\" \/><\/td>\n<td style=\"width: 50%;\"><img loading=\"lazy\" decoding=\"async\" class=\"alignnone size-medium wp-image-132\" src=\"https:\/\/lateliertheatre-valdesambre.fr\/wp-content\/uploads\/2023\/12\/maitre_pathelin_hautmont_2018-03-23b-300x169.jpg\" alt=\"\" width=\"300\" height=\"169\" srcset=\"https:\/\/lateliertheatre-valdesambre.fr\/wp-content\/uploads\/2023\/12\/maitre_pathelin_hautmont_2018-03-23b-300x169.jpg 300w, https:\/\/lateliertheatre-valdesambre.fr\/wp-content\/uploads\/2023\/12\/maitre_pathelin_hautmont_2018-03-23b.jpg 350w\" sizes=\"auto, (max-width: 300px) 100vw, 300px\" \/><\/td>\n<\/tr>\n<tr>\n<td style=\"width: 50%;\"><img loading=\"lazy\" decoding=\"async\" class=\"size-medium wp-image-133\" src=\"https:\/\/lateliertheatre-valdesambre.fr\/wp-content\/uploads\/2023\/12\/maitre_pathelin_hautmont_2018-03-23c-300x222.jpg\" alt=\"\" width=\"300\" height=\"222\" srcset=\"https:\/\/lateliertheatre-valdesambre.fr\/wp-content\/uploads\/2023\/12\/maitre_pathelin_hautmont_2018-03-23c-300x222.jpg 300w, https:\/\/lateliertheatre-valdesambre.fr\/wp-content\/uploads\/2023\/12\/maitre_pathelin_hautmont_2018-03-23c.jpg 350w\" sizes=\"auto, (max-width: 300px) 100vw, 300px\" \/><\/td>\n<td style=\"width: 50%;\"><em>La farce de Ma\u00eetre Pathelin<br \/>\n<\/em> \u00e0 Hautmont (23 mars 2018)<\/td>\n<\/tr>\n<\/tbody>\n<\/table>\n<p style=\"text-align: justify; border: 1px solid black; padding: 10px;\">Au Moyen \u00c2ge, les farces, courtes pi\u00e8ces populaires \u00e0 l\u2019humour volontiers physique o\u00f9, habituellement, un personnage tente d\u2019en tromper un autre, \u00e9taient courantes. Elles se jouaient g\u00e9n\u00e9ralement en plein air, sur une place de march\u00e9 ou dans les foss\u00e9s de la ville lors des jours de foire, des f\u00eates locales ou d\u2019\u00e9v\u00e9nements politiques heureux. Elles parlent le plus souvent du petit peuple, des gens modestes tels que paysans, marchands, valets, servantes, soldats et artisans divers. Querelles de m\u00e9nage, adult\u00e8res, bons tours jou\u00e9s \u00e0 des na\u00effs sont les th\u00e8mes les plus souvent abord\u00e9s qui se terminent g\u00e9n\u00e9ralement par des coups de b\u00e2ton et des chutes carnavalesques et comiques.<br \/>\n<em><strong>La Voix du Nord<\/strong><\/em><\/p>\n<p><img loading=\"lazy\" decoding=\"async\" class=\"alignnone size-medium wp-image-136\" src=\"https:\/\/lateliertheatre-valdesambre.fr\/wp-content\/uploads\/2023\/12\/maitre_pathelin_article_la_sambre-300x219.jpg\" alt=\"\" width=\"300\" height=\"219\" srcset=\"https:\/\/lateliertheatre-valdesambre.fr\/wp-content\/uploads\/2023\/12\/maitre_pathelin_article_la_sambre-300x219.jpg 300w, https:\/\/lateliertheatre-valdesambre.fr\/wp-content\/uploads\/2023\/12\/maitre_pathelin_article_la_sambre-1024x747.jpg 1024w, https:\/\/lateliertheatre-valdesambre.fr\/wp-content\/uploads\/2023\/12\/maitre_pathelin_article_la_sambre-768x560.jpg 768w, https:\/\/lateliertheatre-valdesambre.fr\/wp-content\/uploads\/2023\/12\/maitre_pathelin_article_la_sambre.jpg 1200w\" sizes=\"auto, (max-width: 300px) 100vw, 300px\" \/><\/p>\n<p><strong>article dans \"<em>La Sambre<\/em>\" du 23 mars 2018<\/strong><br \/>\npr\u00e9sentant <em>La farce de Ma\u00eetre Pathelin<\/em><\/p>\n<hr \/>\n<p><img loading=\"lazy\" decoding=\"async\" class=\"alignnone size-medium wp-image-137\" src=\"https:\/\/lateliertheatre-valdesambre.fr\/wp-content\/uploads\/2023\/12\/maitre_pathelin_fourmies_2018-06-01a-300x200.jpg\" alt=\"\" width=\"300\" height=\"200\" srcset=\"https:\/\/lateliertheatre-valdesambre.fr\/wp-content\/uploads\/2023\/12\/maitre_pathelin_fourmies_2018-06-01a-300x200.jpg 300w, https:\/\/lateliertheatre-valdesambre.fr\/wp-content\/uploads\/2023\/12\/maitre_pathelin_fourmies_2018-06-01a.jpg 400w\" sizes=\"auto, (max-width: 300px) 100vw, 300px\" \/> <img loading=\"lazy\" decoding=\"async\" class=\"alignnone size-medium wp-image-138\" src=\"https:\/\/lateliertheatre-valdesambre.fr\/wp-content\/uploads\/2023\/12\/maitre_pathelin_fourmies_2018-06-01b-300x200.jpg\" alt=\"\" width=\"300\" height=\"200\" srcset=\"https:\/\/lateliertheatre-valdesambre.fr\/wp-content\/uploads\/2023\/12\/maitre_pathelin_fourmies_2018-06-01b-300x200.jpg 300w, https:\/\/lateliertheatre-valdesambre.fr\/wp-content\/uploads\/2023\/12\/maitre_pathelin_fourmies_2018-06-01b.jpg 400w\" sizes=\"auto, (max-width: 300px) 100vw, 300px\" \/> <img loading=\"lazy\" decoding=\"async\" class=\"alignnone size-medium wp-image-139\" src=\"https:\/\/lateliertheatre-valdesambre.fr\/wp-content\/uploads\/2023\/12\/maitre_pathelin_fourmies_2018-06-01c-300x256.jpg\" alt=\"\" width=\"300\" height=\"256\" srcset=\"https:\/\/lateliertheatre-valdesambre.fr\/wp-content\/uploads\/2023\/12\/maitre_pathelin_fourmies_2018-06-01c-300x256.jpg 300w, https:\/\/lateliertheatre-valdesambre.fr\/wp-content\/uploads\/2023\/12\/maitre_pathelin_fourmies_2018-06-01c.jpg 400w\" sizes=\"auto, (max-width: 300px) 100vw, 300px\" \/><br \/>\n<em><strong>La farce de Ma\u00eetre Pathelin<\/strong><\/em> \u00e0 Fourmies, 1<sup>er<\/sup> juin 2018\"<\/p>\n<hr \/>\n<table style=\"border-collapse: collapse; width: 100%;\">\n<tbody>\n<tr>\n<td style=\"width: 50%;\"><img loading=\"lazy\" decoding=\"async\" class=\"alignnone size-medium wp-image-140\" src=\"https:\/\/lateliertheatre-valdesambre.fr\/wp-content\/uploads\/2023\/12\/oh-mahuet-3-ferrieres-300x169.jpg\" alt=\"\" width=\"300\" height=\"169\" srcset=\"https:\/\/lateliertheatre-valdesambre.fr\/wp-content\/uploads\/2023\/12\/oh-mahuet-3-ferrieres-300x169.jpg 300w, https:\/\/lateliertheatre-valdesambre.fr\/wp-content\/uploads\/2023\/12\/oh-mahuet-3-ferrieres.jpg 512w\" sizes=\"auto, (max-width: 300px) 100vw, 300px\" \/><\/td>\n<td style=\"width: 50%;\"><em>Le badin qui se loue<\/em>, une des 5 farces de notre pr\u00e9c\u00e9dent spectacle \"<em>Oh ! Mahuet !<\/em>\"<br \/>\n<strong><br \/>\nFerri\u00e8res<\/strong>, le 25 octobre 2013<\/td>\n<\/tr>\n<\/tbody>\n<\/table>\n<hr \/>\n<p style=\"text-align: justify; border: 1px solid black; padding: 10px;\"><em>Une prestation artistique appr\u00e9ci\u00e9e de tous les spectateurs, grands et petits.<br \/>\nUn spectacle divertissant \u00e0 souhait et demandant un bel effort physique \u00e0 certains de ses acteurs. <\/em><strong><em>Mag, Hautmont<\/em><\/strong><\/p>\n<h2><span style=\"color: #000080;\">Les farces du Moyen \u00c2ge remises au go\u00fbt du jour<\/span><\/h2>\n<p style=\"text-align: justify;\">Patrick Maruta, \u00a0metteur en sc\u00e8ne professionnel et parisien, est all\u00e9 d\u00e9goter un mat\u00e9riau tr\u00e8s ancien : des farces, datant du Moyen \u00c2ge. \"<em>Il en reste tr\u00e8s peu aujourd\u2019hui<\/em>, \u00e9claire celui qui dirige les com\u00e9diens de la compagnie L\u2019Atelier Th\u00e9\u00e2tre. <em>Elles viennent principalement de quatre manuscrits anciens.<\/em>\"<\/p>\n<p style=\"text-align: justify;\">La farce, comme son nom l\u2019indique parfaitement, a vocation \u00e0 faire rire gr\u00e2ce \u00e0 des chutes, des gags et des intrigues un brin moqueuses. \"<em>Moli\u00e8re n\u2019a rien invent\u00e9<\/em>, ajoute Patrick Maruta. <em>Les coups de b\u00e2ton que l\u2019on trouve dans ses pi\u00e8ces existaient d\u00e9j\u00e0 au Moyen \u00c2ge.<\/em>\" Les textes restaient anonymes et \u00e9taient transform\u00e9s par les com\u00e9diens qui les pr\u00e9sentaient sur la place d\u2019un march\u00e9 ou dans une cour d\u2019h\u00f4tel.<\/p>\n<p><strong><em>La Voix du Nord, Maubeuge<\/em><\/strong><\/p>\n<p><img loading=\"lazy\" decoding=\"async\" class=\"alignnone wp-image-141\" src=\"https:\/\/lateliertheatre-valdesambre.fr\/wp-content\/uploads\/2023\/12\/oh-mahuet-4-hautmont-300x113.jpg\" alt=\"\" width=\"507\" height=\"191\" srcset=\"https:\/\/lateliertheatre-valdesambre.fr\/wp-content\/uploads\/2023\/12\/oh-mahuet-4-hautmont-300x113.jpg 300w, https:\/\/lateliertheatre-valdesambre.fr\/wp-content\/uploads\/2023\/12\/oh-mahuet-4-hautmont.jpg 416w\" sizes=\"auto, (max-width: 507px) 100vw, 507px\" \/><\/p>\n<p style=\"text-align: left;\" align=\"center\"><strong>La troupe de l\u2019Atelier Th\u00e9\u00e2tre \/ Tous en sc\u00e8ne<\/strong><\/p>\n<p>43-la-farce-de-maitre-pathelin-historique-intrigue-contexte.html\"&gt;Historique, intrigue, contexte\u2026<br \/>\n<img loading=\"lazy\" decoding=\"async\" class=\"alignnone size-medium wp-image-147\" src=\"https:\/\/lateliertheatre-valdesambre.fr\/wp-content\/uploads\/2023\/12\/maison_de_pathelin-300x168.jpg\" alt=\"\" width=\"300\" height=\"168\" srcset=\"https:\/\/lateliertheatre-valdesambre.fr\/wp-content\/uploads\/2023\/12\/maison_de_pathelin-300x168.jpg 300w, https:\/\/lateliertheatre-valdesambre.fr\/wp-content\/uploads\/2023\/12\/maison_de_pathelin.jpg 515w\" sizes=\"auto, (max-width: 300px) 100vw, 300px\" \/><\/p>\n<p>Ce spectacle est \u00e0 disposition de toute mairie, salle de spectacle, organisme<br \/>\nou association qui d\u00e9sirerait le pr\u00e9senter.<br \/>\nTarifs sur demande.Vous \u00eates int\u00e9ress\u00e9s par notre spectacle<br \/>\n(<span id=\"cloak838d89b5ac0515d8004336d2b523b87e\"><a href=\"mailto:contact@lateliertheatre-valdesambre.fr?subject=Contact%20spectacle%20%3A%20Un%20homme%2C%20une%20femme\"><strong>laissez-nous un message<\/strong><\/a><\/span>)<\/p>\n<hr \/>\n<p style=\"text-align: justify;\"><em>Apr\u00e8s avoir obtenu un franc succ\u00e8s au Centre Culturel d\u2019Hautmont le 28 mars 2018, pour sa toute premi\u00e8re repr\u00e9sentation, La farce de Ma\u00eetre Pathelin a continu\u00e9 son parcours dans la r\u00e9gion. En juin 2018, la pi\u00e8ce s\u2019est jou\u00e9e \u00e0 Fourmies et Berlaimont et de nouveaux spectacles ont \u00e9t\u00e9 programm\u00e9s \u00e0 la rentr\u00e9e.<\/em><\/p>\n<p style=\"text-align: justify;\"><em>La farce de Ma\u00eetre Pathelin est le chef d\u2019\u0153uvre du th\u00e9\u00e2tre comique du Moyen \u00c2ge, un th\u00e9\u00e2tre qui est n\u00e9 en Picardie (La Picardie regroupait alors les d\u00e9partements actuels de la Somme, du Nord, du Pas-de-Calais, de l\u2019Aisne et une partie du Hainaut belge).<\/em><\/p>\n<p style=\"text-align: justify;\"><em>Qui n\u2019a jamais lanc\u00e9 la phrase \"Revenons \u00e0 nos moutons\" ?\u2026 Et qui sait que cette phrase sort directement de La farce de Ma\u00eetre Pathelin et qu\u2019elle a travers\u00e9 les si\u00e8cles en se r\u00e9p\u00e9tant de g\u00e9n\u00e9rations en g\u00e9n\u00e9rations depuis plus de 500 ans ? Pi\u00e8ce structur\u00e9e et aboutie, moderne quant \u00e0 sa conception, elle diff\u00e8re de toutes les autres farces de l\u2019\u00e9poque.\u00a0<\/em>Patrick Maruta<\/p>\n<p>&nbsp;<\/p>\n<p><img loading=\"lazy\" decoding=\"async\" class=\"alignnone size-full wp-image-124\" src=\"https:\/\/lateliertheatre-valdesambre.fr\/wp-content\/uploads\/2023\/12\/logo-culture.jpg\" alt=\"\" width=\"100\" height=\"112\" \/><\/p>\n","protected":false},"excerpt":{"rendered":"<p>La farce de Ma\u00eetre Pathelin (le spectacle) Cette farce d\u2019environ 1h30, joyau du th\u00e9\u00e2tre comique du Moyen \u00c2ge, a d\u00e9but\u00e9 son parcours au Centre Culturel Maurice Ravel d\u2019Hautmont le 23 mars 2018. Deux repr\u00e9sentations ont \u00e9t\u00e9 donn\u00e9es, l\u2019une \u00e0 14h &hellip; <a href=\"https:\/\/lateliertheatre-valdesambre.fr\/index.php\/la-farce-de-maitre-pathelin-le-spectacle\/\">Continuer la lecture <span class=\"meta-nav\">&rarr;<\/span><\/a><\/p>\n","protected":false},"author":1,"featured_media":0,"parent":0,"menu_order":0,"comment_status":"closed","ping_status":"closed","template":"","meta":{"footnotes":""},"class_list":["post-172","page","type-page","status-publish","hentry"],"yoast_head":"<!-- This site is optimized with the Yoast SEO plugin v27.6 - https:\/\/yoast.com\/product\/yoast-seo-wordpress\/ -->\n<title>La farce de Ma\u00eetre Pathelin (le spectacle) - Atelier Th\u00e9\u00e2tre Val-de-Sambre<\/title>\n<meta name=\"robots\" content=\"index, follow, max-snippet:-1, max-image-preview:large, max-video-preview:-1\" \/>\n<link rel=\"canonical\" href=\"https:\/\/lateliertheatre-valdesambre.fr\/index.php\/la-farce-de-maitre-pathelin-le-spectacle\/\" \/>\n<meta property=\"og:locale\" content=\"fr_FR\" \/>\n<meta property=\"og:type\" content=\"article\" \/>\n<meta property=\"og:title\" content=\"La farce de Ma\u00eetre Pathelin (le spectacle) - Atelier Th\u00e9\u00e2tre Val-de-Sambre\" \/>\n<meta property=\"og:description\" content=\"La farce de Ma\u00eetre Pathelin (le spectacle) Cette farce d\u2019environ 1h30, joyau du th\u00e9\u00e2tre comique du Moyen \u00c2ge, a d\u00e9but\u00e9 son parcours au Centre Culturel Maurice Ravel d\u2019Hautmont le 23 mars 2018. Deux repr\u00e9sentations ont \u00e9t\u00e9 donn\u00e9es, l\u2019une \u00e0 14h &hellip; Continuer la lecture &rarr;\" \/>\n<meta property=\"og:url\" content=\"https:\/\/lateliertheatre-valdesambre.fr\/index.php\/la-farce-de-maitre-pathelin-le-spectacle\/\" \/>\n<meta property=\"og:site_name\" content=\"Atelier Th\u00e9\u00e2tre Val-de-Sambre\" \/>\n<meta property=\"article:modified_time\" content=\"2025-04-09T07:50:41+00:00\" \/>\n<meta property=\"og:image\" content=\"https:\/\/lateliertheatre-valdesambre.fr\/wp-content\/uploads\/2023\/12\/maitre_pathelin_hautmont_2018-03-23a.jpg\" \/>\n\t<meta property=\"og:image:width\" content=\"350\" \/>\n\t<meta property=\"og:image:height\" content=\"269\" \/>\n\t<meta property=\"og:image:type\" content=\"image\/jpeg\" \/>\n<meta name=\"twitter:card\" content=\"summary_large_image\" \/>\n<meta name=\"twitter:label1\" content=\"Dur\u00e9e de lecture estim\u00e9e\" \/>\n\t<meta name=\"twitter:data1\" content=\"6 minutes\" \/>\n<script type=\"application\/ld+json\" class=\"yoast-schema-graph\">{\"@context\":\"https:\\\/\\\/schema.org\",\"@graph\":[{\"@type\":\"WebPage\",\"@id\":\"https:\\\/\\\/lateliertheatre-valdesambre.fr\\\/index.php\\\/la-farce-de-maitre-pathelin-le-spectacle\\\/\",\"url\":\"https:\\\/\\\/lateliertheatre-valdesambre.fr\\\/index.php\\\/la-farce-de-maitre-pathelin-le-spectacle\\\/\",\"name\":\"La farce de Ma\u00eetre Pathelin (le spectacle) - Atelier Th\u00e9\u00e2tre Val-de-Sambre\",\"isPartOf\":{\"@id\":\"https:\\\/\\\/lateliertheatre-valdesambre.fr\\\/#website\"},\"primaryImageOfPage\":{\"@id\":\"https:\\\/\\\/lateliertheatre-valdesambre.fr\\\/index.php\\\/la-farce-de-maitre-pathelin-le-spectacle\\\/#primaryimage\"},\"image\":{\"@id\":\"https:\\\/\\\/lateliertheatre-valdesambre.fr\\\/index.php\\\/la-farce-de-maitre-pathelin-le-spectacle\\\/#primaryimage\"},\"thumbnailUrl\":\"https:\\\/\\\/lateliertheatre-valdesambre.fr\\\/wp-content\\\/uploads\\\/2023\\\/12\\\/maitre_pathelin_hautmont_2018-03-23a-300x231.jpg\",\"datePublished\":\"2023-12-19T17:40:49+00:00\",\"dateModified\":\"2025-04-09T07:50:41+00:00\",\"breadcrumb\":{\"@id\":\"https:\\\/\\\/lateliertheatre-valdesambre.fr\\\/index.php\\\/la-farce-de-maitre-pathelin-le-spectacle\\\/#breadcrumb\"},\"inLanguage\":\"fr-FR\",\"potentialAction\":[{\"@type\":\"ReadAction\",\"target\":[\"https:\\\/\\\/lateliertheatre-valdesambre.fr\\\/index.php\\\/la-farce-de-maitre-pathelin-le-spectacle\\\/\"]}]},{\"@type\":\"ImageObject\",\"inLanguage\":\"fr-FR\",\"@id\":\"https:\\\/\\\/lateliertheatre-valdesambre.fr\\\/index.php\\\/la-farce-de-maitre-pathelin-le-spectacle\\\/#primaryimage\",\"url\":\"https:\\\/\\\/lateliertheatre-valdesambre.fr\\\/wp-content\\\/uploads\\\/2023\\\/12\\\/maitre_pathelin_hautmont_2018-03-23a.jpg\",\"contentUrl\":\"https:\\\/\\\/lateliertheatre-valdesambre.fr\\\/wp-content\\\/uploads\\\/2023\\\/12\\\/maitre_pathelin_hautmont_2018-03-23a.jpg\",\"width\":350,\"height\":269,\"caption\":\"OLYMPUS DIGITAL CAMERA\"},{\"@type\":\"BreadcrumbList\",\"@id\":\"https:\\\/\\\/lateliertheatre-valdesambre.fr\\\/index.php\\\/la-farce-de-maitre-pathelin-le-spectacle\\\/#breadcrumb\",\"itemListElement\":[{\"@type\":\"ListItem\",\"position\":1,\"name\":\"Accueil\",\"item\":\"https:\\\/\\\/lateliertheatre-valdesambre.fr\\\/\"},{\"@type\":\"ListItem\",\"position\":2,\"name\":\"La farce de Ma\u00eetre Pathelin (le spectacle)\"}]},{\"@type\":\"WebSite\",\"@id\":\"https:\\\/\\\/lateliertheatre-valdesambre.fr\\\/#website\",\"url\":\"https:\\\/\\\/lateliertheatre-valdesambre.fr\\\/\",\"name\":\"Atelier Th\u00e9\u00e2tre Val-de-Sambre\",\"description\":\"Pour un espace d&#039;expression dans la r\u00e9gion Val-de-Sambre\",\"publisher\":{\"@id\":\"https:\\\/\\\/lateliertheatre-valdesambre.fr\\\/#organization\"},\"potentialAction\":[{\"@type\":\"SearchAction\",\"target\":{\"@type\":\"EntryPoint\",\"urlTemplate\":\"https:\\\/\\\/lateliertheatre-valdesambre.fr\\\/?s={search_term_string}\"},\"query-input\":{\"@type\":\"PropertyValueSpecification\",\"valueRequired\":true,\"valueName\":\"search_term_string\"}}],\"inLanguage\":\"fr-FR\"},{\"@type\":\"Organization\",\"@id\":\"https:\\\/\\\/lateliertheatre-valdesambre.fr\\\/#organization\",\"name\":\"Atelier Th\u00e9\u00e2tre Val-de-Sambre\",\"url\":\"https:\\\/\\\/lateliertheatre-valdesambre.fr\\\/\",\"logo\":{\"@type\":\"ImageObject\",\"inLanguage\":\"fr-FR\",\"@id\":\"https:\\\/\\\/lateliertheatre-valdesambre.fr\\\/#\\\/schema\\\/logo\\\/image\\\/\",\"url\":\"https:\\\/\\\/lateliertheatre-valdesambre.fr\\\/wp-content\\\/uploads\\\/2023\\\/12\\\/paroles-val-de-sambre.jpg\",\"contentUrl\":\"https:\\\/\\\/lateliertheatre-valdesambre.fr\\\/wp-content\\\/uploads\\\/2023\\\/12\\\/paroles-val-de-sambre.jpg\",\"width\":510,\"height\":112,\"caption\":\"Atelier Th\u00e9\u00e2tre Val-de-Sambre\"},\"image\":{\"@id\":\"https:\\\/\\\/lateliertheatre-valdesambre.fr\\\/#\\\/schema\\\/logo\\\/image\\\/\"}}]}<\/script>\n<!-- \/ Yoast SEO plugin. -->","yoast_head_json":{"title":"La farce de Ma\u00eetre Pathelin (le spectacle) - Atelier Th\u00e9\u00e2tre Val-de-Sambre","robots":{"index":"index","follow":"follow","max-snippet":"max-snippet:-1","max-image-preview":"max-image-preview:large","max-video-preview":"max-video-preview:-1"},"canonical":"https:\/\/lateliertheatre-valdesambre.fr\/index.php\/la-farce-de-maitre-pathelin-le-spectacle\/","og_locale":"fr_FR","og_type":"article","og_title":"La farce de Ma\u00eetre Pathelin (le spectacle) - Atelier Th\u00e9\u00e2tre Val-de-Sambre","og_description":"La farce de Ma\u00eetre Pathelin (le spectacle) Cette farce d\u2019environ 1h30, joyau du th\u00e9\u00e2tre comique du Moyen \u00c2ge, a d\u00e9but\u00e9 son parcours au Centre Culturel Maurice Ravel d\u2019Hautmont le 23 mars 2018. Deux repr\u00e9sentations ont \u00e9t\u00e9 donn\u00e9es, l\u2019une \u00e0 14h &hellip; Continuer la lecture &rarr;","og_url":"https:\/\/lateliertheatre-valdesambre.fr\/index.php\/la-farce-de-maitre-pathelin-le-spectacle\/","og_site_name":"Atelier Th\u00e9\u00e2tre Val-de-Sambre","article_modified_time":"2025-04-09T07:50:41+00:00","og_image":[{"width":350,"height":269,"url":"https:\/\/lateliertheatre-valdesambre.fr\/wp-content\/uploads\/2023\/12\/maitre_pathelin_hautmont_2018-03-23a.jpg","type":"image\/jpeg"}],"twitter_card":"summary_large_image","twitter_misc":{"Dur\u00e9e de lecture estim\u00e9e":"6 minutes"},"schema":{"@context":"https:\/\/schema.org","@graph":[{"@type":"WebPage","@id":"https:\/\/lateliertheatre-valdesambre.fr\/index.php\/la-farce-de-maitre-pathelin-le-spectacle\/","url":"https:\/\/lateliertheatre-valdesambre.fr\/index.php\/la-farce-de-maitre-pathelin-le-spectacle\/","name":"La farce de Ma\u00eetre Pathelin (le spectacle) - Atelier Th\u00e9\u00e2tre Val-de-Sambre","isPartOf":{"@id":"https:\/\/lateliertheatre-valdesambre.fr\/#website"},"primaryImageOfPage":{"@id":"https:\/\/lateliertheatre-valdesambre.fr\/index.php\/la-farce-de-maitre-pathelin-le-spectacle\/#primaryimage"},"image":{"@id":"https:\/\/lateliertheatre-valdesambre.fr\/index.php\/la-farce-de-maitre-pathelin-le-spectacle\/#primaryimage"},"thumbnailUrl":"https:\/\/lateliertheatre-valdesambre.fr\/wp-content\/uploads\/2023\/12\/maitre_pathelin_hautmont_2018-03-23a-300x231.jpg","datePublished":"2023-12-19T17:40:49+00:00","dateModified":"2025-04-09T07:50:41+00:00","breadcrumb":{"@id":"https:\/\/lateliertheatre-valdesambre.fr\/index.php\/la-farce-de-maitre-pathelin-le-spectacle\/#breadcrumb"},"inLanguage":"fr-FR","potentialAction":[{"@type":"ReadAction","target":["https:\/\/lateliertheatre-valdesambre.fr\/index.php\/la-farce-de-maitre-pathelin-le-spectacle\/"]}]},{"@type":"ImageObject","inLanguage":"fr-FR","@id":"https:\/\/lateliertheatre-valdesambre.fr\/index.php\/la-farce-de-maitre-pathelin-le-spectacle\/#primaryimage","url":"https:\/\/lateliertheatre-valdesambre.fr\/wp-content\/uploads\/2023\/12\/maitre_pathelin_hautmont_2018-03-23a.jpg","contentUrl":"https:\/\/lateliertheatre-valdesambre.fr\/wp-content\/uploads\/2023\/12\/maitre_pathelin_hautmont_2018-03-23a.jpg","width":350,"height":269,"caption":"OLYMPUS DIGITAL CAMERA"},{"@type":"BreadcrumbList","@id":"https:\/\/lateliertheatre-valdesambre.fr\/index.php\/la-farce-de-maitre-pathelin-le-spectacle\/#breadcrumb","itemListElement":[{"@type":"ListItem","position":1,"name":"Accueil","item":"https:\/\/lateliertheatre-valdesambre.fr\/"},{"@type":"ListItem","position":2,"name":"La farce de Ma\u00eetre Pathelin (le spectacle)"}]},{"@type":"WebSite","@id":"https:\/\/lateliertheatre-valdesambre.fr\/#website","url":"https:\/\/lateliertheatre-valdesambre.fr\/","name":"Atelier Th\u00e9\u00e2tre Val-de-Sambre","description":"Pour un espace d&#039;expression dans la r\u00e9gion Val-de-Sambre","publisher":{"@id":"https:\/\/lateliertheatre-valdesambre.fr\/#organization"},"potentialAction":[{"@type":"SearchAction","target":{"@type":"EntryPoint","urlTemplate":"https:\/\/lateliertheatre-valdesambre.fr\/?s={search_term_string}"},"query-input":{"@type":"PropertyValueSpecification","valueRequired":true,"valueName":"search_term_string"}}],"inLanguage":"fr-FR"},{"@type":"Organization","@id":"https:\/\/lateliertheatre-valdesambre.fr\/#organization","name":"Atelier Th\u00e9\u00e2tre Val-de-Sambre","url":"https:\/\/lateliertheatre-valdesambre.fr\/","logo":{"@type":"ImageObject","inLanguage":"fr-FR","@id":"https:\/\/lateliertheatre-valdesambre.fr\/#\/schema\/logo\/image\/","url":"https:\/\/lateliertheatre-valdesambre.fr\/wp-content\/uploads\/2023\/12\/paroles-val-de-sambre.jpg","contentUrl":"https:\/\/lateliertheatre-valdesambre.fr\/wp-content\/uploads\/2023\/12\/paroles-val-de-sambre.jpg","width":510,"height":112,"caption":"Atelier Th\u00e9\u00e2tre Val-de-Sambre"},"image":{"@id":"https:\/\/lateliertheatre-valdesambre.fr\/#\/schema\/logo\/image\/"}}]}},"_links":{"self":[{"href":"https:\/\/lateliertheatre-valdesambre.fr\/index.php\/wp-json\/wp\/v2\/pages\/172","targetHints":{"allow":["GET"]}}],"collection":[{"href":"https:\/\/lateliertheatre-valdesambre.fr\/index.php\/wp-json\/wp\/v2\/pages"}],"about":[{"href":"https:\/\/lateliertheatre-valdesambre.fr\/index.php\/wp-json\/wp\/v2\/types\/page"}],"author":[{"embeddable":true,"href":"https:\/\/lateliertheatre-valdesambre.fr\/index.php\/wp-json\/wp\/v2\/users\/1"}],"replies":[{"embeddable":true,"href":"https:\/\/lateliertheatre-valdesambre.fr\/index.php\/wp-json\/wp\/v2\/comments?post=172"}],"version-history":[{"count":13,"href":"https:\/\/lateliertheatre-valdesambre.fr\/index.php\/wp-json\/wp\/v2\/pages\/172\/revisions"}],"predecessor-version":[{"id":478,"href":"https:\/\/lateliertheatre-valdesambre.fr\/index.php\/wp-json\/wp\/v2\/pages\/172\/revisions\/478"}],"wp:attachment":[{"href":"https:\/\/lateliertheatre-valdesambre.fr\/index.php\/wp-json\/wp\/v2\/media?parent=172"}],"curies":[{"name":"wp","href":"https:\/\/api.w.org\/{rel}","templated":true}]}}