{"id":213,"date":"2024-01-13T17:44:22","date_gmt":"2024-01-13T16:44:22","guid":{"rendered":"https:\/\/lateliertheatre-valdesambre.fr\/?page_id=213"},"modified":"2024-01-14T19:15:05","modified_gmt":"2024-01-14T18:15:05","slug":"les-reves-des-petits-garcons-et-des-petites-filles-ont-change","status":"publish","type":"page","link":"https:\/\/lateliertheatre-valdesambre.fr\/index.php\/les-reves-des-petits-garcons-et-des-petites-filles-ont-change\/","title":{"rendered":"Les r\u00eaves des petits gar\u00e7ons et des petites filles ont chang\u00e9&#8230;"},"content":{"rendered":"<h1 style=\"text-align: center;\"><span style=\"font-size: 18pt;\">Les r\u00eaves des petits gar\u00e7ons et des petites filles ont chang\u00e9...<\/span><\/h1>\n<div>\n<p style=\"text-align: justify;\">J\u2019ai 44 ans et je me souviens, qu\u2019enfants, nous les filles r\u00eavions de devenir ma\u00eetresses ou pu\u00e9ricultrices, des m\u00e9tiers qui nous vouaient \u00e0 \u00eatre au contact des enfants... Assez bizarre, quand on y pense d\u2019ailleurs, d\u2019\u00eatre enfant soit m\u00eame et de r\u00eaver de s\u2019occuper d\u2019enfants !\u2026 Je me souviens que dans la cour de r\u00e9cr\u00e9ation, nous jouions \u00e0 la ma\u00eetresse, un jeu qui \u00e9tait passionnant, surtout pour celle qui faisait la ma\u00eetresse (souvent la 1<sup>\u00e8re<\/sup> de la classe)\u2026<\/p>\n<p style=\"text-align: justify;\">Les gar\u00e7ons, eux, voulaient devenir pompiers ou policiers. Sauver des vies, arr\u00eater les m\u00e9chants\u00a0!... Devenir des h\u00e9ros, quoi\u2026<\/p>\n<p style=\"text-align: justify;\">Les filles voulaient donc faire des m\u00e9tiers dits de filles et les gar\u00e7ons des m\u00e9tiers suppos\u00e9s r\u00e9serv\u00e9s aux gar\u00e7ons.<img loading=\"lazy\" decoding=\"async\" class=\" wp-image-210 alignright\" src=\"https:\/\/lateliertheatre-valdesambre.fr\/wp-content\/uploads\/2024\/01\/fille-rambo-215x300.jpg\" alt=\"\" width=\"204\" height=\"285\" srcset=\"https:\/\/lateliertheatre-valdesambre.fr\/wp-content\/uploads\/2024\/01\/fille-rambo-215x300.jpg 215w, https:\/\/lateliertheatre-valdesambre.fr\/wp-content\/uploads\/2024\/01\/fille-rambo.jpg 402w\" sizes=\"auto, (max-width: 204px) 100vw, 204px\" \/><\/p>\n<p style=\"text-align: justify;\">Les enfants d\u2019aujourd\u2019hui ont apparemment plus d\u2019ambition. Les m\u00e9tiers qui suscitent leur int\u00e9r\u00eat aujourd\u2019hui sont plus vari\u00e9s. Ils veulent devenir astronautes, arch\u00e9ologues, pilotes d\u2019avion, footballeur, chanteur, actrice. Beaucoup r\u00eavent de passer \u00e0 la t\u00e9l\u00e9vision.<\/p>\n<p style=\"text-align: justify;\">A mon \u00e9poque, petits gar\u00e7ons et petites filles choisissaient des professions en lien avec le bien-\u00eatre d\u2019autrui. Leur \u00e9panouissement psychologique semblait li\u00e9 au confort des autres (maitresse, pu\u00e9ricultrice, pompier, policier sont sens\u00e9s trouver leur satisfaction dans l\u2019aide qu\u2019ils apportent \u00e0 autrui). Il semblerait que, d\u00e9sormais, gar\u00e7ons et filles s\u2019orientent vers des plaisirs plus personnels et donc plus \u00e9go\u00efstes, le comble \u00e9tant le r\u00eave d\u2019\u00eatre star et de gagner beaucoup d\u2019argent\u2026 On peut s\u2019\u00e9tonner quand m\u00eame que la r\u00e9mun\u00e9ration ou la notori\u00e9t\u00e9 soient devenus si vite des facteurs d\u00e9terminants dans les r\u00eaves de nos petits.<\/p>\n<p style=\"text-align: justify;\">Cependant le foss\u00e9, concernant les choix de professions futures, se comble. Il n\u2019y a plus de professions vraiment r\u00e9serv\u00e9es.\"L\u2019\u00e9galit\u00e9 entre les hommes et les femmes\" trace sa route. Les filles d\u2019aujourd\u2019hui veulent jouer au football, comme les gar\u00e7ons, et devenir professionnelles. Elles veulent entrer dans l\u2019arm\u00e9e\u2026 D\u2019ailleurs, \u00e0 ce propos, je cite une amie de mon fils, qui, \u00e0 14 ans, souhaite devenir polici\u00e8re d\u2019\u00e9lite et faire partie du Raid. Nous sommes loin, il me semble, de nos r\u00eaves d\u2019\u00eatre un jour institutrice\u2026<\/p>\n<p><strong>Samia<\/strong>, <em>Sous-le-Bois<\/em><\/p>\n<\/div>\n","protected":false},"excerpt":{"rendered":"<p>Les r\u00eaves des petits gar\u00e7ons et des petites filles ont chang\u00e9&#8230; J\u2019ai 44 ans et je me souviens, qu\u2019enfants, nous les filles r\u00eavions de devenir ma\u00eetresses ou pu\u00e9ricultrices, des m\u00e9tiers qui nous vouaient \u00e0 \u00eatre au contact des enfants&#8230; Assez &hellip; <a href=\"https:\/\/lateliertheatre-valdesambre.fr\/index.php\/les-reves-des-petits-garcons-et-des-petites-filles-ont-change\/\">Continuer la lecture <span class=\"meta-nav\">&rarr;<\/span><\/a><\/p>\n","protected":false},"author":1,"featured_media":0,"parent":0,"menu_order":0,"comment_status":"closed","ping_status":"closed","template":"","meta":{"footnotes":""},"class_list":["post-213","page","type-page","status-publish","hentry"],"yoast_head":"<!-- This site is optimized with the Yoast SEO plugin v27.6 - https:\/\/yoast.com\/product\/yoast-seo-wordpress\/ -->\n<title>Les r\u00eaves des petits gar\u00e7ons et des petites filles ont chang\u00e9... - Atelier Th\u00e9\u00e2tre Val-de-Sambre<\/title>\n<meta name=\"robots\" content=\"index, follow, max-snippet:-1, max-image-preview:large, max-video-preview:-1\" \/>\n<link rel=\"canonical\" href=\"https:\/\/lateliertheatre-valdesambre.fr\/index.php\/les-reves-des-petits-garcons-et-des-petites-filles-ont-change\/\" \/>\n<meta property=\"og:locale\" content=\"fr_FR\" \/>\n<meta property=\"og:type\" content=\"article\" \/>\n<meta property=\"og:title\" content=\"Les r\u00eaves des petits gar\u00e7ons et des petites filles ont chang\u00e9... - Atelier Th\u00e9\u00e2tre Val-de-Sambre\" \/>\n<meta property=\"og:description\" content=\"Les r\u00eaves des petits gar\u00e7ons et des petites filles ont chang\u00e9... J\u2019ai 44 ans et je me souviens, qu\u2019enfants, nous les filles r\u00eavions de devenir ma\u00eetresses ou pu\u00e9ricultrices, des m\u00e9tiers qui nous vouaient \u00e0 \u00eatre au contact des enfants... Assez &hellip; Continuer la lecture &rarr;\" \/>\n<meta property=\"og:url\" content=\"https:\/\/lateliertheatre-valdesambre.fr\/index.php\/les-reves-des-petits-garcons-et-des-petites-filles-ont-change\/\" \/>\n<meta property=\"og:site_name\" content=\"Atelier Th\u00e9\u00e2tre Val-de-Sambre\" \/>\n<meta property=\"article:modified_time\" content=\"2024-01-14T18:15:05+00:00\" \/>\n<meta property=\"og:image\" content=\"https:\/\/lateliertheatre-valdesambre.fr\/wp-content\/uploads\/2024\/01\/fille-rambo-215x300.jpg\" \/>\n<meta name=\"twitter:card\" content=\"summary_large_image\" \/>\n<meta name=\"twitter:label1\" content=\"Dur\u00e9e de lecture estim\u00e9e\" \/>\n\t<meta name=\"twitter:data1\" content=\"2 minutes\" \/>\n<script type=\"application\/ld+json\" class=\"yoast-schema-graph\">{\"@context\":\"https:\\\/\\\/schema.org\",\"@graph\":[{\"@type\":\"WebPage\",\"@id\":\"https:\\\/\\\/lateliertheatre-valdesambre.fr\\\/index.php\\\/les-reves-des-petits-garcons-et-des-petites-filles-ont-change\\\/\",\"url\":\"https:\\\/\\\/lateliertheatre-valdesambre.fr\\\/index.php\\\/les-reves-des-petits-garcons-et-des-petites-filles-ont-change\\\/\",\"name\":\"Les r\u00eaves des petits gar\u00e7ons et des petites filles ont chang\u00e9... - Atelier Th\u00e9\u00e2tre Val-de-Sambre\",\"isPartOf\":{\"@id\":\"https:\\\/\\\/lateliertheatre-valdesambre.fr\\\/#website\"},\"primaryImageOfPage\":{\"@id\":\"https:\\\/\\\/lateliertheatre-valdesambre.fr\\\/index.php\\\/les-reves-des-petits-garcons-et-des-petites-filles-ont-change\\\/#primaryimage\"},\"image\":{\"@id\":\"https:\\\/\\\/lateliertheatre-valdesambre.fr\\\/index.php\\\/les-reves-des-petits-garcons-et-des-petites-filles-ont-change\\\/#primaryimage\"},\"thumbnailUrl\":\"https:\\\/\\\/lateliertheatre-valdesambre.fr\\\/wp-content\\\/uploads\\\/2024\\\/01\\\/fille-rambo-215x300.jpg\",\"datePublished\":\"2024-01-13T16:44:22+00:00\",\"dateModified\":\"2024-01-14T18:15:05+00:00\",\"breadcrumb\":{\"@id\":\"https:\\\/\\\/lateliertheatre-valdesambre.fr\\\/index.php\\\/les-reves-des-petits-garcons-et-des-petites-filles-ont-change\\\/#breadcrumb\"},\"inLanguage\":\"fr-FR\",\"potentialAction\":[{\"@type\":\"ReadAction\",\"target\":[\"https:\\\/\\\/lateliertheatre-valdesambre.fr\\\/index.php\\\/les-reves-des-petits-garcons-et-des-petites-filles-ont-change\\\/\"]}]},{\"@type\":\"ImageObject\",\"inLanguage\":\"fr-FR\",\"@id\":\"https:\\\/\\\/lateliertheatre-valdesambre.fr\\\/index.php\\\/les-reves-des-petits-garcons-et-des-petites-filles-ont-change\\\/#primaryimage\",\"url\":\"https:\\\/\\\/lateliertheatre-valdesambre.fr\\\/wp-content\\\/uploads\\\/2024\\\/01\\\/fille-rambo.jpg\",\"contentUrl\":\"https:\\\/\\\/lateliertheatre-valdesambre.fr\\\/wp-content\\\/uploads\\\/2024\\\/01\\\/fille-rambo.jpg\",\"width\":402,\"height\":560},{\"@type\":\"BreadcrumbList\",\"@id\":\"https:\\\/\\\/lateliertheatre-valdesambre.fr\\\/index.php\\\/les-reves-des-petits-garcons-et-des-petites-filles-ont-change\\\/#breadcrumb\",\"itemListElement\":[{\"@type\":\"ListItem\",\"position\":1,\"name\":\"Accueil\",\"item\":\"https:\\\/\\\/lateliertheatre-valdesambre.fr\\\/\"},{\"@type\":\"ListItem\",\"position\":2,\"name\":\"Les r\u00eaves des petits gar\u00e7ons et des petites filles ont chang\u00e9&#8230;\"}]},{\"@type\":\"WebSite\",\"@id\":\"https:\\\/\\\/lateliertheatre-valdesambre.fr\\\/#website\",\"url\":\"https:\\\/\\\/lateliertheatre-valdesambre.fr\\\/\",\"name\":\"Atelier Th\u00e9\u00e2tre Val-de-Sambre\",\"description\":\"Pour un espace d&#039;expression dans la r\u00e9gion Val-de-Sambre\",\"publisher\":{\"@id\":\"https:\\\/\\\/lateliertheatre-valdesambre.fr\\\/#organization\"},\"potentialAction\":[{\"@type\":\"SearchAction\",\"target\":{\"@type\":\"EntryPoint\",\"urlTemplate\":\"https:\\\/\\\/lateliertheatre-valdesambre.fr\\\/?s={search_term_string}\"},\"query-input\":{\"@type\":\"PropertyValueSpecification\",\"valueRequired\":true,\"valueName\":\"search_term_string\"}}],\"inLanguage\":\"fr-FR\"},{\"@type\":\"Organization\",\"@id\":\"https:\\\/\\\/lateliertheatre-valdesambre.fr\\\/#organization\",\"name\":\"Atelier Th\u00e9\u00e2tre Val-de-Sambre\",\"url\":\"https:\\\/\\\/lateliertheatre-valdesambre.fr\\\/\",\"logo\":{\"@type\":\"ImageObject\",\"inLanguage\":\"fr-FR\",\"@id\":\"https:\\\/\\\/lateliertheatre-valdesambre.fr\\\/#\\\/schema\\\/logo\\\/image\\\/\",\"url\":\"https:\\\/\\\/lateliertheatre-valdesambre.fr\\\/wp-content\\\/uploads\\\/2023\\\/12\\\/paroles-val-de-sambre.jpg\",\"contentUrl\":\"https:\\\/\\\/lateliertheatre-valdesambre.fr\\\/wp-content\\\/uploads\\\/2023\\\/12\\\/paroles-val-de-sambre.jpg\",\"width\":510,\"height\":112,\"caption\":\"Atelier Th\u00e9\u00e2tre Val-de-Sambre\"},\"image\":{\"@id\":\"https:\\\/\\\/lateliertheatre-valdesambre.fr\\\/#\\\/schema\\\/logo\\\/image\\\/\"}}]}<\/script>\n<!-- \/ Yoast SEO plugin. -->","yoast_head_json":{"title":"Les r\u00eaves des petits gar\u00e7ons et des petites filles ont chang\u00e9... - Atelier Th\u00e9\u00e2tre Val-de-Sambre","robots":{"index":"index","follow":"follow","max-snippet":"max-snippet:-1","max-image-preview":"max-image-preview:large","max-video-preview":"max-video-preview:-1"},"canonical":"https:\/\/lateliertheatre-valdesambre.fr\/index.php\/les-reves-des-petits-garcons-et-des-petites-filles-ont-change\/","og_locale":"fr_FR","og_type":"article","og_title":"Les r\u00eaves des petits gar\u00e7ons et des petites filles ont chang\u00e9... - Atelier Th\u00e9\u00e2tre Val-de-Sambre","og_description":"Les r\u00eaves des petits gar\u00e7ons et des petites filles ont chang\u00e9... J\u2019ai 44 ans et je me souviens, qu\u2019enfants, nous les filles r\u00eavions de devenir ma\u00eetresses ou pu\u00e9ricultrices, des m\u00e9tiers qui nous vouaient \u00e0 \u00eatre au contact des enfants... Assez &hellip; Continuer la lecture &rarr;","og_url":"https:\/\/lateliertheatre-valdesambre.fr\/index.php\/les-reves-des-petits-garcons-et-des-petites-filles-ont-change\/","og_site_name":"Atelier Th\u00e9\u00e2tre Val-de-Sambre","article_modified_time":"2024-01-14T18:15:05+00:00","og_image":[{"url":"https:\/\/lateliertheatre-valdesambre.fr\/wp-content\/uploads\/2024\/01\/fille-rambo-215x300.jpg","type":"","width":"","height":""}],"twitter_card":"summary_large_image","twitter_misc":{"Dur\u00e9e de lecture estim\u00e9e":"2 minutes"},"schema":{"@context":"https:\/\/schema.org","@graph":[{"@type":"WebPage","@id":"https:\/\/lateliertheatre-valdesambre.fr\/index.php\/les-reves-des-petits-garcons-et-des-petites-filles-ont-change\/","url":"https:\/\/lateliertheatre-valdesambre.fr\/index.php\/les-reves-des-petits-garcons-et-des-petites-filles-ont-change\/","name":"Les r\u00eaves des petits gar\u00e7ons et des petites filles ont chang\u00e9... - Atelier Th\u00e9\u00e2tre Val-de-Sambre","isPartOf":{"@id":"https:\/\/lateliertheatre-valdesambre.fr\/#website"},"primaryImageOfPage":{"@id":"https:\/\/lateliertheatre-valdesambre.fr\/index.php\/les-reves-des-petits-garcons-et-des-petites-filles-ont-change\/#primaryimage"},"image":{"@id":"https:\/\/lateliertheatre-valdesambre.fr\/index.php\/les-reves-des-petits-garcons-et-des-petites-filles-ont-change\/#primaryimage"},"thumbnailUrl":"https:\/\/lateliertheatre-valdesambre.fr\/wp-content\/uploads\/2024\/01\/fille-rambo-215x300.jpg","datePublished":"2024-01-13T16:44:22+00:00","dateModified":"2024-01-14T18:15:05+00:00","breadcrumb":{"@id":"https:\/\/lateliertheatre-valdesambre.fr\/index.php\/les-reves-des-petits-garcons-et-des-petites-filles-ont-change\/#breadcrumb"},"inLanguage":"fr-FR","potentialAction":[{"@type":"ReadAction","target":["https:\/\/lateliertheatre-valdesambre.fr\/index.php\/les-reves-des-petits-garcons-et-des-petites-filles-ont-change\/"]}]},{"@type":"ImageObject","inLanguage":"fr-FR","@id":"https:\/\/lateliertheatre-valdesambre.fr\/index.php\/les-reves-des-petits-garcons-et-des-petites-filles-ont-change\/#primaryimage","url":"https:\/\/lateliertheatre-valdesambre.fr\/wp-content\/uploads\/2024\/01\/fille-rambo.jpg","contentUrl":"https:\/\/lateliertheatre-valdesambre.fr\/wp-content\/uploads\/2024\/01\/fille-rambo.jpg","width":402,"height":560},{"@type":"BreadcrumbList","@id":"https:\/\/lateliertheatre-valdesambre.fr\/index.php\/les-reves-des-petits-garcons-et-des-petites-filles-ont-change\/#breadcrumb","itemListElement":[{"@type":"ListItem","position":1,"name":"Accueil","item":"https:\/\/lateliertheatre-valdesambre.fr\/"},{"@type":"ListItem","position":2,"name":"Les r\u00eaves des petits gar\u00e7ons et des petites filles ont chang\u00e9&#8230;"}]},{"@type":"WebSite","@id":"https:\/\/lateliertheatre-valdesambre.fr\/#website","url":"https:\/\/lateliertheatre-valdesambre.fr\/","name":"Atelier Th\u00e9\u00e2tre Val-de-Sambre","description":"Pour un espace d&#039;expression dans la r\u00e9gion Val-de-Sambre","publisher":{"@id":"https:\/\/lateliertheatre-valdesambre.fr\/#organization"},"potentialAction":[{"@type":"SearchAction","target":{"@type":"EntryPoint","urlTemplate":"https:\/\/lateliertheatre-valdesambre.fr\/?s={search_term_string}"},"query-input":{"@type":"PropertyValueSpecification","valueRequired":true,"valueName":"search_term_string"}}],"inLanguage":"fr-FR"},{"@type":"Organization","@id":"https:\/\/lateliertheatre-valdesambre.fr\/#organization","name":"Atelier Th\u00e9\u00e2tre Val-de-Sambre","url":"https:\/\/lateliertheatre-valdesambre.fr\/","logo":{"@type":"ImageObject","inLanguage":"fr-FR","@id":"https:\/\/lateliertheatre-valdesambre.fr\/#\/schema\/logo\/image\/","url":"https:\/\/lateliertheatre-valdesambre.fr\/wp-content\/uploads\/2023\/12\/paroles-val-de-sambre.jpg","contentUrl":"https:\/\/lateliertheatre-valdesambre.fr\/wp-content\/uploads\/2023\/12\/paroles-val-de-sambre.jpg","width":510,"height":112,"caption":"Atelier Th\u00e9\u00e2tre Val-de-Sambre"},"image":{"@id":"https:\/\/lateliertheatre-valdesambre.fr\/#\/schema\/logo\/image\/"}}]}},"_links":{"self":[{"href":"https:\/\/lateliertheatre-valdesambre.fr\/index.php\/wp-json\/wp\/v2\/pages\/213","targetHints":{"allow":["GET"]}}],"collection":[{"href":"https:\/\/lateliertheatre-valdesambre.fr\/index.php\/wp-json\/wp\/v2\/pages"}],"about":[{"href":"https:\/\/lateliertheatre-valdesambre.fr\/index.php\/wp-json\/wp\/v2\/types\/page"}],"author":[{"embeddable":true,"href":"https:\/\/lateliertheatre-valdesambre.fr\/index.php\/wp-json\/wp\/v2\/users\/1"}],"replies":[{"embeddable":true,"href":"https:\/\/lateliertheatre-valdesambre.fr\/index.php\/wp-json\/wp\/v2\/comments?post=213"}],"version-history":[{"count":1,"href":"https:\/\/lateliertheatre-valdesambre.fr\/index.php\/wp-json\/wp\/v2\/pages\/213\/revisions"}],"predecessor-version":[{"id":214,"href":"https:\/\/lateliertheatre-valdesambre.fr\/index.php\/wp-json\/wp\/v2\/pages\/213\/revisions\/214"}],"wp:attachment":[{"href":"https:\/\/lateliertheatre-valdesambre.fr\/index.php\/wp-json\/wp\/v2\/media?parent=213"}],"curies":[{"name":"wp","href":"https:\/\/api.w.org\/{rel}","templated":true}]}}