{"id":223,"date":"2024-01-14T12:26:39","date_gmt":"2024-01-14T11:26:39","guid":{"rendered":"https:\/\/lateliertheatre-valdesambre.fr\/?page_id=223"},"modified":"2024-01-24T12:50:37","modified_gmt":"2024-01-24T11:50:37","slug":"un-homme-une-femme-le-spectacle","status":"publish","type":"page","link":"https:\/\/lateliertheatre-valdesambre.fr\/index.php\/un-homme-une-femme-le-spectacle\/","title":{"rendered":"Un homme, une femme (le spectacle)"},"content":{"rendered":"<h1 style=\"text-align: center;\"><span style=\"font-size: 18pt; color: #000080;\">Un homme, une femme (le spectacle)<\/span><\/h1>\n<p style=\"text-align: justify;\">L\u2019<a title=\"Hommes et femmes. \u00c9gaux ou pas ?\" href=\"https:\/\/lateliertheatre-valdesambre.fr\/index.php\/hommes-et-femmes-egaux-ou-pas-2\/\"><strong>\u00e9galit\u00e9 entre les hommes et les femmes est actuellement au c\u0153ur des d\u00e9bats<\/strong><\/a>. Qu\u2019en est-il r\u00e9ellement de cette \u00e9galit\u00e9 dans notre vie de tous les jours, dans nos villes, dans nos quartiers\u00a0?<\/p>\n<ul>\n<li><a href=\"https:\/\/lateliertheatre-valdesambre.fr\/index.php\/un-homme-une-femme\/\" rel=\"noopener\"><em>Un homme, une femme (pr\u00e9sentation)<\/em><\/a><\/li>\n<\/ul>\n<p style=\"text-align: justify;\">La pi\u00e8ce de th\u00e9\u00e2tre <strong><em>Un homme, une<\/em> <em>femme<\/em><\/strong> a \u00e9t\u00e9 \u00e9crite \u00e0 partir de t\u00e9moignages d\u2019hommes et de femmes des quartiers de Sous-le-Bois, de l\u2019\u00c9pinette, du Pont-de-Pierre et des Provinces Fran\u00e7aises, \u00e0 Maubeuge. Ces r\u00e9cits ont \u00e9t\u00e9 mis en r\u00e9sonance avec diff\u00e9rentes \u00e9poques, comme le Moyen-\u00e2ge et le XIX<sup>e<\/sup>, ce si\u00e8cle \u00e9tant tr\u00e8s instructif pour comprendre les conduites masculines d\u2019aujourd\u2019hui.<\/p>\n<p style=\"text-align: justify;\">La pi\u00e8ce d\u00e9bute sur la repr\u00e9sentation d\u2019une conf\u00e9rence dont les trois intervenants vont brusquement se retrouver, par la magie du th\u00e9\u00e2tre, au proc\u00e8s imaginaire de Christine de Pisan, \u00e9crivaine et f\u00e9ministe du XIV<sup>e<\/sup> si\u00e8cle. D\u2019un tableau \u00e0 l\u2019autre, nous nous retrouverons sur une plage o\u00f9 trois copines discutent des hommes en regardant la mer, puis au pied d\u2019un arr\u00eat de bus o\u00f9 d\u2019autres femmes s\u2019interrogent en voyant un p\u00e8re promener son fils. Un nouveau tableau nous emm\u00e8nera dans une auberge du XIX<sup>e <\/sup>si\u00e8cle o\u00f9 une rixe va \u00e9clater \u00e0 cause de protagonistes tr\u00e8s machistes...<\/p>\n<p style=\"text-align: justify;\">M\u00ealant le th\u00e9\u00e2tre et le slam, <em>Un homme, une femme<\/em> nous propose de r\u00e9fl\u00e9chir sur la condition de la femme et la condition de l\u2019homme, ce qui les unit ou les oppose.<\/p>\n<p style=\"text-align: justify;\">L\u2019Atelier Th\u00e9\u00e2tre, sous la direction de Patrick Maruta, a fait monter 19 personnes sur sc\u00e8ne, 16 com\u00e9diens et 3 slameurs, tous issus de la r\u00e9gion de Maubeuge, pendant l\u2019ann\u00e9e 2015, pour jouer cette pi\u00e8ce.<\/p>\n<p style=\"text-align: justify;\"><strong>L\u2019interview du metteur en sc\u00e8ne et des acteurs par Moussa Allen (<a title=\"Un homme, une femme\" href=\"https:\/\/lateliertheatre-valdesambre.fr\/index.php\/un-homme-une-femme\/\">lien<\/a>)<\/strong><\/p>\n<p style=\"text-align: justify;\"><a name=\"integralite\"><\/a><\/p>\n<p style=\"text-align: justify;\"><strong><em>l\u2019interview de Th\u00e9o Rassau et Vanessa R\u00e9quil\u00e9<\/em><\/strong><em> (4\u201935)<\/em><\/p>\n<audio class=\"wp-audio-shortcode\" id=\"audio-223-1\" preload=\"none\" style=\"width: 100%;\" controls=\"controls\"><source type=\"audio\/mpeg\" src=\"https:\/\/lateliertheatre-valdesambre.fr\/wp-content\/uploads\/2024\/01\/homme-femme3.mp3?_=1\" \/><a href=\"https:\/\/lateliertheatre-valdesambre.fr\/wp-content\/uploads\/2024\/01\/homme-femme3.mp3\">https:\/\/lateliertheatre-valdesambre.fr\/wp-content\/uploads\/2024\/01\/homme-femme3.mp3<\/a><\/audio>\n<p>&nbsp;<\/p>\n<p><strong><em>pour \u00e9couter l\u2019int\u00e9gralit\u00e9 du reportage<\/em><\/strong><em> (25\u2019)<br \/>\nces interviews ont \u00e9t\u00e9 diffus\u00e9s sur Bayene.fr<\/em><\/p>\n<audio class=\"wp-audio-shortcode\" id=\"audio-223-2\" preload=\"none\" style=\"width: 100%;\" controls=\"controls\"><source type=\"audio\/mpeg\" src=\"https:\/\/lateliertheatre-valdesambre.fr\/wp-content\/uploads\/2024\/01\/homme-femme1.mp3?_=2\" \/><a href=\"https:\/\/lateliertheatre-valdesambre.fr\/wp-content\/uploads\/2024\/01\/homme-femme1.mp3\">https:\/\/lateliertheatre-valdesambre.fr\/wp-content\/uploads\/2024\/01\/homme-femme1.mp3<\/a><\/audio>\n<hr \/>\n<table style=\"height: 317px; width: 91.875%; border-collapse: collapse;\" border=\"2\">\n<tbody>\n<tr>\n<td style=\"width: 100%;\"><em>Un homme, une femme<\/em> a \u00e9t\u00e9 jou\u00e9 en mars 2015 dans le cadre du REAAP, sous l\u2019\u00e9gide de la CAF, au th\u00e9\u00e2tre de Fourmies.<img loading=\"lazy\" decoding=\"async\" class=\"size-medium wp-image-232\" src=\"https:\/\/lateliertheatre-valdesambre.fr\/wp-content\/uploads\/2024\/01\/un-homme-une-femme_fourmies-300x225.jpg\" alt=\"\" width=\"300\" height=\"225\" srcset=\"https:\/\/lateliertheatre-valdesambre.fr\/wp-content\/uploads\/2024\/01\/un-homme-une-femme_fourmies-300x225.jpg 300w, https:\/\/lateliertheatre-valdesambre.fr\/wp-content\/uploads\/2024\/01\/un-homme-une-femme_fourmies.jpg 378w\" sizes=\"auto, (max-width: 300px) 100vw, 300px\" \/><\/td>\n<\/tr>\n<\/tbody>\n<\/table>\n<table style=\"width: 100%; border-collapse: collapse;\" border=\"2\">\n<tbody>\n<tr>\n<td style=\"width: 100%;\"><strong>L\u2019\u00e9galit\u00e9 entre hommes et femmes se joue aussi au th\u00e9\u00e2tre.<\/strong><strong><img decoding=\"async\" src=\"file:\/\/\/D:\/Sites\/sambre\/2bf93385cf.url-de-test.ws\/images\/spectacles\/voix_du_nord.html\" alt=\"\" \/><\/strong><br \/>\n<strong>\u00a0<em>(La Voix du Nord<\/em><\/strong><em> du vendredi 23 janvier 2015) <img loading=\"lazy\" decoding=\"async\" class=\"size-full wp-image-235 alignright\" src=\"https:\/\/lateliertheatre-valdesambre.fr\/wp-content\/uploads\/2024\/01\/voix_du_nord.jpg\" alt=\"\" width=\"99\" height=\"99\" \/><br \/>\n<\/em><\/p>\n<p style=\"text-align: justify;\"><strong>Hautmont<\/strong>. O\u00f9 en est-on de l\u2019\u00e9galit\u00e9 entre hommes et femmes\u00a0? Samedi soir, une pi\u00e8ce de th\u00e9\u00e2tre tir\u00e9e d\u2019une enqu\u00eate dans les quartiers de Maubeuge apportera un peu d\u2019eau au moulin de notre soci\u00e9t\u00e9.<\/p>\n<p style=\"text-align: justify;\">La soci\u00e9t\u00e9 fascine Patrick Maruta qui aime partir d\u2019une r\u00e9alit\u00e9 pour la transporter sur les planches. D\u00e9j\u00e0, dans <em>Quai des d\u00e9parts<\/em> puis <em>Quai des arriv\u00e9es<\/em>, le metteur en sc\u00e8ne de l\u2019Atelier Th\u00e9\u00e2tre de Maubeuge avait \u00e9voqu\u00e9 l\u2019immigration et son corollaire, l\u2019int\u00e9gration, au travers de t\u00e9moignages recueillis au pr\u00e9alable. Avec sa nouvelle pi\u00e8ce, <em>Un homme, une femme<\/em>, il gratte encore le vernis de la soci\u00e9t\u00e9, sous le prisme de la parit\u00e9 entre les sexes. Il s\u2019est rendu dans les quartiers populaires de Maubeuge, interrogeant une soixantaine de personnes. Entre le discours tenu et la r\u00e9alit\u00e9, il constate un d\u00e9calage\u00a0: \"<em>Je n\u2019ai pas rencontr\u00e9 d\u2019hommes qui refusaient l\u2019\u00e9galit\u00e9. Mais en allant plus loin, on s\u2019aper\u00e7oit qu\u2019ils tiennent \u00e0 garder leur position dominante. Le m\u00e9nage ou la vaisselle, ce n\u2019est pas pour eux.<\/em>\" Plus surprenant, certaines tr\u00e8s jeunes femmes peuvent tenir un discours d\u00e9senchant\u00e9.\"<em>Leurs m\u00e8res sont d\u2019une g\u00e9n\u00e9ration qui revendique l\u2019\u00e9galit\u00e9. Mais elles les voient souffrir \u00e0 assumer toutes leurs responsabilit\u00e9s. Et elles se demandent s\u2019il ne vaut pas mieux rester \u00e0 la maison<\/em>.\" Dix-neuf com\u00e9diens se sont appropri\u00e9s ces questions dans une pi\u00e8ce qui m\u00eale volontairement les \u00e9poques et les opinions. L\u00e9na, 18 ans, vit aux Pr\u00e9sidents\u00a0: \"<em>Quand j\u2019entends des trucs sexistes, je me rappelle une r\u00e9plique de la pi\u00e8ce\u00a0<\/em>: \"On ne na\u00eet pas femme, on le devient\".\u00a0 <strong>Julien Castelli<\/strong><\/p>\n<p><img loading=\"lazy\" decoding=\"async\" class=\"size-medium wp-image-234 aligncenter\" src=\"https:\/\/lateliertheatre-valdesambre.fr\/wp-content\/uploads\/2024\/01\/un-homme-une-femme_voix-du-nord-300x171.jpg\" alt=\"\" width=\"300\" height=\"171\" srcset=\"https:\/\/lateliertheatre-valdesambre.fr\/wp-content\/uploads\/2024\/01\/un-homme-une-femme_voix-du-nord-300x171.jpg 300w, https:\/\/lateliertheatre-valdesambre.fr\/wp-content\/uploads\/2024\/01\/un-homme-une-femme_voix-du-nord.jpg 510w\" sizes=\"auto, (max-width: 300px) 100vw, 300px\" \/><\/p>\n<p>A travers les opinions et les \u00e9poques, cette pi\u00e8ce de th\u00e9\u00e2tre multiplie les points de vue sur l\u2019\u00e9galit\u00e9 entre hommes et femmes, sans apporter de jugement.<\/td>\n<\/tr>\n<\/tbody>\n<\/table>\n<p>&nbsp;<\/p>\n<table style=\"width: 100%;\" border=\"2\" summary=\"Changez Hautmont&quot; - f\u00e9vrier 2015\" width=\"630\" cellspacing=\"1\" cellpadding=\"6\" align=\"left\">\n<tbody>\n<tr>\n<td>\n<h2 style=\"text-align: center;\"><span style=\"font-size: 14pt; color: #000080;\"><strong>Vivre ensemble : soir\u00e9e de r\u00e9flexion<\/strong><\/span><\/h2>\n<p style=\"text-align: center;\"><span style=\"color: #000080;\"><strong>\"Un homme, une femme\" <img loading=\"lazy\" decoding=\"async\" class=\"alignright wp-image-238 size-full\" src=\"https:\/\/lateliertheatre-valdesambre.fr\/wp-content\/uploads\/2024\/01\/un-homme-une-femme_changer-haumont2.jpg\" alt=\"Un homme, une femme \u00e0 Haumont.\" width=\"189\" height=\"132\" \/><\/strong><\/span><img loading=\"lazy\" decoding=\"async\" class=\"size-full wp-image-237 alignleft\" src=\"https:\/\/lateliertheatre-valdesambre.fr\/wp-content\/uploads\/2024\/01\/un-homme-une-femme_changer-haumont1.jpg\" alt=\"Un homme, une femme\" width=\"92\" height=\"278\" \/><\/p>\n<p style=\"text-align: justify;\">Le public pr\u00e9sent au centre culturel il y a quelques jours pour assister \u00e0 la repr\u00e9sentation de \"Un homme, une femme\" ne s\u2019\u00e9tait pas tromp\u00e9. La soir\u00e9e a \u00e9t\u00e9 \u00e0 la hauteur de leurs attentes, au dire de plusieurs spectateurs. Avec ses com\u00e9diens, pour la plupart non professionnels, l\u2019atelier th\u00e9\u00e2tre a pr\u00e9sent\u00e9 une pi\u00e8ce engag\u00e9e sur le th\u00e8me intemporel de l\u2019\u00e9galit\u00e9 homme-femme.<\/p>\n<p style=\"text-align: justify;\">Au travers de nombreux t\u00e9moignages, brouillant les lieux, les cultures, les \u00e9poques et les tons, tant\u00f4t graves ou joyeux, cette troupe de com\u00e9diens transg\u00e9n\u00e9rationnels - les rappeurs c\u00f4toyaient les acteurs - a su nous faire partager \u00e9motions et questions... Une belle soir\u00e9e de r\u00e9flexion !<\/p>\n<p>Article paru dans \"<strong>Changez Hautmont<\/strong>\" - f\u00e9vrier 2015<\/td>\n<\/tr>\n<\/tbody>\n<\/table>\n<p>&nbsp;<\/p>\n","protected":false},"excerpt":{"rendered":"<p>Un homme, une femme (le spectacle) L\u2019\u00e9galit\u00e9 entre les hommes et les femmes est actuellement au c\u0153ur des d\u00e9bats. Qu\u2019en est-il r\u00e9ellement de cette \u00e9galit\u00e9 dans notre vie de tous les jours, dans nos villes, dans nos quartiers\u00a0? Un homme, &hellip; <a href=\"https:\/\/lateliertheatre-valdesambre.fr\/index.php\/un-homme-une-femme-le-spectacle\/\">Continuer la lecture <span class=\"meta-nav\">&rarr;<\/span><\/a><\/p>\n","protected":false},"author":1,"featured_media":0,"parent":0,"menu_order":0,"comment_status":"closed","ping_status":"closed","template":"","meta":{"footnotes":""},"class_list":["post-223","page","type-page","status-publish","hentry"],"yoast_head":"<!-- This site is optimized with the Yoast SEO plugin v27.6 - https:\/\/yoast.com\/product\/yoast-seo-wordpress\/ -->\n<title>Un homme, une femme (le spectacle) - Atelier Th\u00e9\u00e2tre Val-de-Sambre<\/title>\n<meta name=\"robots\" content=\"index, follow, max-snippet:-1, max-image-preview:large, max-video-preview:-1\" \/>\n<link rel=\"canonical\" href=\"https:\/\/lateliertheatre-valdesambre.fr\/index.php\/un-homme-une-femme-le-spectacle\/\" \/>\n<meta property=\"og:locale\" content=\"fr_FR\" \/>\n<meta property=\"og:type\" content=\"article\" \/>\n<meta property=\"og:title\" content=\"Un homme, une femme (le spectacle) - Atelier Th\u00e9\u00e2tre Val-de-Sambre\" \/>\n<meta property=\"og:description\" content=\"Un homme, une femme (le spectacle) L\u2019\u00e9galit\u00e9 entre les hommes et les femmes est actuellement au c\u0153ur des d\u00e9bats. Qu\u2019en est-il r\u00e9ellement de cette \u00e9galit\u00e9 dans notre vie de tous les jours, dans nos villes, dans nos quartiers\u00a0? Un homme, &hellip; Continuer la lecture &rarr;\" \/>\n<meta property=\"og:url\" content=\"https:\/\/lateliertheatre-valdesambre.fr\/index.php\/un-homme-une-femme-le-spectacle\/\" \/>\n<meta property=\"og:site_name\" content=\"Atelier Th\u00e9\u00e2tre Val-de-Sambre\" \/>\n<meta property=\"article:modified_time\" content=\"2024-01-24T11:50:37+00:00\" \/>\n<meta property=\"og:image\" content=\"https:\/\/lateliertheatre-valdesambre.fr\/wp-content\/uploads\/2024\/01\/un-homme-une-femme_fourmies-300x225.jpg\" \/>\n<meta name=\"twitter:card\" content=\"summary_large_image\" \/>\n<meta name=\"twitter:label1\" content=\"Dur\u00e9e de lecture estim\u00e9e\" \/>\n\t<meta name=\"twitter:data1\" content=\"6 minutes\" \/>\n<script type=\"application\/ld+json\" class=\"yoast-schema-graph\">{\"@context\":\"https:\\\/\\\/schema.org\",\"@graph\":[{\"@type\":\"WebPage\",\"@id\":\"https:\\\/\\\/lateliertheatre-valdesambre.fr\\\/index.php\\\/un-homme-une-femme-le-spectacle\\\/\",\"url\":\"https:\\\/\\\/lateliertheatre-valdesambre.fr\\\/index.php\\\/un-homme-une-femme-le-spectacle\\\/\",\"name\":\"Un homme, une femme (le spectacle) - Atelier Th\u00e9\u00e2tre Val-de-Sambre\",\"isPartOf\":{\"@id\":\"https:\\\/\\\/lateliertheatre-valdesambre.fr\\\/#website\"},\"primaryImageOfPage\":{\"@id\":\"https:\\\/\\\/lateliertheatre-valdesambre.fr\\\/index.php\\\/un-homme-une-femme-le-spectacle\\\/#primaryimage\"},\"image\":{\"@id\":\"https:\\\/\\\/lateliertheatre-valdesambre.fr\\\/index.php\\\/un-homme-une-femme-le-spectacle\\\/#primaryimage\"},\"thumbnailUrl\":\"https:\\\/\\\/lateliertheatre-valdesambre.fr\\\/wp-content\\\/uploads\\\/2024\\\/01\\\/un-homme-une-femme_fourmies-300x225.jpg\",\"datePublished\":\"2024-01-14T11:26:39+00:00\",\"dateModified\":\"2024-01-24T11:50:37+00:00\",\"breadcrumb\":{\"@id\":\"https:\\\/\\\/lateliertheatre-valdesambre.fr\\\/index.php\\\/un-homme-une-femme-le-spectacle\\\/#breadcrumb\"},\"inLanguage\":\"fr-FR\",\"potentialAction\":[{\"@type\":\"ReadAction\",\"target\":[\"https:\\\/\\\/lateliertheatre-valdesambre.fr\\\/index.php\\\/un-homme-une-femme-le-spectacle\\\/\"]}]},{\"@type\":\"ImageObject\",\"inLanguage\":\"fr-FR\",\"@id\":\"https:\\\/\\\/lateliertheatre-valdesambre.fr\\\/index.php\\\/un-homme-une-femme-le-spectacle\\\/#primaryimage\",\"url\":\"https:\\\/\\\/lateliertheatre-valdesambre.fr\\\/wp-content\\\/uploads\\\/2024\\\/01\\\/un-homme-une-femme_fourmies.jpg\",\"contentUrl\":\"https:\\\/\\\/lateliertheatre-valdesambre.fr\\\/wp-content\\\/uploads\\\/2024\\\/01\\\/un-homme-une-femme_fourmies.jpg\",\"width\":378,\"height\":284,\"caption\":\"KODAK Digital Still Camera\"},{\"@type\":\"BreadcrumbList\",\"@id\":\"https:\\\/\\\/lateliertheatre-valdesambre.fr\\\/index.php\\\/un-homme-une-femme-le-spectacle\\\/#breadcrumb\",\"itemListElement\":[{\"@type\":\"ListItem\",\"position\":1,\"name\":\"Accueil\",\"item\":\"https:\\\/\\\/lateliertheatre-valdesambre.fr\\\/\"},{\"@type\":\"ListItem\",\"position\":2,\"name\":\"Un homme, une femme (le spectacle)\"}]},{\"@type\":\"WebSite\",\"@id\":\"https:\\\/\\\/lateliertheatre-valdesambre.fr\\\/#website\",\"url\":\"https:\\\/\\\/lateliertheatre-valdesambre.fr\\\/\",\"name\":\"Atelier Th\u00e9\u00e2tre Val-de-Sambre\",\"description\":\"Pour un espace d&#039;expression dans la r\u00e9gion Val-de-Sambre\",\"publisher\":{\"@id\":\"https:\\\/\\\/lateliertheatre-valdesambre.fr\\\/#organization\"},\"potentialAction\":[{\"@type\":\"SearchAction\",\"target\":{\"@type\":\"EntryPoint\",\"urlTemplate\":\"https:\\\/\\\/lateliertheatre-valdesambre.fr\\\/?s={search_term_string}\"},\"query-input\":{\"@type\":\"PropertyValueSpecification\",\"valueRequired\":true,\"valueName\":\"search_term_string\"}}],\"inLanguage\":\"fr-FR\"},{\"@type\":\"Organization\",\"@id\":\"https:\\\/\\\/lateliertheatre-valdesambre.fr\\\/#organization\",\"name\":\"Atelier Th\u00e9\u00e2tre Val-de-Sambre\",\"url\":\"https:\\\/\\\/lateliertheatre-valdesambre.fr\\\/\",\"logo\":{\"@type\":\"ImageObject\",\"inLanguage\":\"fr-FR\",\"@id\":\"https:\\\/\\\/lateliertheatre-valdesambre.fr\\\/#\\\/schema\\\/logo\\\/image\\\/\",\"url\":\"https:\\\/\\\/lateliertheatre-valdesambre.fr\\\/wp-content\\\/uploads\\\/2023\\\/12\\\/paroles-val-de-sambre.jpg\",\"contentUrl\":\"https:\\\/\\\/lateliertheatre-valdesambre.fr\\\/wp-content\\\/uploads\\\/2023\\\/12\\\/paroles-val-de-sambre.jpg\",\"width\":510,\"height\":112,\"caption\":\"Atelier Th\u00e9\u00e2tre Val-de-Sambre\"},\"image\":{\"@id\":\"https:\\\/\\\/lateliertheatre-valdesambre.fr\\\/#\\\/schema\\\/logo\\\/image\\\/\"}}]}<\/script>\n<!-- \/ Yoast SEO plugin. -->","yoast_head_json":{"title":"Un homme, une femme (le spectacle) - Atelier Th\u00e9\u00e2tre Val-de-Sambre","robots":{"index":"index","follow":"follow","max-snippet":"max-snippet:-1","max-image-preview":"max-image-preview:large","max-video-preview":"max-video-preview:-1"},"canonical":"https:\/\/lateliertheatre-valdesambre.fr\/index.php\/un-homme-une-femme-le-spectacle\/","og_locale":"fr_FR","og_type":"article","og_title":"Un homme, une femme (le spectacle) - Atelier Th\u00e9\u00e2tre Val-de-Sambre","og_description":"Un homme, une femme (le spectacle) L\u2019\u00e9galit\u00e9 entre les hommes et les femmes est actuellement au c\u0153ur des d\u00e9bats. Qu\u2019en est-il r\u00e9ellement de cette \u00e9galit\u00e9 dans notre vie de tous les jours, dans nos villes, dans nos quartiers\u00a0? Un homme, &hellip; Continuer la lecture &rarr;","og_url":"https:\/\/lateliertheatre-valdesambre.fr\/index.php\/un-homme-une-femme-le-spectacle\/","og_site_name":"Atelier Th\u00e9\u00e2tre Val-de-Sambre","article_modified_time":"2024-01-24T11:50:37+00:00","og_image":[{"url":"https:\/\/lateliertheatre-valdesambre.fr\/wp-content\/uploads\/2024\/01\/un-homme-une-femme_fourmies-300x225.jpg","type":"","width":"","height":""}],"twitter_card":"summary_large_image","twitter_misc":{"Dur\u00e9e de lecture estim\u00e9e":"6 minutes"},"schema":{"@context":"https:\/\/schema.org","@graph":[{"@type":"WebPage","@id":"https:\/\/lateliertheatre-valdesambre.fr\/index.php\/un-homme-une-femme-le-spectacle\/","url":"https:\/\/lateliertheatre-valdesambre.fr\/index.php\/un-homme-une-femme-le-spectacle\/","name":"Un homme, une femme (le spectacle) - Atelier Th\u00e9\u00e2tre Val-de-Sambre","isPartOf":{"@id":"https:\/\/lateliertheatre-valdesambre.fr\/#website"},"primaryImageOfPage":{"@id":"https:\/\/lateliertheatre-valdesambre.fr\/index.php\/un-homme-une-femme-le-spectacle\/#primaryimage"},"image":{"@id":"https:\/\/lateliertheatre-valdesambre.fr\/index.php\/un-homme-une-femme-le-spectacle\/#primaryimage"},"thumbnailUrl":"https:\/\/lateliertheatre-valdesambre.fr\/wp-content\/uploads\/2024\/01\/un-homme-une-femme_fourmies-300x225.jpg","datePublished":"2024-01-14T11:26:39+00:00","dateModified":"2024-01-24T11:50:37+00:00","breadcrumb":{"@id":"https:\/\/lateliertheatre-valdesambre.fr\/index.php\/un-homme-une-femme-le-spectacle\/#breadcrumb"},"inLanguage":"fr-FR","potentialAction":[{"@type":"ReadAction","target":["https:\/\/lateliertheatre-valdesambre.fr\/index.php\/un-homme-une-femme-le-spectacle\/"]}]},{"@type":"ImageObject","inLanguage":"fr-FR","@id":"https:\/\/lateliertheatre-valdesambre.fr\/index.php\/un-homme-une-femme-le-spectacle\/#primaryimage","url":"https:\/\/lateliertheatre-valdesambre.fr\/wp-content\/uploads\/2024\/01\/un-homme-une-femme_fourmies.jpg","contentUrl":"https:\/\/lateliertheatre-valdesambre.fr\/wp-content\/uploads\/2024\/01\/un-homme-une-femme_fourmies.jpg","width":378,"height":284,"caption":"KODAK Digital Still Camera"},{"@type":"BreadcrumbList","@id":"https:\/\/lateliertheatre-valdesambre.fr\/index.php\/un-homme-une-femme-le-spectacle\/#breadcrumb","itemListElement":[{"@type":"ListItem","position":1,"name":"Accueil","item":"https:\/\/lateliertheatre-valdesambre.fr\/"},{"@type":"ListItem","position":2,"name":"Un homme, une femme (le spectacle)"}]},{"@type":"WebSite","@id":"https:\/\/lateliertheatre-valdesambre.fr\/#website","url":"https:\/\/lateliertheatre-valdesambre.fr\/","name":"Atelier Th\u00e9\u00e2tre Val-de-Sambre","description":"Pour un espace d&#039;expression dans la r\u00e9gion Val-de-Sambre","publisher":{"@id":"https:\/\/lateliertheatre-valdesambre.fr\/#organization"},"potentialAction":[{"@type":"SearchAction","target":{"@type":"EntryPoint","urlTemplate":"https:\/\/lateliertheatre-valdesambre.fr\/?s={search_term_string}"},"query-input":{"@type":"PropertyValueSpecification","valueRequired":true,"valueName":"search_term_string"}}],"inLanguage":"fr-FR"},{"@type":"Organization","@id":"https:\/\/lateliertheatre-valdesambre.fr\/#organization","name":"Atelier Th\u00e9\u00e2tre Val-de-Sambre","url":"https:\/\/lateliertheatre-valdesambre.fr\/","logo":{"@type":"ImageObject","inLanguage":"fr-FR","@id":"https:\/\/lateliertheatre-valdesambre.fr\/#\/schema\/logo\/image\/","url":"https:\/\/lateliertheatre-valdesambre.fr\/wp-content\/uploads\/2023\/12\/paroles-val-de-sambre.jpg","contentUrl":"https:\/\/lateliertheatre-valdesambre.fr\/wp-content\/uploads\/2023\/12\/paroles-val-de-sambre.jpg","width":510,"height":112,"caption":"Atelier Th\u00e9\u00e2tre Val-de-Sambre"},"image":{"@id":"https:\/\/lateliertheatre-valdesambre.fr\/#\/schema\/logo\/image\/"}}]}},"_links":{"self":[{"href":"https:\/\/lateliertheatre-valdesambre.fr\/index.php\/wp-json\/wp\/v2\/pages\/223","targetHints":{"allow":["GET"]}}],"collection":[{"href":"https:\/\/lateliertheatre-valdesambre.fr\/index.php\/wp-json\/wp\/v2\/pages"}],"about":[{"href":"https:\/\/lateliertheatre-valdesambre.fr\/index.php\/wp-json\/wp\/v2\/types\/page"}],"author":[{"embeddable":true,"href":"https:\/\/lateliertheatre-valdesambre.fr\/index.php\/wp-json\/wp\/v2\/users\/1"}],"replies":[{"embeddable":true,"href":"https:\/\/lateliertheatre-valdesambre.fr\/index.php\/wp-json\/wp\/v2\/comments?post=223"}],"version-history":[{"count":21,"href":"https:\/\/lateliertheatre-valdesambre.fr\/index.php\/wp-json\/wp\/v2\/pages\/223\/revisions"}],"predecessor-version":[{"id":439,"href":"https:\/\/lateliertheatre-valdesambre.fr\/index.php\/wp-json\/wp\/v2\/pages\/223\/revisions\/439"}],"wp:attachment":[{"href":"https:\/\/lateliertheatre-valdesambre.fr\/index.php\/wp-json\/wp\/v2\/media?parent=223"}],"curies":[{"name":"wp","href":"https:\/\/api.w.org\/{rel}","templated":true}]}}