{"id":241,"date":"2024-01-14T12:43:54","date_gmt":"2024-01-14T11:43:54","guid":{"rendered":"https:\/\/lateliertheatre-valdesambre.fr\/?page_id=241"},"modified":"2024-01-23T20:25:43","modified_gmt":"2024-01-23T19:25:43","slug":"un-homme-une-femme","status":"publish","type":"page","link":"https:\/\/lateliertheatre-valdesambre.fr\/index.php\/un-homme-une-femme\/","title":{"rendered":"Un homme, une femme"},"content":{"rendered":"<h1 style=\"text-align: center;\"><span style=\"font-size: 18pt; color: #000080;\">Un homme, une femme<\/span><\/h1>\n<ul>\n<li><strong><em>\"<a href=\"https:\/\/lateliertheatre-valdesambre.fr\/index.php\/un-homme-une-femme-le-spectacle\/\" rel=\"noopener\">Un homme, une femme (le spectacle)<\/a><\/em>\"<\/strong>, spectacle sur l\u2019\u00e9galit\u00e9 hommes-femmes<\/li>\n<\/ul>\n<p><strong>Interviews du metteur en sc\u00e8ne et des acteurs r\u00e9alis\u00e9s par Moussa Allem<\/strong><\/p>\n<p style=\"padding-left: 40px;\">\u00a0<strong>Patrick Maruta, Patrick Bouchez, Mehdi Azzedine<\/strong> (6\u201934)<\/p>\n<audio class=\"wp-audio-shortcode\" id=\"audio-241-1\" preload=\"none\" style=\"width: 100%;\" controls=\"controls\"><source type=\"audio\/mpeg\" src=\"https:\/\/lateliertheatre-valdesambre.fr\/wp-content\/uploads\/2024\/01\/homme-femme2.mp3?_=1\" \/><a href=\"https:\/\/lateliertheatre-valdesambre.fr\/wp-content\/uploads\/2024\/01\/homme-femme2.mp3\">https:\/\/lateliertheatre-valdesambre.fr\/wp-content\/uploads\/2024\/01\/homme-femme2.mp3<\/a><\/audio>\n<hr \/>\n<p style=\"padding-left: 40px;\"><strong>On chemine mieux c\u00f4te \u00e0 c\u00f4te<\/strong> (1'27)<br \/>\n<em>conception\u00a0: Mehdi Azzedine, Patrick Maruta<br \/>\nslameurs\u00a0: Mehdi Azzedine, Vanessa R\u00e9quil\u00e9 <\/em><\/p>\n<p style=\"padding-left: 40px;\"><a href=\"https:\/\/lateliertheatre-valdesambre.fr\/wp-content\/uploads\/2024\/01\/on-chemine-mieux-cote-a-cote.mp4\"><img loading=\"lazy\" decoding=\"async\" class=\"size-medium wp-image-255 alignleft\" src=\"https:\/\/lateliertheatre-valdesambre.fr\/wp-content\/uploads\/2024\/01\/on-chemine-mieux-cote-a-cote-300x134.jpg\" alt=\"Mehdi Azzedine, Vanessa R\u00e9quil\u00e9\" width=\"300\" height=\"134\" srcset=\"https:\/\/lateliertheatre-valdesambre.fr\/wp-content\/uploads\/2024\/01\/on-chemine-mieux-cote-a-cote-300x134.jpg 300w, https:\/\/lateliertheatre-valdesambre.fr\/wp-content\/uploads\/2024\/01\/on-chemine-mieux-cote-a-cote.jpg 400w\" sizes=\"auto, (max-width: 300px) 100vw, 300px\" \/><\/a><\/p>\n<div style=\"width: 512px;\" class=\"wp-video\"><video class=\"wp-video-shortcode\" id=\"video-241-1\" width=\"512\" height=\"258\" preload=\"metadata\" controls=\"controls\"><source type=\"video\/mp4\" src=\"https:\/\/lateliertheatre-valdesambre.fr\/wp-content\/uploads\/2024\/01\/on-chemine-mieux-cote-a-cote.mp4?_=1\" \/><a href=\"https:\/\/lateliertheatre-valdesambre.fr\/wp-content\/uploads\/2024\/01\/on-chemine-mieux-cote-a-cote.mp4\">https:\/\/lateliertheatre-valdesambre.fr\/wp-content\/uploads\/2024\/01\/on-chemine-mieux-cote-a-cote.mp4<\/a><\/video><\/div>\n<p>&nbsp;<\/p>\n<p>&nbsp;<\/p>\n","protected":false},"excerpt":{"rendered":"<p>Un homme, une femme \u00ab\u00a0Un homme, une femme (le spectacle)\u00a0\u00bb, spectacle sur l\u2019\u00e9galit\u00e9 hommes-femmes Interviews du metteur en sc\u00e8ne et des acteurs r\u00e9alis\u00e9s par Moussa Allem \u00a0Patrick Maruta, Patrick Bouchez, Mehdi Azzedine (6\u201934) On chemine mieux c\u00f4te \u00e0 c\u00f4te (1&rsquo;27) &hellip; <a href=\"https:\/\/lateliertheatre-valdesambre.fr\/index.php\/un-homme-une-femme\/\">Continuer la lecture <span class=\"meta-nav\">&rarr;<\/span><\/a><\/p>\n","protected":false},"author":1,"featured_media":0,"parent":0,"menu_order":0,"comment_status":"closed","ping_status":"closed","template":"","meta":{"footnotes":""},"class_list":["post-241","page","type-page","status-publish","hentry"],"yoast_head":"<!-- This site is optimized with the Yoast SEO plugin v27.6 - https:\/\/yoast.com\/product\/yoast-seo-wordpress\/ -->\n<title>Un homme, une femme - Atelier Th\u00e9\u00e2tre Val-de-Sambre<\/title>\n<meta name=\"robots\" content=\"index, follow, max-snippet:-1, max-image-preview:large, max-video-preview:-1\" \/>\n<link rel=\"canonical\" href=\"https:\/\/lateliertheatre-valdesambre.fr\/index.php\/un-homme-une-femme\/\" \/>\n<meta property=\"og:locale\" content=\"fr_FR\" \/>\n<meta property=\"og:type\" content=\"article\" \/>\n<meta property=\"og:title\" content=\"Un homme, une femme - Atelier Th\u00e9\u00e2tre Val-de-Sambre\" \/>\n<meta property=\"og:description\" content=\"Un homme, une femme &quot;Un homme, une femme (le spectacle)&quot;, spectacle sur l\u2019\u00e9galit\u00e9 hommes-femmes Interviews du metteur en sc\u00e8ne et des acteurs r\u00e9alis\u00e9s par Moussa Allem \u00a0Patrick Maruta, Patrick Bouchez, Mehdi Azzedine (6\u201934) On chemine mieux c\u00f4te \u00e0 c\u00f4te (1&#039;27) &hellip; Continuer la lecture &rarr;\" \/>\n<meta property=\"og:url\" content=\"https:\/\/lateliertheatre-valdesambre.fr\/index.php\/un-homme-une-femme\/\" \/>\n<meta property=\"og:site_name\" content=\"Atelier Th\u00e9\u00e2tre Val-de-Sambre\" \/>\n<meta property=\"article:modified_time\" content=\"2024-01-23T19:25:43+00:00\" \/>\n<meta property=\"og:image\" content=\"https:\/\/lateliertheatre-valdesambre.fr\/wp-content\/uploads\/2024\/01\/on-chemine-mieux-cote-a-cote-300x134.jpg\" \/>\n<meta name=\"twitter:card\" content=\"summary_large_image\" \/>\n<meta name=\"twitter:label1\" content=\"Dur\u00e9e de lecture estim\u00e9e\" \/>\n\t<meta name=\"twitter:data1\" content=\"1 minute\" \/>\n<script type=\"application\/ld+json\" class=\"yoast-schema-graph\">{\"@context\":\"https:\\\/\\\/schema.org\",\"@graph\":[{\"@type\":\"WebPage\",\"@id\":\"https:\\\/\\\/lateliertheatre-valdesambre.fr\\\/index.php\\\/un-homme-une-femme\\\/\",\"url\":\"https:\\\/\\\/lateliertheatre-valdesambre.fr\\\/index.php\\\/un-homme-une-femme\\\/\",\"name\":\"Un homme, une femme - Atelier Th\u00e9\u00e2tre Val-de-Sambre\",\"isPartOf\":{\"@id\":\"https:\\\/\\\/lateliertheatre-valdesambre.fr\\\/#website\"},\"primaryImageOfPage\":{\"@id\":\"https:\\\/\\\/lateliertheatre-valdesambre.fr\\\/index.php\\\/un-homme-une-femme\\\/#primaryimage\"},\"image\":{\"@id\":\"https:\\\/\\\/lateliertheatre-valdesambre.fr\\\/index.php\\\/un-homme-une-femme\\\/#primaryimage\"},\"thumbnailUrl\":\"https:\\\/\\\/lateliertheatre-valdesambre.fr\\\/wp-content\\\/uploads\\\/2024\\\/01\\\/on-chemine-mieux-cote-a-cote-300x134.jpg\",\"datePublished\":\"2024-01-14T11:43:54+00:00\",\"dateModified\":\"2024-01-23T19:25:43+00:00\",\"breadcrumb\":{\"@id\":\"https:\\\/\\\/lateliertheatre-valdesambre.fr\\\/index.php\\\/un-homme-une-femme\\\/#breadcrumb\"},\"inLanguage\":\"fr-FR\",\"potentialAction\":[{\"@type\":\"ReadAction\",\"target\":[\"https:\\\/\\\/lateliertheatre-valdesambre.fr\\\/index.php\\\/un-homme-une-femme\\\/\"]}]},{\"@type\":\"ImageObject\",\"inLanguage\":\"fr-FR\",\"@id\":\"https:\\\/\\\/lateliertheatre-valdesambre.fr\\\/index.php\\\/un-homme-une-femme\\\/#primaryimage\",\"url\":\"https:\\\/\\\/lateliertheatre-valdesambre.fr\\\/wp-content\\\/uploads\\\/2024\\\/01\\\/on-chemine-mieux-cote-a-cote.jpg\",\"contentUrl\":\"https:\\\/\\\/lateliertheatre-valdesambre.fr\\\/wp-content\\\/uploads\\\/2024\\\/01\\\/on-chemine-mieux-cote-a-cote.jpg\",\"width\":400,\"height\":178},{\"@type\":\"BreadcrumbList\",\"@id\":\"https:\\\/\\\/lateliertheatre-valdesambre.fr\\\/index.php\\\/un-homme-une-femme\\\/#breadcrumb\",\"itemListElement\":[{\"@type\":\"ListItem\",\"position\":1,\"name\":\"Accueil\",\"item\":\"https:\\\/\\\/lateliertheatre-valdesambre.fr\\\/\"},{\"@type\":\"ListItem\",\"position\":2,\"name\":\"Un homme, une femme\"}]},{\"@type\":\"WebSite\",\"@id\":\"https:\\\/\\\/lateliertheatre-valdesambre.fr\\\/#website\",\"url\":\"https:\\\/\\\/lateliertheatre-valdesambre.fr\\\/\",\"name\":\"Atelier Th\u00e9\u00e2tre Val-de-Sambre\",\"description\":\"Pour un espace d&#039;expression dans la r\u00e9gion Val-de-Sambre\",\"publisher\":{\"@id\":\"https:\\\/\\\/lateliertheatre-valdesambre.fr\\\/#organization\"},\"potentialAction\":[{\"@type\":\"SearchAction\",\"target\":{\"@type\":\"EntryPoint\",\"urlTemplate\":\"https:\\\/\\\/lateliertheatre-valdesambre.fr\\\/?s={search_term_string}\"},\"query-input\":{\"@type\":\"PropertyValueSpecification\",\"valueRequired\":true,\"valueName\":\"search_term_string\"}}],\"inLanguage\":\"fr-FR\"},{\"@type\":\"Organization\",\"@id\":\"https:\\\/\\\/lateliertheatre-valdesambre.fr\\\/#organization\",\"name\":\"Atelier Th\u00e9\u00e2tre Val-de-Sambre\",\"url\":\"https:\\\/\\\/lateliertheatre-valdesambre.fr\\\/\",\"logo\":{\"@type\":\"ImageObject\",\"inLanguage\":\"fr-FR\",\"@id\":\"https:\\\/\\\/lateliertheatre-valdesambre.fr\\\/#\\\/schema\\\/logo\\\/image\\\/\",\"url\":\"https:\\\/\\\/lateliertheatre-valdesambre.fr\\\/wp-content\\\/uploads\\\/2023\\\/12\\\/paroles-val-de-sambre.jpg\",\"contentUrl\":\"https:\\\/\\\/lateliertheatre-valdesambre.fr\\\/wp-content\\\/uploads\\\/2023\\\/12\\\/paroles-val-de-sambre.jpg\",\"width\":510,\"height\":112,\"caption\":\"Atelier Th\u00e9\u00e2tre Val-de-Sambre\"},\"image\":{\"@id\":\"https:\\\/\\\/lateliertheatre-valdesambre.fr\\\/#\\\/schema\\\/logo\\\/image\\\/\"}}]}<\/script>\n<!-- \/ Yoast SEO plugin. -->","yoast_head_json":{"title":"Un homme, une femme - Atelier Th\u00e9\u00e2tre Val-de-Sambre","robots":{"index":"index","follow":"follow","max-snippet":"max-snippet:-1","max-image-preview":"max-image-preview:large","max-video-preview":"max-video-preview:-1"},"canonical":"https:\/\/lateliertheatre-valdesambre.fr\/index.php\/un-homme-une-femme\/","og_locale":"fr_FR","og_type":"article","og_title":"Un homme, une femme - Atelier Th\u00e9\u00e2tre Val-de-Sambre","og_description":"Un homme, une femme \"Un homme, une femme (le spectacle)\", spectacle sur l\u2019\u00e9galit\u00e9 hommes-femmes Interviews du metteur en sc\u00e8ne et des acteurs r\u00e9alis\u00e9s par Moussa Allem \u00a0Patrick Maruta, Patrick Bouchez, Mehdi Azzedine (6\u201934) On chemine mieux c\u00f4te \u00e0 c\u00f4te (1'27) &hellip; Continuer la lecture &rarr;","og_url":"https:\/\/lateliertheatre-valdesambre.fr\/index.php\/un-homme-une-femme\/","og_site_name":"Atelier Th\u00e9\u00e2tre Val-de-Sambre","article_modified_time":"2024-01-23T19:25:43+00:00","og_image":[{"url":"https:\/\/lateliertheatre-valdesambre.fr\/wp-content\/uploads\/2024\/01\/on-chemine-mieux-cote-a-cote-300x134.jpg","type":"","width":"","height":""}],"twitter_card":"summary_large_image","twitter_misc":{"Dur\u00e9e de lecture estim\u00e9e":"1 minute"},"schema":{"@context":"https:\/\/schema.org","@graph":[{"@type":"WebPage","@id":"https:\/\/lateliertheatre-valdesambre.fr\/index.php\/un-homme-une-femme\/","url":"https:\/\/lateliertheatre-valdesambre.fr\/index.php\/un-homme-une-femme\/","name":"Un homme, une femme - Atelier Th\u00e9\u00e2tre Val-de-Sambre","isPartOf":{"@id":"https:\/\/lateliertheatre-valdesambre.fr\/#website"},"primaryImageOfPage":{"@id":"https:\/\/lateliertheatre-valdesambre.fr\/index.php\/un-homme-une-femme\/#primaryimage"},"image":{"@id":"https:\/\/lateliertheatre-valdesambre.fr\/index.php\/un-homme-une-femme\/#primaryimage"},"thumbnailUrl":"https:\/\/lateliertheatre-valdesambre.fr\/wp-content\/uploads\/2024\/01\/on-chemine-mieux-cote-a-cote-300x134.jpg","datePublished":"2024-01-14T11:43:54+00:00","dateModified":"2024-01-23T19:25:43+00:00","breadcrumb":{"@id":"https:\/\/lateliertheatre-valdesambre.fr\/index.php\/un-homme-une-femme\/#breadcrumb"},"inLanguage":"fr-FR","potentialAction":[{"@type":"ReadAction","target":["https:\/\/lateliertheatre-valdesambre.fr\/index.php\/un-homme-une-femme\/"]}]},{"@type":"ImageObject","inLanguage":"fr-FR","@id":"https:\/\/lateliertheatre-valdesambre.fr\/index.php\/un-homme-une-femme\/#primaryimage","url":"https:\/\/lateliertheatre-valdesambre.fr\/wp-content\/uploads\/2024\/01\/on-chemine-mieux-cote-a-cote.jpg","contentUrl":"https:\/\/lateliertheatre-valdesambre.fr\/wp-content\/uploads\/2024\/01\/on-chemine-mieux-cote-a-cote.jpg","width":400,"height":178},{"@type":"BreadcrumbList","@id":"https:\/\/lateliertheatre-valdesambre.fr\/index.php\/un-homme-une-femme\/#breadcrumb","itemListElement":[{"@type":"ListItem","position":1,"name":"Accueil","item":"https:\/\/lateliertheatre-valdesambre.fr\/"},{"@type":"ListItem","position":2,"name":"Un homme, une femme"}]},{"@type":"WebSite","@id":"https:\/\/lateliertheatre-valdesambre.fr\/#website","url":"https:\/\/lateliertheatre-valdesambre.fr\/","name":"Atelier Th\u00e9\u00e2tre Val-de-Sambre","description":"Pour un espace d&#039;expression dans la r\u00e9gion Val-de-Sambre","publisher":{"@id":"https:\/\/lateliertheatre-valdesambre.fr\/#organization"},"potentialAction":[{"@type":"SearchAction","target":{"@type":"EntryPoint","urlTemplate":"https:\/\/lateliertheatre-valdesambre.fr\/?s={search_term_string}"},"query-input":{"@type":"PropertyValueSpecification","valueRequired":true,"valueName":"search_term_string"}}],"inLanguage":"fr-FR"},{"@type":"Organization","@id":"https:\/\/lateliertheatre-valdesambre.fr\/#organization","name":"Atelier Th\u00e9\u00e2tre Val-de-Sambre","url":"https:\/\/lateliertheatre-valdesambre.fr\/","logo":{"@type":"ImageObject","inLanguage":"fr-FR","@id":"https:\/\/lateliertheatre-valdesambre.fr\/#\/schema\/logo\/image\/","url":"https:\/\/lateliertheatre-valdesambre.fr\/wp-content\/uploads\/2023\/12\/paroles-val-de-sambre.jpg","contentUrl":"https:\/\/lateliertheatre-valdesambre.fr\/wp-content\/uploads\/2023\/12\/paroles-val-de-sambre.jpg","width":510,"height":112,"caption":"Atelier Th\u00e9\u00e2tre Val-de-Sambre"},"image":{"@id":"https:\/\/lateliertheatre-valdesambre.fr\/#\/schema\/logo\/image\/"}}]}},"_links":{"self":[{"href":"https:\/\/lateliertheatre-valdesambre.fr\/index.php\/wp-json\/wp\/v2\/pages\/241","targetHints":{"allow":["GET"]}}],"collection":[{"href":"https:\/\/lateliertheatre-valdesambre.fr\/index.php\/wp-json\/wp\/v2\/pages"}],"about":[{"href":"https:\/\/lateliertheatre-valdesambre.fr\/index.php\/wp-json\/wp\/v2\/types\/page"}],"author":[{"embeddable":true,"href":"https:\/\/lateliertheatre-valdesambre.fr\/index.php\/wp-json\/wp\/v2\/users\/1"}],"replies":[{"embeddable":true,"href":"https:\/\/lateliertheatre-valdesambre.fr\/index.php\/wp-json\/wp\/v2\/comments?post=241"}],"version-history":[{"count":8,"href":"https:\/\/lateliertheatre-valdesambre.fr\/index.php\/wp-json\/wp\/v2\/pages\/241\/revisions"}],"predecessor-version":[{"id":438,"href":"https:\/\/lateliertheatre-valdesambre.fr\/index.php\/wp-json\/wp\/v2\/pages\/241\/revisions\/438"}],"wp:attachment":[{"href":"https:\/\/lateliertheatre-valdesambre.fr\/index.php\/wp-json\/wp\/v2\/media?parent=241"}],"curies":[{"name":"wp","href":"https:\/\/api.w.org\/{rel}","templated":true}]}}