{"id":283,"date":"2024-01-20T11:31:19","date_gmt":"2024-01-20T10:31:19","guid":{"rendered":"https:\/\/lateliertheatre-valdesambre.fr\/?page_id=283"},"modified":"2024-01-24T13:10:13","modified_gmt":"2024-01-24T12:10:13","slug":"le-bassin-de-la-sambre-site-historique-de-la-siderurgie-francaise","status":"publish","type":"page","link":"https:\/\/lateliertheatre-valdesambre.fr\/index.php\/le-bassin-de-la-sambre-site-historique-de-la-siderurgie-francaise\/","title":{"rendered":"Le Bassin de la Sambre, site historique de la sid\u00e9rurgie fran\u00e7aise"},"content":{"rendered":"<h1 style=\"text-align: center;\"><span style=\"font-size: 16pt; color: #000080;\">Le Bassin de la Sambre, site historique de la sid\u00e9rurgie fran\u00e7aise<\/span><\/h1>\n<table border=\"0\" width=\"100%\">\n<tbody>\n<tr>\n<td style=\"text-align: justify;\" width=\"60%\">Le bassin de la Sambre est rest\u00e9 un territoire isol\u00e9 jusqu\u2019au XVIII<sup>e<\/sup> si\u00e8cle. Les chemins sont impraticables en hiver. Il faut attendre 1738 pour que soit pav\u00e9e la route qui menait de Valenciennes \u00e0 Maubeuge. N\u00e9anmoins, d\u00e8s le XVII<sup>e<\/sup> si\u00e8cle, le Hainaut fran\u00e7ais voit \u00e9clore une multitude d\u2019ateliers o\u00f9 l\u2019on travaille le m\u00e9tal : forges, fonderies, clouteries, quincailleries, platineries\u2026<\/td>\n<td width=\"40%\"><\/td>\n<\/tr>\n<tr>\n<td style=\"text-align: justify;\">Les ma\u00eetres des forges sont nombreux. De vraies dynasties voient le jour comme les Polchet, les Morin, les Despret, les De Merode. On trouve, entre autres, une fabrique d\u2019armes \u00e0 Maubeuge, une cuirasserie \u00e0 Cousolre, une platinerie \u00e0 Villers-Sire-Nicole.<\/td>\n<td><strong>Entre 1974 et 1984, les emplois dans la sid\u00e9rurgie se r\u00e9duisent de fa\u00e7on drastique<\/strong><\/td>\n<\/tr>\n<tr>\n<td style=\"text-align: justify;\">Il faut attendre le XIX<sup>e<\/sup> si\u00e8cle, l\u2019ann\u00e9e 1836 pr\u00e9cis\u00e9ment, pour qu\u2019on fasse enfin de la Sambre un canal. Ce sera le coup d\u2019envoi, pour le bassin, de la grande industrialisation.<\/p>\n<p>C\u2019est en 1837, que la puissante soci\u00e9t\u00e9 anonyme des Hauts Fourneaux du Nord fonde \u00e0 Sous-le-Bois, \u00e0 l\u2019angle de la Flamenne et de la Sambre, deux hauts fourneaux pour la fabrication de la fonte brute. Les minerais de fer sont extraits \u00e0 Ferri\u00e8re, Glageon, Ohain. Bien que toutes ces villes soient proches des usines sid\u00e9rurgiques, on tente n\u00e9anmoins de r\u00e9duire les co\u00fbts d\u2019exploitation en effectuant des sondages \u00e0 proximit\u00e9 des hauts fourneaux.<\/td>\n<td>Les effectifs passent de 157\u00a0000 \u00e0 92 400, soit une baisse de plus de 41 %. Non seulement, avec l\u2019arriv\u00e9e massive des mati\u00e8res plastiques, la demande d\u2019acier mondiale baisse mais le Br\u00e9sil, la Cor\u00e9e font une concurrence sauvage \u00e0 l\u2019acier fran\u00e7ais. Apr\u00e8s le charbon, le textile, c\u2019est au tour de la sid\u00e9rurgie d\u2019\u00eatre sinistr\u00e9e.<\/td>\n<\/tr>\n<tr>\n<td style=\"text-align: justify;\">Des mini\u00e8res sont creus\u00e9es. La main d\u2019\u0153uvre est \u00e0 cette \u00e9poque moins co\u00fbteuse en Belgique et bon nombre de Belges, principalement des Li\u00e9geois, viennent s\u2019\u00e9tablir dans le bassin de la Sambre. Les paysans du coin d\u00e9laissent les champs pour se faire ouvriers. Des dizaines et des dizaines d\u2019ateliers de fabrication se cr\u00e9ent : instruments agricoles, fers marchands, machines-outils, pi\u00e8ces moul\u00e9es en fonte, tubes, raccords, rails\u2026<\/td>\n<td>Les 3 secteurs qui faisaient du Nord le c\u0153ur de la France industrielle depuis la fin du XIX<sup>e<\/sup> si\u00e8cle p\u00e9riclitent.\u00a0 Les pertes d\u2019Usinor s\u2019\u00e9l\u00e8vent en 1981 \u00e0 9 milliards de francs et celles de Sacilor \u00e0 2,8 milliards ! [4]<br \/>\nLes effectifs dans la sid\u00e9rurgie chutent en 1987 \u00e0 58\u00a0000.<\/td>\n<\/tr>\n<tr>\n<td style=\"text-align: justify;\">\n<div id=\"attachment_287\" style=\"width: 310px\" class=\"wp-caption aligncenter\"><img loading=\"lazy\" decoding=\"async\" aria-describedby=\"caption-attachment-287\" class=\"wp-image-287 size-medium\" src=\"https:\/\/lateliertheatre-valdesambre.fr\/wp-content\/uploads\/2024\/01\/sous-le-bois_le-tilleul-300x190.jpg\" alt=\"Sous-le-Bois : Le Tilleul\" width=\"300\" height=\"190\" srcset=\"https:\/\/lateliertheatre-valdesambre.fr\/wp-content\/uploads\/2024\/01\/sous-le-bois_le-tilleul-300x190.jpg 300w, https:\/\/lateliertheatre-valdesambre.fr\/wp-content\/uploads\/2024\/01\/sous-le-bois_le-tilleul.jpg 680w\" sizes=\"auto, (max-width: 300px) 100vw, 300px\" \/><p id=\"caption-attachment-287\" class=\"wp-caption-text\"><strong> Sous-le-Bois<\/strong> : Le Tilleul (<em>Archives municipales \u2013 Ville de Maubeuge<\/em>)<\/p><\/div>\n<p>En 1843, l\u2019usine du Tilleul est b\u00e2tie \u00e0 Sous-le-Bois. Un an plus tard, son premier laminoir voit le jour. Un deuxi\u00e8me sera construit, en 1857, \u00e0 l\u2019usine de L\u2019Esp\u00e9rance. On croise d\u00e9sormais dans les rues, outre des travailleurs belges, des travailleurs polonais, luxem-bourgeois, hollandais... L\u2019usine de la Renaissance se lance en 1870 dans la fabrication de tubes. A cette \u00e9poque, sur les 25 hauts fourneaux que compte le Nord-Pas de Calais, 15 se trouvent \u00e0 Sous-le-Bois.<\/p>\n<p>Apr\u00e8s la mine, la sid\u00e9rurgie imprime sa marque aux paysages du Nord. Les hautes chemin\u00e9es, les b\u00e2timents d\u2019usine, gravent \u00e0 jamais dans la m\u00e9moire des hommes l\u2019image d\u2019un monde rude et industrieux. L\u2019essor est consid\u00e9rable. Partout, on a besoin de main d\u2019\u0153uvre. D\u00e9sormais, \"sur les deux flancs de la vall\u00e9e de la Sambre s\u2019\u00e9tale le pays du fer et de l\u2019acier\". [2]<\/td>\n<td><span style=\"font-size: 10pt;\"><strong>\"Les chemins d\u2019alors, recouverts des crasses des usines, \u00e9taient de v\u00e9ritables fondri\u00e8res<\/strong><\/span><\/p>\n<p><span style=\"font-size: 10pt;\">\"Les femmes elles-m\u00eames devaient chausser de grandes bottes\". [3] Eug\u00e8ne-Fran\u00e7ois de Dorlodot, le fondateur de l\u2019usine du Tilleul et Ren\u00e9 Hamoir, le directeur des Hauts Fourneaux du Nord, devenus entre-temps les Hauts Fourneaux de Maubeuge, s\u2019entendent pour tracer les plans d\u2019une v\u00e9ritable agglom\u00e9ration qui deviendra le socle du Sous-le-Bois moderne.<\/span><\/p>\n<p><span style=\"font-size: 10pt;\">On recensera 7 638 habitants en 1906. La population de Sous-le-Bois d\u00e9passe alors celle de Maubeuge intra-muros. Elle est redescendue actuellement \u00e0 moins de 4\u00a0500 habitants.<\/span><\/td>\n<\/tr>\n<tr>\n<td style=\"text-align: justify;\">La sid\u00e9rurgie restera longtemps le fer de lance de l\u2019industrie fran\u00e7aise. Le pays est encore en 1929 au 3<sup>e<\/sup> rang mondial pour la production d\u2019acier et de fonte. A partir des ann\u00e9es 60, avec l\u2019\u00e9mergence de nouveaux pays producteurs, aux co\u00fbts moindres, il n\u2019est plus rentable d\u2019exploiter les gisements fran\u00e7ais. Puisque le minerai est d\u00e9sormais amen\u00e9 par bateau, de nouvelles installations\u00a0 sont cr\u00e9\u00e9es \u00e0 proximit\u00e9 des ports. C\u2019est ce que l\u2019on va appeler \"la sid\u00e9rurgie sur l\u2019eau\", \u00e0 l\u2019image des complexes sid\u00e9rurgiques de Dunkerque qui rapidement rendront obsol\u00e8tes les sites du bassin de la Sambre.<\/td>\n<td><span style=\"font-size: 10pt;\"><strong>L\u2019\u00e9motion est encore forte, des ann\u00e9es apr\u00e8s. <\/strong><\/span><br \/>\n<span style=\"font-size: 10pt;\">Th\u00e9r\u00e8se, 79 ans, ancienne dactylo \u00e0 l\u2019usine Frangeco se rappelle \"comme si c\u2019\u00e9tait hier\" du flot de mobylettes bleues, des Motob\u00e9canes pr\u00e9cise-t-elle, qui sortaient toutes ensemble des usines apr\u00e8s le long hululement des sir\u00e8nes, \u00e0 midi pile.<\/span><br \/>\n<span style=\"font-size: 10pt;\">Rue des Laminoirs, rue des Hauts Fourneaux, rue des Usines, rue des Mini\u00e8res, place des Mini\u00e8res, rue des Boulonneries, rues des Clouteries, comment ignorer que Sous-le-Bois fut longtemps enti\u00e8rement d\u00e9di\u00e9 au travail de l\u2019acier\u2026<\/span><\/td>\n<\/tr>\n<\/tbody>\n<\/table>\n<p><strong>Bibliographie<\/strong><br \/>\n[1] Sous-le-Bois, une histoire de la classe ouvri\u00e8re, Patrick Maruta - L\u2019ACS\u00c9 &amp; L\u2019Atelier th\u00e9\u00e2tre 2011.<br \/>\n[2] Le Nord d\u2019hier et de demain, Pierre Pierrard - \u00c9ditions Universitaires Jean-Pierre Delarge 1980<br \/>\n[3]\u00a0 Histoire du Faubourg de Sous-le-Bois, Jean Mossay 1922<br \/>\n[4] La crise de la sid\u00e9rurgie europ\u00e9enne 1974-1984, Yves M\u00e9ny et Vincent Wright - Presse Universitaires de France 1985<\/p>\n<p><img loading=\"lazy\" decoding=\"async\" class=\"wp-image-286 size-medium aligncenter\" src=\"https:\/\/lateliertheatre-valdesambre.fr\/wp-content\/uploads\/2024\/01\/sous-le-bois_entree-usines-le-tilleul-300x194.jpg\" alt=\" Sous-le-Bois : rue d'Haumont, entr\u00e9e des usines du Tilleul\" width=\"300\" height=\"194\" srcset=\"https:\/\/lateliertheatre-valdesambre.fr\/wp-content\/uploads\/2024\/01\/sous-le-bois_entree-usines-le-tilleul-300x194.jpg 300w, https:\/\/lateliertheatre-valdesambre.fr\/wp-content\/uploads\/2024\/01\/sous-le-bois_entree-usines-le-tilleul.jpg 680w\" sizes=\"auto, (max-width: 300px) 100vw, 300px\" \/><\/p>\n<p style=\"text-align: center;\"><strong>Sous-le-Bois<\/strong> : rue d'Haumont, entr\u00e9e des usines du Tilleul<br \/>\n(<em>Archives municipales - Ville de Maubeuge<\/em>)<\/p>\n","protected":false},"excerpt":{"rendered":"<p>Le Bassin de la Sambre, site historique de la sid\u00e9rurgie fran\u00e7aise Le bassin de la Sambre est rest\u00e9 un territoire isol\u00e9 jusqu\u2019au XVIIIe si\u00e8cle. Les chemins sont impraticables en hiver. Il faut attendre 1738 pour que soit pav\u00e9e la route &hellip; <a href=\"https:\/\/lateliertheatre-valdesambre.fr\/index.php\/le-bassin-de-la-sambre-site-historique-de-la-siderurgie-francaise\/\">Continuer la lecture <span class=\"meta-nav\">&rarr;<\/span><\/a><\/p>\n","protected":false},"author":1,"featured_media":0,"parent":0,"menu_order":0,"comment_status":"closed","ping_status":"closed","template":"","meta":{"footnotes":""},"class_list":["post-283","page","type-page","status-publish","hentry"],"yoast_head":"<!-- This site is optimized with the Yoast SEO plugin v27.6 - https:\/\/yoast.com\/product\/yoast-seo-wordpress\/ -->\n<title>Le Bassin de la Sambre, site historique de la sid\u00e9rurgie fran\u00e7aise - Atelier Th\u00e9\u00e2tre Val-de-Sambre<\/title>\n<meta name=\"robots\" content=\"index, follow, max-snippet:-1, max-image-preview:large, max-video-preview:-1\" \/>\n<link rel=\"canonical\" href=\"https:\/\/lateliertheatre-valdesambre.fr\/index.php\/le-bassin-de-la-sambre-site-historique-de-la-siderurgie-francaise\/\" \/>\n<meta property=\"og:locale\" content=\"fr_FR\" \/>\n<meta property=\"og:type\" content=\"article\" \/>\n<meta property=\"og:title\" content=\"Le Bassin de la Sambre, site historique de la sid\u00e9rurgie fran\u00e7aise - Atelier Th\u00e9\u00e2tre Val-de-Sambre\" \/>\n<meta property=\"og:description\" content=\"Le Bassin de la Sambre, site historique de la sid\u00e9rurgie fran\u00e7aise Le bassin de la Sambre est rest\u00e9 un territoire isol\u00e9 jusqu\u2019au XVIIIe si\u00e8cle. Les chemins sont impraticables en hiver. Il faut attendre 1738 pour que soit pav\u00e9e la route &hellip; Continuer la lecture &rarr;\" \/>\n<meta property=\"og:url\" content=\"https:\/\/lateliertheatre-valdesambre.fr\/index.php\/le-bassin-de-la-sambre-site-historique-de-la-siderurgie-francaise\/\" \/>\n<meta property=\"og:site_name\" content=\"Atelier Th\u00e9\u00e2tre Val-de-Sambre\" \/>\n<meta property=\"article:modified_time\" content=\"2024-01-24T12:10:13+00:00\" \/>\n<meta property=\"og:image\" content=\"https:\/\/lateliertheatre-valdesambre.fr\/wp-content\/uploads\/2024\/01\/sous-le-bois_le-tilleul-300x190.jpg\" \/>\n<meta name=\"twitter:card\" content=\"summary_large_image\" \/>\n<meta name=\"twitter:label1\" content=\"Dur\u00e9e de lecture estim\u00e9e\" \/>\n\t<meta name=\"twitter:data1\" content=\"5 minutes\" \/>\n<script type=\"application\/ld+json\" class=\"yoast-schema-graph\">{\"@context\":\"https:\\\/\\\/schema.org\",\"@graph\":[{\"@type\":\"WebPage\",\"@id\":\"https:\\\/\\\/lateliertheatre-valdesambre.fr\\\/index.php\\\/le-bassin-de-la-sambre-site-historique-de-la-siderurgie-francaise\\\/\",\"url\":\"https:\\\/\\\/lateliertheatre-valdesambre.fr\\\/index.php\\\/le-bassin-de-la-sambre-site-historique-de-la-siderurgie-francaise\\\/\",\"name\":\"Le Bassin de la Sambre, site historique de la sid\u00e9rurgie fran\u00e7aise - Atelier Th\u00e9\u00e2tre Val-de-Sambre\",\"isPartOf\":{\"@id\":\"https:\\\/\\\/lateliertheatre-valdesambre.fr\\\/#website\"},\"primaryImageOfPage\":{\"@id\":\"https:\\\/\\\/lateliertheatre-valdesambre.fr\\\/index.php\\\/le-bassin-de-la-sambre-site-historique-de-la-siderurgie-francaise\\\/#primaryimage\"},\"image\":{\"@id\":\"https:\\\/\\\/lateliertheatre-valdesambre.fr\\\/index.php\\\/le-bassin-de-la-sambre-site-historique-de-la-siderurgie-francaise\\\/#primaryimage\"},\"thumbnailUrl\":\"https:\\\/\\\/lateliertheatre-valdesambre.fr\\\/wp-content\\\/uploads\\\/2024\\\/01\\\/sous-le-bois_le-tilleul-300x190.jpg\",\"datePublished\":\"2024-01-20T10:31:19+00:00\",\"dateModified\":\"2024-01-24T12:10:13+00:00\",\"breadcrumb\":{\"@id\":\"https:\\\/\\\/lateliertheatre-valdesambre.fr\\\/index.php\\\/le-bassin-de-la-sambre-site-historique-de-la-siderurgie-francaise\\\/#breadcrumb\"},\"inLanguage\":\"fr-FR\",\"potentialAction\":[{\"@type\":\"ReadAction\",\"target\":[\"https:\\\/\\\/lateliertheatre-valdesambre.fr\\\/index.php\\\/le-bassin-de-la-sambre-site-historique-de-la-siderurgie-francaise\\\/\"]}]},{\"@type\":\"ImageObject\",\"inLanguage\":\"fr-FR\",\"@id\":\"https:\\\/\\\/lateliertheatre-valdesambre.fr\\\/index.php\\\/le-bassin-de-la-sambre-site-historique-de-la-siderurgie-francaise\\\/#primaryimage\",\"url\":\"https:\\\/\\\/lateliertheatre-valdesambre.fr\\\/wp-content\\\/uploads\\\/2024\\\/01\\\/sous-le-bois_le-tilleul.jpg\",\"contentUrl\":\"https:\\\/\\\/lateliertheatre-valdesambre.fr\\\/wp-content\\\/uploads\\\/2024\\\/01\\\/sous-le-bois_le-tilleul.jpg\",\"width\":680,\"height\":431},{\"@type\":\"BreadcrumbList\",\"@id\":\"https:\\\/\\\/lateliertheatre-valdesambre.fr\\\/index.php\\\/le-bassin-de-la-sambre-site-historique-de-la-siderurgie-francaise\\\/#breadcrumb\",\"itemListElement\":[{\"@type\":\"ListItem\",\"position\":1,\"name\":\"Accueil\",\"item\":\"https:\\\/\\\/lateliertheatre-valdesambre.fr\\\/\"},{\"@type\":\"ListItem\",\"position\":2,\"name\":\"Le Bassin de la Sambre, site historique de la sid\u00e9rurgie fran\u00e7aise\"}]},{\"@type\":\"WebSite\",\"@id\":\"https:\\\/\\\/lateliertheatre-valdesambre.fr\\\/#website\",\"url\":\"https:\\\/\\\/lateliertheatre-valdesambre.fr\\\/\",\"name\":\"Atelier Th\u00e9\u00e2tre Val-de-Sambre\",\"description\":\"Pour un espace d&#039;expression dans la r\u00e9gion Val-de-Sambre\",\"publisher\":{\"@id\":\"https:\\\/\\\/lateliertheatre-valdesambre.fr\\\/#organization\"},\"potentialAction\":[{\"@type\":\"SearchAction\",\"target\":{\"@type\":\"EntryPoint\",\"urlTemplate\":\"https:\\\/\\\/lateliertheatre-valdesambre.fr\\\/?s={search_term_string}\"},\"query-input\":{\"@type\":\"PropertyValueSpecification\",\"valueRequired\":true,\"valueName\":\"search_term_string\"}}],\"inLanguage\":\"fr-FR\"},{\"@type\":\"Organization\",\"@id\":\"https:\\\/\\\/lateliertheatre-valdesambre.fr\\\/#organization\",\"name\":\"Atelier Th\u00e9\u00e2tre Val-de-Sambre\",\"url\":\"https:\\\/\\\/lateliertheatre-valdesambre.fr\\\/\",\"logo\":{\"@type\":\"ImageObject\",\"inLanguage\":\"fr-FR\",\"@id\":\"https:\\\/\\\/lateliertheatre-valdesambre.fr\\\/#\\\/schema\\\/logo\\\/image\\\/\",\"url\":\"https:\\\/\\\/lateliertheatre-valdesambre.fr\\\/wp-content\\\/uploads\\\/2023\\\/12\\\/paroles-val-de-sambre.jpg\",\"contentUrl\":\"https:\\\/\\\/lateliertheatre-valdesambre.fr\\\/wp-content\\\/uploads\\\/2023\\\/12\\\/paroles-val-de-sambre.jpg\",\"width\":510,\"height\":112,\"caption\":\"Atelier Th\u00e9\u00e2tre Val-de-Sambre\"},\"image\":{\"@id\":\"https:\\\/\\\/lateliertheatre-valdesambre.fr\\\/#\\\/schema\\\/logo\\\/image\\\/\"}}]}<\/script>\n<!-- \/ Yoast SEO plugin. -->","yoast_head_json":{"title":"Le Bassin de la Sambre, site historique de la sid\u00e9rurgie fran\u00e7aise - Atelier Th\u00e9\u00e2tre Val-de-Sambre","robots":{"index":"index","follow":"follow","max-snippet":"max-snippet:-1","max-image-preview":"max-image-preview:large","max-video-preview":"max-video-preview:-1"},"canonical":"https:\/\/lateliertheatre-valdesambre.fr\/index.php\/le-bassin-de-la-sambre-site-historique-de-la-siderurgie-francaise\/","og_locale":"fr_FR","og_type":"article","og_title":"Le Bassin de la Sambre, site historique de la sid\u00e9rurgie fran\u00e7aise - Atelier Th\u00e9\u00e2tre Val-de-Sambre","og_description":"Le Bassin de la Sambre, site historique de la sid\u00e9rurgie fran\u00e7aise Le bassin de la Sambre est rest\u00e9 un territoire isol\u00e9 jusqu\u2019au XVIIIe si\u00e8cle. Les chemins sont impraticables en hiver. Il faut attendre 1738 pour que soit pav\u00e9e la route &hellip; Continuer la lecture &rarr;","og_url":"https:\/\/lateliertheatre-valdesambre.fr\/index.php\/le-bassin-de-la-sambre-site-historique-de-la-siderurgie-francaise\/","og_site_name":"Atelier Th\u00e9\u00e2tre Val-de-Sambre","article_modified_time":"2024-01-24T12:10:13+00:00","og_image":[{"url":"https:\/\/lateliertheatre-valdesambre.fr\/wp-content\/uploads\/2024\/01\/sous-le-bois_le-tilleul-300x190.jpg","type":"","width":"","height":""}],"twitter_card":"summary_large_image","twitter_misc":{"Dur\u00e9e de lecture estim\u00e9e":"5 minutes"},"schema":{"@context":"https:\/\/schema.org","@graph":[{"@type":"WebPage","@id":"https:\/\/lateliertheatre-valdesambre.fr\/index.php\/le-bassin-de-la-sambre-site-historique-de-la-siderurgie-francaise\/","url":"https:\/\/lateliertheatre-valdesambre.fr\/index.php\/le-bassin-de-la-sambre-site-historique-de-la-siderurgie-francaise\/","name":"Le Bassin de la Sambre, site historique de la sid\u00e9rurgie fran\u00e7aise - Atelier Th\u00e9\u00e2tre Val-de-Sambre","isPartOf":{"@id":"https:\/\/lateliertheatre-valdesambre.fr\/#website"},"primaryImageOfPage":{"@id":"https:\/\/lateliertheatre-valdesambre.fr\/index.php\/le-bassin-de-la-sambre-site-historique-de-la-siderurgie-francaise\/#primaryimage"},"image":{"@id":"https:\/\/lateliertheatre-valdesambre.fr\/index.php\/le-bassin-de-la-sambre-site-historique-de-la-siderurgie-francaise\/#primaryimage"},"thumbnailUrl":"https:\/\/lateliertheatre-valdesambre.fr\/wp-content\/uploads\/2024\/01\/sous-le-bois_le-tilleul-300x190.jpg","datePublished":"2024-01-20T10:31:19+00:00","dateModified":"2024-01-24T12:10:13+00:00","breadcrumb":{"@id":"https:\/\/lateliertheatre-valdesambre.fr\/index.php\/le-bassin-de-la-sambre-site-historique-de-la-siderurgie-francaise\/#breadcrumb"},"inLanguage":"fr-FR","potentialAction":[{"@type":"ReadAction","target":["https:\/\/lateliertheatre-valdesambre.fr\/index.php\/le-bassin-de-la-sambre-site-historique-de-la-siderurgie-francaise\/"]}]},{"@type":"ImageObject","inLanguage":"fr-FR","@id":"https:\/\/lateliertheatre-valdesambre.fr\/index.php\/le-bassin-de-la-sambre-site-historique-de-la-siderurgie-francaise\/#primaryimage","url":"https:\/\/lateliertheatre-valdesambre.fr\/wp-content\/uploads\/2024\/01\/sous-le-bois_le-tilleul.jpg","contentUrl":"https:\/\/lateliertheatre-valdesambre.fr\/wp-content\/uploads\/2024\/01\/sous-le-bois_le-tilleul.jpg","width":680,"height":431},{"@type":"BreadcrumbList","@id":"https:\/\/lateliertheatre-valdesambre.fr\/index.php\/le-bassin-de-la-sambre-site-historique-de-la-siderurgie-francaise\/#breadcrumb","itemListElement":[{"@type":"ListItem","position":1,"name":"Accueil","item":"https:\/\/lateliertheatre-valdesambre.fr\/"},{"@type":"ListItem","position":2,"name":"Le Bassin de la Sambre, site historique de la sid\u00e9rurgie fran\u00e7aise"}]},{"@type":"WebSite","@id":"https:\/\/lateliertheatre-valdesambre.fr\/#website","url":"https:\/\/lateliertheatre-valdesambre.fr\/","name":"Atelier Th\u00e9\u00e2tre Val-de-Sambre","description":"Pour un espace d&#039;expression dans la r\u00e9gion Val-de-Sambre","publisher":{"@id":"https:\/\/lateliertheatre-valdesambre.fr\/#organization"},"potentialAction":[{"@type":"SearchAction","target":{"@type":"EntryPoint","urlTemplate":"https:\/\/lateliertheatre-valdesambre.fr\/?s={search_term_string}"},"query-input":{"@type":"PropertyValueSpecification","valueRequired":true,"valueName":"search_term_string"}}],"inLanguage":"fr-FR"},{"@type":"Organization","@id":"https:\/\/lateliertheatre-valdesambre.fr\/#organization","name":"Atelier Th\u00e9\u00e2tre Val-de-Sambre","url":"https:\/\/lateliertheatre-valdesambre.fr\/","logo":{"@type":"ImageObject","inLanguage":"fr-FR","@id":"https:\/\/lateliertheatre-valdesambre.fr\/#\/schema\/logo\/image\/","url":"https:\/\/lateliertheatre-valdesambre.fr\/wp-content\/uploads\/2023\/12\/paroles-val-de-sambre.jpg","contentUrl":"https:\/\/lateliertheatre-valdesambre.fr\/wp-content\/uploads\/2023\/12\/paroles-val-de-sambre.jpg","width":510,"height":112,"caption":"Atelier Th\u00e9\u00e2tre Val-de-Sambre"},"image":{"@id":"https:\/\/lateliertheatre-valdesambre.fr\/#\/schema\/logo\/image\/"}}]}},"_links":{"self":[{"href":"https:\/\/lateliertheatre-valdesambre.fr\/index.php\/wp-json\/wp\/v2\/pages\/283","targetHints":{"allow":["GET"]}}],"collection":[{"href":"https:\/\/lateliertheatre-valdesambre.fr\/index.php\/wp-json\/wp\/v2\/pages"}],"about":[{"href":"https:\/\/lateliertheatre-valdesambre.fr\/index.php\/wp-json\/wp\/v2\/types\/page"}],"author":[{"embeddable":true,"href":"https:\/\/lateliertheatre-valdesambre.fr\/index.php\/wp-json\/wp\/v2\/users\/1"}],"replies":[{"embeddable":true,"href":"https:\/\/lateliertheatre-valdesambre.fr\/index.php\/wp-json\/wp\/v2\/comments?post=283"}],"version-history":[{"count":20,"href":"https:\/\/lateliertheatre-valdesambre.fr\/index.php\/wp-json\/wp\/v2\/pages\/283\/revisions"}],"predecessor-version":[{"id":448,"href":"https:\/\/lateliertheatre-valdesambre.fr\/index.php\/wp-json\/wp\/v2\/pages\/283\/revisions\/448"}],"wp:attachment":[{"href":"https:\/\/lateliertheatre-valdesambre.fr\/index.php\/wp-json\/wp\/v2\/media?parent=283"}],"curies":[{"name":"wp","href":"https:\/\/api.w.org\/{rel}","templated":true}]}}