{"id":297,"date":"2024-01-20T12:00:39","date_gmt":"2024-01-20T11:00:39","guid":{"rendered":"https:\/\/lateliertheatre-valdesambre.fr\/?page_id=297"},"modified":"2024-01-20T12:25:59","modified_gmt":"2024-01-20T11:25:59","slug":"sous-le-bois-lhistoire-dun-quartier-ouvrier-les-debuts-de-la-siderurgie","status":"publish","type":"page","link":"https:\/\/lateliertheatre-valdesambre.fr\/index.php\/sous-le-bois-lhistoire-dun-quartier-ouvrier-les-debuts-de-la-siderurgie\/","title":{"rendered":"Sous-le-Bois, l\u2019histoire d\u2019un quartier ouvrier, les d\u00e9buts de la sid\u00e9rurgie"},"content":{"rendered":"<h1 style=\"text-align: center;\"><span style=\"font-size: 18pt; color: #000080;\">Sous-le-Bois, l\u2019histoire d\u2019un quartier ouvrier,<br \/>\nles d\u00e9buts de la sid\u00e9rurgie<\/span><\/h1>\n<p style=\"text-align: justify;\">Une exposition qui s\u2019\u00e9tait tenue en plein air sur la place de Sous-le-Bois, lors de l\u2019inauguration du nouveau clocher de l\u2019\u00e9glise. Des centaines d\u2019habitants s\u2019\u00e9taient d\u00e9plac\u00e9s pour l\u2019occasion et avaient montr\u00e9 un vif int\u00e9r\u00eat pour l\u2019histoire de leur quartier.<\/p>\n<p style=\"text-align: justify;\">Nous vous pr\u00e9sentons ici quelques-uns de ces panneaux d\u2019exposition.<br \/>\n(<em>cliquez sur les panneaux pour les agrandir<\/em>)<\/p>\n<table style=\"border-collapse: collapse; width: 100%;\">\n<tbody>\n<tr>\n<td style=\"width: 50%;\"><a href=\"https:\/\/lateliertheatre-valdesambre.fr\/wp-content\/uploads\/2024\/01\/panneau1-les-origines-du-quartier-968x1024.jpg\"><img loading=\"lazy\" decoding=\"async\" class=\"alignnone wp-image-298 size-large\" src=\"https:\/\/lateliertheatre-valdesambre.fr\/wp-content\/uploads\/2024\/01\/panneau1-les-origines-du-quartier-968x1024.jpg\" alt=\"\" width=\"640\" height=\"677\" srcset=\"https:\/\/lateliertheatre-valdesambre.fr\/wp-content\/uploads\/2024\/01\/panneau1-les-origines-du-quartier-968x1024.jpg 968w, https:\/\/lateliertheatre-valdesambre.fr\/wp-content\/uploads\/2024\/01\/panneau1-les-origines-du-quartier-284x300.jpg 284w, https:\/\/lateliertheatre-valdesambre.fr\/wp-content\/uploads\/2024\/01\/panneau1-les-origines-du-quartier-768x813.jpg 768w, https:\/\/lateliertheatre-valdesambre.fr\/wp-content\/uploads\/2024\/01\/panneau1-les-origines-du-quartier-1452x1536.jpg 1452w, https:\/\/lateliertheatre-valdesambre.fr\/wp-content\/uploads\/2024\/01\/panneau1-les-origines-du-quartier.jpg 1500w\" sizes=\"auto, (max-width: 640px) 100vw, 640px\" \/><\/a><\/td>\n<td style=\"width: 50%;\"><a href=\"https:\/\/lateliertheatre-valdesambre.fr\/wp-content\/uploads\/2024\/01\/panneau2-la-naissance-du-quartier-819x1024.jpg\"><img loading=\"lazy\" decoding=\"async\" class=\"alignnone wp-image-299 size-medium\" src=\"https:\/\/lateliertheatre-valdesambre.fr\/wp-content\/uploads\/2024\/01\/panneau2-la-naissance-du-quartier-240x300.jpg\" alt=\"\" width=\"240\" height=\"300\" srcset=\"https:\/\/lateliertheatre-valdesambre.fr\/wp-content\/uploads\/2024\/01\/panneau2-la-naissance-du-quartier-240x300.jpg 240w, https:\/\/lateliertheatre-valdesambre.fr\/wp-content\/uploads\/2024\/01\/panneau2-la-naissance-du-quartier-819x1024.jpg 819w, https:\/\/lateliertheatre-valdesambre.fr\/wp-content\/uploads\/2024\/01\/panneau2-la-naissance-du-quartier-768x960.jpg 768w, https:\/\/lateliertheatre-valdesambre.fr\/wp-content\/uploads\/2024\/01\/panneau2-la-naissance-du-quartier-1229x1536.jpg 1229w, https:\/\/lateliertheatre-valdesambre.fr\/wp-content\/uploads\/2024\/01\/panneau2-la-naissance-du-quartier.jpg 1500w\" sizes=\"auto, (max-width: 240px) 100vw, 240px\" \/><\/a><\/td>\n<\/tr>\n<tr>\n<td style=\"width: 50%;\"><a href=\"https:\/\/lateliertheatre-valdesambre.fr\/wp-content\/uploads\/2024\/01\/panneau3-la-grande-industrialisation-819x1024.jpg\"><img loading=\"lazy\" decoding=\"async\" class=\"alignnone wp-image-300 size-large\" src=\"https:\/\/lateliertheatre-valdesambre.fr\/wp-content\/uploads\/2024\/01\/panneau3-la-grande-industrialisation-819x1024.jpg\" alt=\"\" width=\"640\" height=\"800\" srcset=\"https:\/\/lateliertheatre-valdesambre.fr\/wp-content\/uploads\/2024\/01\/panneau3-la-grande-industrialisation-819x1024.jpg 819w, https:\/\/lateliertheatre-valdesambre.fr\/wp-content\/uploads\/2024\/01\/panneau3-la-grande-industrialisation-240x300.jpg 240w, https:\/\/lateliertheatre-valdesambre.fr\/wp-content\/uploads\/2024\/01\/panneau3-la-grande-industrialisation-768x960.jpg 768w, https:\/\/lateliertheatre-valdesambre.fr\/wp-content\/uploads\/2024\/01\/panneau3-la-grande-industrialisation.jpg 1200w\" sizes=\"auto, (max-width: 640px) 100vw, 640px\" \/><\/a><\/td>\n<td style=\"width: 50%;\"><a href=\"https:\/\/lateliertheatre-valdesambre.fr\/wp-content\/uploads\/2024\/01\/panneau4-le-sous-le-bois-moderne-819x1024.jpg\"><img loading=\"lazy\" decoding=\"async\" class=\"alignnone wp-image-301 size-large\" src=\"https:\/\/lateliertheatre-valdesambre.fr\/wp-content\/uploads\/2024\/01\/panneau4-le-sous-le-bois-moderne-819x1024.jpg\" alt=\"\" width=\"640\" height=\"800\" srcset=\"https:\/\/lateliertheatre-valdesambre.fr\/wp-content\/uploads\/2024\/01\/panneau4-le-sous-le-bois-moderne-819x1024.jpg 819w, https:\/\/lateliertheatre-valdesambre.fr\/wp-content\/uploads\/2024\/01\/panneau4-le-sous-le-bois-moderne-240x300.jpg 240w, https:\/\/lateliertheatre-valdesambre.fr\/wp-content\/uploads\/2024\/01\/panneau4-le-sous-le-bois-moderne-768x960.jpg 768w, https:\/\/lateliertheatre-valdesambre.fr\/wp-content\/uploads\/2024\/01\/panneau4-le-sous-le-bois-moderne-1229x1536.jpg 1229w, https:\/\/lateliertheatre-valdesambre.fr\/wp-content\/uploads\/2024\/01\/panneau4-le-sous-le-bois-moderne.jpg 1500w\" sizes=\"auto, (max-width: 640px) 100vw, 640px\" \/><\/a><\/td>\n<\/tr>\n<tr>\n<td style=\"width: 50%;\"><a href=\"https:\/\/lateliertheatre-valdesambre.fr\/wp-content\/uploads\/2024\/01\/panneau6-le-bassin-de-la-sambre.jpg\" rel=\"noopener\"><img loading=\"lazy\" decoding=\"async\" class=\"alignnone wp-image-302 size-full\" src=\"https:\/\/lateliertheatre-valdesambre.fr\/wp-content\/uploads\/2024\/01\/panneau6-le-bassin-de-la-sambre.jpg\" alt=\"\" width=\"1500\" height=\"1875\" srcset=\"https:\/\/lateliertheatre-valdesambre.fr\/wp-content\/uploads\/2024\/01\/panneau6-le-bassin-de-la-sambre.jpg 1500w, https:\/\/lateliertheatre-valdesambre.fr\/wp-content\/uploads\/2024\/01\/panneau6-le-bassin-de-la-sambre-240x300.jpg 240w, https:\/\/lateliertheatre-valdesambre.fr\/wp-content\/uploads\/2024\/01\/panneau6-le-bassin-de-la-sambre-819x1024.jpg 819w, https:\/\/lateliertheatre-valdesambre.fr\/wp-content\/uploads\/2024\/01\/panneau6-le-bassin-de-la-sambre-768x960.jpg 768w, https:\/\/lateliertheatre-valdesambre.fr\/wp-content\/uploads\/2024\/01\/panneau6-le-bassin-de-la-sambre-1229x1536.jpg 1229w\" sizes=\"auto, (max-width: 1500px) 100vw, 1500px\" \/><\/a><\/td>\n<td style=\"width: 50%;\"><\/td>\n<\/tr>\n<\/tbody>\n<\/table>\n","protected":false},"excerpt":{"rendered":"<p>Sous-le-Bois, l\u2019histoire d\u2019un quartier ouvrier, les d\u00e9buts de la sid\u00e9rurgie Une exposition qui s\u2019\u00e9tait tenue en plein air sur la place de Sous-le-Bois, lors de l\u2019inauguration du nouveau clocher de l\u2019\u00e9glise. Des centaines d\u2019habitants s\u2019\u00e9taient d\u00e9plac\u00e9s pour l\u2019occasion et avaient &hellip; <a href=\"https:\/\/lateliertheatre-valdesambre.fr\/index.php\/sous-le-bois-lhistoire-dun-quartier-ouvrier-les-debuts-de-la-siderurgie\/\">Continuer la lecture <span class=\"meta-nav\">&rarr;<\/span><\/a><\/p>\n","protected":false},"author":1,"featured_media":0,"parent":0,"menu_order":0,"comment_status":"closed","ping_status":"closed","template":"","meta":{"footnotes":""},"class_list":["post-297","page","type-page","status-publish","hentry"],"yoast_head":"<!-- This site is optimized with the Yoast SEO plugin v27.6 - https:\/\/yoast.com\/product\/yoast-seo-wordpress\/ -->\n<title>Sous-le-Bois, l\u2019histoire d\u2019un quartier ouvrier, les d\u00e9buts de la sid\u00e9rurgie - Atelier Th\u00e9\u00e2tre Val-de-Sambre<\/title>\n<meta name=\"robots\" content=\"index, follow, max-snippet:-1, max-image-preview:large, max-video-preview:-1\" \/>\n<link rel=\"canonical\" href=\"https:\/\/lateliertheatre-valdesambre.fr\/index.php\/sous-le-bois-lhistoire-dun-quartier-ouvrier-les-debuts-de-la-siderurgie\/\" \/>\n<meta property=\"og:locale\" content=\"fr_FR\" \/>\n<meta property=\"og:type\" content=\"article\" \/>\n<meta property=\"og:title\" content=\"Sous-le-Bois, l\u2019histoire d\u2019un quartier ouvrier, les d\u00e9buts de la sid\u00e9rurgie - Atelier Th\u00e9\u00e2tre Val-de-Sambre\" \/>\n<meta property=\"og:description\" content=\"Sous-le-Bois, l\u2019histoire d\u2019un quartier ouvrier, les d\u00e9buts de la sid\u00e9rurgie Une exposition qui s\u2019\u00e9tait tenue en plein air sur la place de Sous-le-Bois, lors de l\u2019inauguration du nouveau clocher de l\u2019\u00e9glise. Des centaines d\u2019habitants s\u2019\u00e9taient d\u00e9plac\u00e9s pour l\u2019occasion et avaient &hellip; Continuer la lecture &rarr;\" \/>\n<meta property=\"og:url\" content=\"https:\/\/lateliertheatre-valdesambre.fr\/index.php\/sous-le-bois-lhistoire-dun-quartier-ouvrier-les-debuts-de-la-siderurgie\/\" \/>\n<meta property=\"og:site_name\" content=\"Atelier Th\u00e9\u00e2tre Val-de-Sambre\" \/>\n<meta property=\"article:modified_time\" content=\"2024-01-20T11:25:59+00:00\" \/>\n<meta property=\"og:image\" content=\"https:\/\/lateliertheatre-valdesambre.fr\/wp-content\/uploads\/2024\/01\/panneau1-les-origines-du-quartier-968x1024.jpg\" \/>\n<meta name=\"twitter:card\" content=\"summary_large_image\" \/>\n<meta name=\"twitter:label1\" content=\"Dur\u00e9e de lecture estim\u00e9e\" \/>\n\t<meta name=\"twitter:data1\" content=\"2 minutes\" \/>\n<script type=\"application\/ld+json\" class=\"yoast-schema-graph\">{\"@context\":\"https:\\\/\\\/schema.org\",\"@graph\":[{\"@type\":\"WebPage\",\"@id\":\"https:\\\/\\\/lateliertheatre-valdesambre.fr\\\/index.php\\\/sous-le-bois-lhistoire-dun-quartier-ouvrier-les-debuts-de-la-siderurgie\\\/\",\"url\":\"https:\\\/\\\/lateliertheatre-valdesambre.fr\\\/index.php\\\/sous-le-bois-lhistoire-dun-quartier-ouvrier-les-debuts-de-la-siderurgie\\\/\",\"name\":\"Sous-le-Bois, l\u2019histoire d\u2019un quartier ouvrier, les d\u00e9buts de la sid\u00e9rurgie - Atelier Th\u00e9\u00e2tre Val-de-Sambre\",\"isPartOf\":{\"@id\":\"https:\\\/\\\/lateliertheatre-valdesambre.fr\\\/#website\"},\"primaryImageOfPage\":{\"@id\":\"https:\\\/\\\/lateliertheatre-valdesambre.fr\\\/index.php\\\/sous-le-bois-lhistoire-dun-quartier-ouvrier-les-debuts-de-la-siderurgie\\\/#primaryimage\"},\"image\":{\"@id\":\"https:\\\/\\\/lateliertheatre-valdesambre.fr\\\/index.php\\\/sous-le-bois-lhistoire-dun-quartier-ouvrier-les-debuts-de-la-siderurgie\\\/#primaryimage\"},\"thumbnailUrl\":\"https:\\\/\\\/lateliertheatre-valdesambre.fr\\\/wp-content\\\/uploads\\\/2024\\\/01\\\/panneau1-les-origines-du-quartier-968x1024.jpg\",\"datePublished\":\"2024-01-20T11:00:39+00:00\",\"dateModified\":\"2024-01-20T11:25:59+00:00\",\"breadcrumb\":{\"@id\":\"https:\\\/\\\/lateliertheatre-valdesambre.fr\\\/index.php\\\/sous-le-bois-lhistoire-dun-quartier-ouvrier-les-debuts-de-la-siderurgie\\\/#breadcrumb\"},\"inLanguage\":\"fr-FR\",\"potentialAction\":[{\"@type\":\"ReadAction\",\"target\":[\"https:\\\/\\\/lateliertheatre-valdesambre.fr\\\/index.php\\\/sous-le-bois-lhistoire-dun-quartier-ouvrier-les-debuts-de-la-siderurgie\\\/\"]}]},{\"@type\":\"ImageObject\",\"inLanguage\":\"fr-FR\",\"@id\":\"https:\\\/\\\/lateliertheatre-valdesambre.fr\\\/index.php\\\/sous-le-bois-lhistoire-dun-quartier-ouvrier-les-debuts-de-la-siderurgie\\\/#primaryimage\",\"url\":\"https:\\\/\\\/lateliertheatre-valdesambre.fr\\\/wp-content\\\/uploads\\\/2024\\\/01\\\/panneau1-les-origines-du-quartier.jpg\",\"contentUrl\":\"https:\\\/\\\/lateliertheatre-valdesambre.fr\\\/wp-content\\\/uploads\\\/2024\\\/01\\\/panneau1-les-origines-du-quartier.jpg\",\"width\":1500,\"height\":1587},{\"@type\":\"BreadcrumbList\",\"@id\":\"https:\\\/\\\/lateliertheatre-valdesambre.fr\\\/index.php\\\/sous-le-bois-lhistoire-dun-quartier-ouvrier-les-debuts-de-la-siderurgie\\\/#breadcrumb\",\"itemListElement\":[{\"@type\":\"ListItem\",\"position\":1,\"name\":\"Accueil\",\"item\":\"https:\\\/\\\/lateliertheatre-valdesambre.fr\\\/\"},{\"@type\":\"ListItem\",\"position\":2,\"name\":\"Sous-le-Bois, l\u2019histoire d\u2019un quartier ouvrier, les d\u00e9buts de la sid\u00e9rurgie\"}]},{\"@type\":\"WebSite\",\"@id\":\"https:\\\/\\\/lateliertheatre-valdesambre.fr\\\/#website\",\"url\":\"https:\\\/\\\/lateliertheatre-valdesambre.fr\\\/\",\"name\":\"Atelier Th\u00e9\u00e2tre Val-de-Sambre\",\"description\":\"Pour un espace d&#039;expression dans la r\u00e9gion Val-de-Sambre\",\"publisher\":{\"@id\":\"https:\\\/\\\/lateliertheatre-valdesambre.fr\\\/#organization\"},\"potentialAction\":[{\"@type\":\"SearchAction\",\"target\":{\"@type\":\"EntryPoint\",\"urlTemplate\":\"https:\\\/\\\/lateliertheatre-valdesambre.fr\\\/?s={search_term_string}\"},\"query-input\":{\"@type\":\"PropertyValueSpecification\",\"valueRequired\":true,\"valueName\":\"search_term_string\"}}],\"inLanguage\":\"fr-FR\"},{\"@type\":\"Organization\",\"@id\":\"https:\\\/\\\/lateliertheatre-valdesambre.fr\\\/#organization\",\"name\":\"Atelier Th\u00e9\u00e2tre Val-de-Sambre\",\"url\":\"https:\\\/\\\/lateliertheatre-valdesambre.fr\\\/\",\"logo\":{\"@type\":\"ImageObject\",\"inLanguage\":\"fr-FR\",\"@id\":\"https:\\\/\\\/lateliertheatre-valdesambre.fr\\\/#\\\/schema\\\/logo\\\/image\\\/\",\"url\":\"https:\\\/\\\/lateliertheatre-valdesambre.fr\\\/wp-content\\\/uploads\\\/2023\\\/12\\\/paroles-val-de-sambre.jpg\",\"contentUrl\":\"https:\\\/\\\/lateliertheatre-valdesambre.fr\\\/wp-content\\\/uploads\\\/2023\\\/12\\\/paroles-val-de-sambre.jpg\",\"width\":510,\"height\":112,\"caption\":\"Atelier Th\u00e9\u00e2tre Val-de-Sambre\"},\"image\":{\"@id\":\"https:\\\/\\\/lateliertheatre-valdesambre.fr\\\/#\\\/schema\\\/logo\\\/image\\\/\"}}]}<\/script>\n<!-- \/ Yoast SEO plugin. -->","yoast_head_json":{"title":"Sous-le-Bois, l\u2019histoire d\u2019un quartier ouvrier, les d\u00e9buts de la sid\u00e9rurgie - Atelier Th\u00e9\u00e2tre Val-de-Sambre","robots":{"index":"index","follow":"follow","max-snippet":"max-snippet:-1","max-image-preview":"max-image-preview:large","max-video-preview":"max-video-preview:-1"},"canonical":"https:\/\/lateliertheatre-valdesambre.fr\/index.php\/sous-le-bois-lhistoire-dun-quartier-ouvrier-les-debuts-de-la-siderurgie\/","og_locale":"fr_FR","og_type":"article","og_title":"Sous-le-Bois, l\u2019histoire d\u2019un quartier ouvrier, les d\u00e9buts de la sid\u00e9rurgie - Atelier Th\u00e9\u00e2tre Val-de-Sambre","og_description":"Sous-le-Bois, l\u2019histoire d\u2019un quartier ouvrier, les d\u00e9buts de la sid\u00e9rurgie Une exposition qui s\u2019\u00e9tait tenue en plein air sur la place de Sous-le-Bois, lors de l\u2019inauguration du nouveau clocher de l\u2019\u00e9glise. Des centaines d\u2019habitants s\u2019\u00e9taient d\u00e9plac\u00e9s pour l\u2019occasion et avaient &hellip; Continuer la lecture &rarr;","og_url":"https:\/\/lateliertheatre-valdesambre.fr\/index.php\/sous-le-bois-lhistoire-dun-quartier-ouvrier-les-debuts-de-la-siderurgie\/","og_site_name":"Atelier Th\u00e9\u00e2tre Val-de-Sambre","article_modified_time":"2024-01-20T11:25:59+00:00","og_image":[{"url":"https:\/\/lateliertheatre-valdesambre.fr\/wp-content\/uploads\/2024\/01\/panneau1-les-origines-du-quartier-968x1024.jpg","type":"","width":"","height":""}],"twitter_card":"summary_large_image","twitter_misc":{"Dur\u00e9e de lecture estim\u00e9e":"2 minutes"},"schema":{"@context":"https:\/\/schema.org","@graph":[{"@type":"WebPage","@id":"https:\/\/lateliertheatre-valdesambre.fr\/index.php\/sous-le-bois-lhistoire-dun-quartier-ouvrier-les-debuts-de-la-siderurgie\/","url":"https:\/\/lateliertheatre-valdesambre.fr\/index.php\/sous-le-bois-lhistoire-dun-quartier-ouvrier-les-debuts-de-la-siderurgie\/","name":"Sous-le-Bois, l\u2019histoire d\u2019un quartier ouvrier, les d\u00e9buts de la sid\u00e9rurgie - Atelier Th\u00e9\u00e2tre Val-de-Sambre","isPartOf":{"@id":"https:\/\/lateliertheatre-valdesambre.fr\/#website"},"primaryImageOfPage":{"@id":"https:\/\/lateliertheatre-valdesambre.fr\/index.php\/sous-le-bois-lhistoire-dun-quartier-ouvrier-les-debuts-de-la-siderurgie\/#primaryimage"},"image":{"@id":"https:\/\/lateliertheatre-valdesambre.fr\/index.php\/sous-le-bois-lhistoire-dun-quartier-ouvrier-les-debuts-de-la-siderurgie\/#primaryimage"},"thumbnailUrl":"https:\/\/lateliertheatre-valdesambre.fr\/wp-content\/uploads\/2024\/01\/panneau1-les-origines-du-quartier-968x1024.jpg","datePublished":"2024-01-20T11:00:39+00:00","dateModified":"2024-01-20T11:25:59+00:00","breadcrumb":{"@id":"https:\/\/lateliertheatre-valdesambre.fr\/index.php\/sous-le-bois-lhistoire-dun-quartier-ouvrier-les-debuts-de-la-siderurgie\/#breadcrumb"},"inLanguage":"fr-FR","potentialAction":[{"@type":"ReadAction","target":["https:\/\/lateliertheatre-valdesambre.fr\/index.php\/sous-le-bois-lhistoire-dun-quartier-ouvrier-les-debuts-de-la-siderurgie\/"]}]},{"@type":"ImageObject","inLanguage":"fr-FR","@id":"https:\/\/lateliertheatre-valdesambre.fr\/index.php\/sous-le-bois-lhistoire-dun-quartier-ouvrier-les-debuts-de-la-siderurgie\/#primaryimage","url":"https:\/\/lateliertheatre-valdesambre.fr\/wp-content\/uploads\/2024\/01\/panneau1-les-origines-du-quartier.jpg","contentUrl":"https:\/\/lateliertheatre-valdesambre.fr\/wp-content\/uploads\/2024\/01\/panneau1-les-origines-du-quartier.jpg","width":1500,"height":1587},{"@type":"BreadcrumbList","@id":"https:\/\/lateliertheatre-valdesambre.fr\/index.php\/sous-le-bois-lhistoire-dun-quartier-ouvrier-les-debuts-de-la-siderurgie\/#breadcrumb","itemListElement":[{"@type":"ListItem","position":1,"name":"Accueil","item":"https:\/\/lateliertheatre-valdesambre.fr\/"},{"@type":"ListItem","position":2,"name":"Sous-le-Bois, l\u2019histoire d\u2019un quartier ouvrier, les d\u00e9buts de la sid\u00e9rurgie"}]},{"@type":"WebSite","@id":"https:\/\/lateliertheatre-valdesambre.fr\/#website","url":"https:\/\/lateliertheatre-valdesambre.fr\/","name":"Atelier Th\u00e9\u00e2tre Val-de-Sambre","description":"Pour un espace d&#039;expression dans la r\u00e9gion Val-de-Sambre","publisher":{"@id":"https:\/\/lateliertheatre-valdesambre.fr\/#organization"},"potentialAction":[{"@type":"SearchAction","target":{"@type":"EntryPoint","urlTemplate":"https:\/\/lateliertheatre-valdesambre.fr\/?s={search_term_string}"},"query-input":{"@type":"PropertyValueSpecification","valueRequired":true,"valueName":"search_term_string"}}],"inLanguage":"fr-FR"},{"@type":"Organization","@id":"https:\/\/lateliertheatre-valdesambre.fr\/#organization","name":"Atelier Th\u00e9\u00e2tre Val-de-Sambre","url":"https:\/\/lateliertheatre-valdesambre.fr\/","logo":{"@type":"ImageObject","inLanguage":"fr-FR","@id":"https:\/\/lateliertheatre-valdesambre.fr\/#\/schema\/logo\/image\/","url":"https:\/\/lateliertheatre-valdesambre.fr\/wp-content\/uploads\/2023\/12\/paroles-val-de-sambre.jpg","contentUrl":"https:\/\/lateliertheatre-valdesambre.fr\/wp-content\/uploads\/2023\/12\/paroles-val-de-sambre.jpg","width":510,"height":112,"caption":"Atelier Th\u00e9\u00e2tre Val-de-Sambre"},"image":{"@id":"https:\/\/lateliertheatre-valdesambre.fr\/#\/schema\/logo\/image\/"}}]}},"_links":{"self":[{"href":"https:\/\/lateliertheatre-valdesambre.fr\/index.php\/wp-json\/wp\/v2\/pages\/297","targetHints":{"allow":["GET"]}}],"collection":[{"href":"https:\/\/lateliertheatre-valdesambre.fr\/index.php\/wp-json\/wp\/v2\/pages"}],"about":[{"href":"https:\/\/lateliertheatre-valdesambre.fr\/index.php\/wp-json\/wp\/v2\/types\/page"}],"author":[{"embeddable":true,"href":"https:\/\/lateliertheatre-valdesambre.fr\/index.php\/wp-json\/wp\/v2\/users\/1"}],"replies":[{"embeddable":true,"href":"https:\/\/lateliertheatre-valdesambre.fr\/index.php\/wp-json\/wp\/v2\/comments?post=297"}],"version-history":[{"count":12,"href":"https:\/\/lateliertheatre-valdesambre.fr\/index.php\/wp-json\/wp\/v2\/pages\/297\/revisions"}],"predecessor-version":[{"id":316,"href":"https:\/\/lateliertheatre-valdesambre.fr\/index.php\/wp-json\/wp\/v2\/pages\/297\/revisions\/316"}],"wp:attachment":[{"href":"https:\/\/lateliertheatre-valdesambre.fr\/index.php\/wp-json\/wp\/v2\/media?parent=297"}],"curies":[{"name":"wp","href":"https:\/\/api.w.org\/{rel}","templated":true}]}}