{"id":329,"date":"2024-01-20T19:17:20","date_gmt":"2024-01-20T18:17:20","guid":{"rendered":"https:\/\/lateliertheatre-valdesambre.fr\/?page_id=329"},"modified":"2024-01-20T19:17:58","modified_gmt":"2024-01-20T18:17:58","slug":"jouer-a-boules","status":"publish","type":"page","link":"https:\/\/lateliertheatre-valdesambre.fr\/index.php\/jouer-a-boules\/","title":{"rendered":"Jouer \u00e0 boules"},"content":{"rendered":"<div class=\"page-header\">\n<h1 style=\"text-align: center;\"><span style=\"font-size: 18pt; color: #000080;\">Jouer \u00e0 boules<\/span><\/h1>\n<\/div>\n<div>\n<p>Je me souviens qu\u2019un ami de mon p\u00e8re, quand j\u2019\u00e9tais enfant, venait parfois \u00e0 la maison demander si on faisait quelque chose dimanche apr\u00e8s-midi\u2026<\/p>\n<p>-\u00a0 <em>Rien de sp\u00e9cial<\/em>, r\u00e9pondait mon p\u00e8re.<br \/>\n-\u00a0 Allons <em>jouer \u00e0 boules\u00a0<\/em>! proposait alors Denis.<\/p>\n<div id=\"attachment_320\" style=\"width: 227px\" class=\"wp-caption alignright\"><img loading=\"lazy\" decoding=\"async\" aria-describedby=\"caption-attachment-320\" class=\"wp-image-320 size-medium\" src=\"https:\/\/lateliertheatre-valdesambre.fr\/wp-content\/uploads\/2024\/01\/jouer-a-boules-217x300.jpg\" alt=\"Jouer \u00e0 boules\" width=\"217\" height=\"300\" srcset=\"https:\/\/lateliertheatre-valdesambre.fr\/wp-content\/uploads\/2024\/01\/jouer-a-boules-217x300.jpg 217w, https:\/\/lateliertheatre-valdesambre.fr\/wp-content\/uploads\/2024\/01\/jouer-a-boules.jpg 264w\" sizes=\"auto, (max-width: 217px) 100vw, 217px\" \/><p id=\"caption-attachment-320\" class=\"wp-caption-text\">Jouer \u00e0 boules<\/p><\/div>\n<p>Jouer \u00e0 boules, c\u2019\u00e9tait soit \u00e0 Montplaisir, au bistrot de Monique ou chez Jo\u00ebl Lottiaux, \u00e0 Douzies.<br \/>\n-\u00a0 <em>Emm\u00e8ne ta fille<\/em>, insistait Denis. Elle nous servira de \"<em>planteuse<\/em>\".<\/p>\n<p>J\u2019\u00e9tais contente. J\u2019aimais sortir. De plus, servir de \"<em>planteuse<\/em>\", c\u2019\u00e9tait l\u2019occasion de gagner quelques francs\u2026 Au caf\u00e9, Denis et mon p\u00e8re retrouvaient plusieurs amis. Ils commandaient d\u2019abord \u00e0 boire puis ils d\u00e9butaient leur partie.<\/p>\n<p style=\"text-align: justify;\">Vous vous demandez sans doute en quoi consistait le r\u00f4le d\u2019une \"<em>planteuse<\/em>\"\u00a0?... Le jeu de boules est l\u2019anc\u00eatre du <em>bowling<\/em>. Neuf quilles et deux boules. Mon travail se r\u00e9sumait \u00e0 \"<em>replanter<\/em>\" les quilles pour le prochain lancer pendant que les adultes comptaient les points. Les joueurs ne faisaient pas trop attention \u00e0 moi. Il fallait bien se mettre sur le c\u00f4t\u00e9 pour ne pas recevoir une boule\u00a0! Mon p\u00e8re et ses copains jouaient pendant des heures. Ils buvaient des pintes de bi\u00e8re et payaient des limonades \u00e0 la \"<em>planteuse<\/em>\". Quand j\u2019y repense, c\u2019\u00e9tait le bon temps. J\u2019ai eu du bonheur. Je passais l\u2019apr\u00e8s-midi avec mon p\u00e8re et l\u2019on me donnait quelques sous pour mon travail.<\/p>\n<p>Quand je vois qu\u2019aujourd\u2019hui les enfants ne savent plus jouer qu\u2019avec des consoles et qu\u2019ils sont si souvent enferm\u00e9s\u00a0! Sans parler des portables\u2026 Moi, j\u2019\u00e9tais dehors par n\u2019importe quel temps pour jouer avec me copines. Vivre une apr\u00e8s-midi en famille, c\u2019\u00e9tait \u00eatre avec les autres, parler, partager. Les enfants de maintenant passent tellement d\u2019heures seuls avec eux-m\u00eames. Je ne sais pas si c\u2019est bon.<\/p>\n<p>Kathy, <em>Hautmont<\/em>.<\/p>\n<\/div>\n","protected":false},"excerpt":{"rendered":"<p>Jouer \u00e0 boules Je me souviens qu\u2019un ami de mon p\u00e8re, quand j\u2019\u00e9tais enfant, venait parfois \u00e0 la maison demander si on faisait quelque chose dimanche apr\u00e8s-midi\u2026 &#8211;\u00a0 Rien de sp\u00e9cial, r\u00e9pondait mon p\u00e8re. &#8211;\u00a0 Allons jouer \u00e0 boules\u00a0! proposait &hellip; <a href=\"https:\/\/lateliertheatre-valdesambre.fr\/index.php\/jouer-a-boules\/\">Continuer la lecture <span class=\"meta-nav\">&rarr;<\/span><\/a><\/p>\n","protected":false},"author":1,"featured_media":0,"parent":0,"menu_order":0,"comment_status":"closed","ping_status":"closed","template":"","meta":{"footnotes":""},"class_list":["post-329","page","type-page","status-publish","hentry"],"yoast_head":"<!-- This site is optimized with the Yoast SEO plugin v27.6 - https:\/\/yoast.com\/product\/yoast-seo-wordpress\/ -->\n<title>Jouer \u00e0 boules - Atelier Th\u00e9\u00e2tre Val-de-Sambre<\/title>\n<meta name=\"robots\" content=\"index, follow, max-snippet:-1, max-image-preview:large, max-video-preview:-1\" \/>\n<link rel=\"canonical\" href=\"https:\/\/lateliertheatre-valdesambre.fr\/index.php\/jouer-a-boules\/\" \/>\n<meta property=\"og:locale\" content=\"fr_FR\" \/>\n<meta property=\"og:type\" content=\"article\" \/>\n<meta property=\"og:title\" content=\"Jouer \u00e0 boules - Atelier Th\u00e9\u00e2tre Val-de-Sambre\" \/>\n<meta property=\"og:description\" content=\"Jouer \u00e0 boules Je me souviens qu\u2019un ami de mon p\u00e8re, quand j\u2019\u00e9tais enfant, venait parfois \u00e0 la maison demander si on faisait quelque chose dimanche apr\u00e8s-midi\u2026 -\u00a0 Rien de sp\u00e9cial, r\u00e9pondait mon p\u00e8re. -\u00a0 Allons jouer \u00e0 boules\u00a0! proposait &hellip; Continuer la lecture &rarr;\" \/>\n<meta property=\"og:url\" content=\"https:\/\/lateliertheatre-valdesambre.fr\/index.php\/jouer-a-boules\/\" \/>\n<meta property=\"og:site_name\" content=\"Atelier Th\u00e9\u00e2tre Val-de-Sambre\" \/>\n<meta property=\"article:modified_time\" content=\"2024-01-20T18:17:58+00:00\" \/>\n<meta property=\"og:image\" content=\"https:\/\/lateliertheatre-valdesambre.fr\/wp-content\/uploads\/2024\/01\/jouer-a-boules-217x300.jpg\" \/>\n<meta name=\"twitter:card\" content=\"summary_large_image\" \/>\n<meta name=\"twitter:label1\" content=\"Dur\u00e9e de lecture estim\u00e9e\" \/>\n\t<meta name=\"twitter:data1\" content=\"2 minutes\" \/>\n<script type=\"application\/ld+json\" class=\"yoast-schema-graph\">{\"@context\":\"https:\\\/\\\/schema.org\",\"@graph\":[{\"@type\":\"WebPage\",\"@id\":\"https:\\\/\\\/lateliertheatre-valdesambre.fr\\\/index.php\\\/jouer-a-boules\\\/\",\"url\":\"https:\\\/\\\/lateliertheatre-valdesambre.fr\\\/index.php\\\/jouer-a-boules\\\/\",\"name\":\"Jouer \u00e0 boules - Atelier Th\u00e9\u00e2tre Val-de-Sambre\",\"isPartOf\":{\"@id\":\"https:\\\/\\\/lateliertheatre-valdesambre.fr\\\/#website\"},\"primaryImageOfPage\":{\"@id\":\"https:\\\/\\\/lateliertheatre-valdesambre.fr\\\/index.php\\\/jouer-a-boules\\\/#primaryimage\"},\"image\":{\"@id\":\"https:\\\/\\\/lateliertheatre-valdesambre.fr\\\/index.php\\\/jouer-a-boules\\\/#primaryimage\"},\"thumbnailUrl\":\"https:\\\/\\\/lateliertheatre-valdesambre.fr\\\/wp-content\\\/uploads\\\/2024\\\/01\\\/jouer-a-boules-217x300.jpg\",\"datePublished\":\"2024-01-20T18:17:20+00:00\",\"dateModified\":\"2024-01-20T18:17:58+00:00\",\"breadcrumb\":{\"@id\":\"https:\\\/\\\/lateliertheatre-valdesambre.fr\\\/index.php\\\/jouer-a-boules\\\/#breadcrumb\"},\"inLanguage\":\"fr-FR\",\"potentialAction\":[{\"@type\":\"ReadAction\",\"target\":[\"https:\\\/\\\/lateliertheatre-valdesambre.fr\\\/index.php\\\/jouer-a-boules\\\/\"]}]},{\"@type\":\"ImageObject\",\"inLanguage\":\"fr-FR\",\"@id\":\"https:\\\/\\\/lateliertheatre-valdesambre.fr\\\/index.php\\\/jouer-a-boules\\\/#primaryimage\",\"url\":\"https:\\\/\\\/lateliertheatre-valdesambre.fr\\\/wp-content\\\/uploads\\\/2024\\\/01\\\/jouer-a-boules.jpg\",\"contentUrl\":\"https:\\\/\\\/lateliertheatre-valdesambre.fr\\\/wp-content\\\/uploads\\\/2024\\\/01\\\/jouer-a-boules.jpg\",\"width\":264,\"height\":365},{\"@type\":\"BreadcrumbList\",\"@id\":\"https:\\\/\\\/lateliertheatre-valdesambre.fr\\\/index.php\\\/jouer-a-boules\\\/#breadcrumb\",\"itemListElement\":[{\"@type\":\"ListItem\",\"position\":1,\"name\":\"Accueil\",\"item\":\"https:\\\/\\\/lateliertheatre-valdesambre.fr\\\/\"},{\"@type\":\"ListItem\",\"position\":2,\"name\":\"Jouer \u00e0 boules\"}]},{\"@type\":\"WebSite\",\"@id\":\"https:\\\/\\\/lateliertheatre-valdesambre.fr\\\/#website\",\"url\":\"https:\\\/\\\/lateliertheatre-valdesambre.fr\\\/\",\"name\":\"Atelier Th\u00e9\u00e2tre Val-de-Sambre\",\"description\":\"Pour un espace d&#039;expression dans la r\u00e9gion Val-de-Sambre\",\"publisher\":{\"@id\":\"https:\\\/\\\/lateliertheatre-valdesambre.fr\\\/#organization\"},\"potentialAction\":[{\"@type\":\"SearchAction\",\"target\":{\"@type\":\"EntryPoint\",\"urlTemplate\":\"https:\\\/\\\/lateliertheatre-valdesambre.fr\\\/?s={search_term_string}\"},\"query-input\":{\"@type\":\"PropertyValueSpecification\",\"valueRequired\":true,\"valueName\":\"search_term_string\"}}],\"inLanguage\":\"fr-FR\"},{\"@type\":\"Organization\",\"@id\":\"https:\\\/\\\/lateliertheatre-valdesambre.fr\\\/#organization\",\"name\":\"Atelier Th\u00e9\u00e2tre Val-de-Sambre\",\"url\":\"https:\\\/\\\/lateliertheatre-valdesambre.fr\\\/\",\"logo\":{\"@type\":\"ImageObject\",\"inLanguage\":\"fr-FR\",\"@id\":\"https:\\\/\\\/lateliertheatre-valdesambre.fr\\\/#\\\/schema\\\/logo\\\/image\\\/\",\"url\":\"https:\\\/\\\/lateliertheatre-valdesambre.fr\\\/wp-content\\\/uploads\\\/2023\\\/12\\\/paroles-val-de-sambre.jpg\",\"contentUrl\":\"https:\\\/\\\/lateliertheatre-valdesambre.fr\\\/wp-content\\\/uploads\\\/2023\\\/12\\\/paroles-val-de-sambre.jpg\",\"width\":510,\"height\":112,\"caption\":\"Atelier Th\u00e9\u00e2tre Val-de-Sambre\"},\"image\":{\"@id\":\"https:\\\/\\\/lateliertheatre-valdesambre.fr\\\/#\\\/schema\\\/logo\\\/image\\\/\"}}]}<\/script>\n<!-- \/ Yoast SEO plugin. -->","yoast_head_json":{"title":"Jouer \u00e0 boules - Atelier Th\u00e9\u00e2tre Val-de-Sambre","robots":{"index":"index","follow":"follow","max-snippet":"max-snippet:-1","max-image-preview":"max-image-preview:large","max-video-preview":"max-video-preview:-1"},"canonical":"https:\/\/lateliertheatre-valdesambre.fr\/index.php\/jouer-a-boules\/","og_locale":"fr_FR","og_type":"article","og_title":"Jouer \u00e0 boules - Atelier Th\u00e9\u00e2tre Val-de-Sambre","og_description":"Jouer \u00e0 boules Je me souviens qu\u2019un ami de mon p\u00e8re, quand j\u2019\u00e9tais enfant, venait parfois \u00e0 la maison demander si on faisait quelque chose dimanche apr\u00e8s-midi\u2026 -\u00a0 Rien de sp\u00e9cial, r\u00e9pondait mon p\u00e8re. -\u00a0 Allons jouer \u00e0 boules\u00a0! proposait &hellip; Continuer la lecture &rarr;","og_url":"https:\/\/lateliertheatre-valdesambre.fr\/index.php\/jouer-a-boules\/","og_site_name":"Atelier Th\u00e9\u00e2tre Val-de-Sambre","article_modified_time":"2024-01-20T18:17:58+00:00","og_image":[{"url":"https:\/\/lateliertheatre-valdesambre.fr\/wp-content\/uploads\/2024\/01\/jouer-a-boules-217x300.jpg","type":"","width":"","height":""}],"twitter_card":"summary_large_image","twitter_misc":{"Dur\u00e9e de lecture estim\u00e9e":"2 minutes"},"schema":{"@context":"https:\/\/schema.org","@graph":[{"@type":"WebPage","@id":"https:\/\/lateliertheatre-valdesambre.fr\/index.php\/jouer-a-boules\/","url":"https:\/\/lateliertheatre-valdesambre.fr\/index.php\/jouer-a-boules\/","name":"Jouer \u00e0 boules - Atelier Th\u00e9\u00e2tre Val-de-Sambre","isPartOf":{"@id":"https:\/\/lateliertheatre-valdesambre.fr\/#website"},"primaryImageOfPage":{"@id":"https:\/\/lateliertheatre-valdesambre.fr\/index.php\/jouer-a-boules\/#primaryimage"},"image":{"@id":"https:\/\/lateliertheatre-valdesambre.fr\/index.php\/jouer-a-boules\/#primaryimage"},"thumbnailUrl":"https:\/\/lateliertheatre-valdesambre.fr\/wp-content\/uploads\/2024\/01\/jouer-a-boules-217x300.jpg","datePublished":"2024-01-20T18:17:20+00:00","dateModified":"2024-01-20T18:17:58+00:00","breadcrumb":{"@id":"https:\/\/lateliertheatre-valdesambre.fr\/index.php\/jouer-a-boules\/#breadcrumb"},"inLanguage":"fr-FR","potentialAction":[{"@type":"ReadAction","target":["https:\/\/lateliertheatre-valdesambre.fr\/index.php\/jouer-a-boules\/"]}]},{"@type":"ImageObject","inLanguage":"fr-FR","@id":"https:\/\/lateliertheatre-valdesambre.fr\/index.php\/jouer-a-boules\/#primaryimage","url":"https:\/\/lateliertheatre-valdesambre.fr\/wp-content\/uploads\/2024\/01\/jouer-a-boules.jpg","contentUrl":"https:\/\/lateliertheatre-valdesambre.fr\/wp-content\/uploads\/2024\/01\/jouer-a-boules.jpg","width":264,"height":365},{"@type":"BreadcrumbList","@id":"https:\/\/lateliertheatre-valdesambre.fr\/index.php\/jouer-a-boules\/#breadcrumb","itemListElement":[{"@type":"ListItem","position":1,"name":"Accueil","item":"https:\/\/lateliertheatre-valdesambre.fr\/"},{"@type":"ListItem","position":2,"name":"Jouer \u00e0 boules"}]},{"@type":"WebSite","@id":"https:\/\/lateliertheatre-valdesambre.fr\/#website","url":"https:\/\/lateliertheatre-valdesambre.fr\/","name":"Atelier Th\u00e9\u00e2tre Val-de-Sambre","description":"Pour un espace d&#039;expression dans la r\u00e9gion Val-de-Sambre","publisher":{"@id":"https:\/\/lateliertheatre-valdesambre.fr\/#organization"},"potentialAction":[{"@type":"SearchAction","target":{"@type":"EntryPoint","urlTemplate":"https:\/\/lateliertheatre-valdesambre.fr\/?s={search_term_string}"},"query-input":{"@type":"PropertyValueSpecification","valueRequired":true,"valueName":"search_term_string"}}],"inLanguage":"fr-FR"},{"@type":"Organization","@id":"https:\/\/lateliertheatre-valdesambre.fr\/#organization","name":"Atelier Th\u00e9\u00e2tre Val-de-Sambre","url":"https:\/\/lateliertheatre-valdesambre.fr\/","logo":{"@type":"ImageObject","inLanguage":"fr-FR","@id":"https:\/\/lateliertheatre-valdesambre.fr\/#\/schema\/logo\/image\/","url":"https:\/\/lateliertheatre-valdesambre.fr\/wp-content\/uploads\/2023\/12\/paroles-val-de-sambre.jpg","contentUrl":"https:\/\/lateliertheatre-valdesambre.fr\/wp-content\/uploads\/2023\/12\/paroles-val-de-sambre.jpg","width":510,"height":112,"caption":"Atelier Th\u00e9\u00e2tre Val-de-Sambre"},"image":{"@id":"https:\/\/lateliertheatre-valdesambre.fr\/#\/schema\/logo\/image\/"}}]}},"_links":{"self":[{"href":"https:\/\/lateliertheatre-valdesambre.fr\/index.php\/wp-json\/wp\/v2\/pages\/329","targetHints":{"allow":["GET"]}}],"collection":[{"href":"https:\/\/lateliertheatre-valdesambre.fr\/index.php\/wp-json\/wp\/v2\/pages"}],"about":[{"href":"https:\/\/lateliertheatre-valdesambre.fr\/index.php\/wp-json\/wp\/v2\/types\/page"}],"author":[{"embeddable":true,"href":"https:\/\/lateliertheatre-valdesambre.fr\/index.php\/wp-json\/wp\/v2\/users\/1"}],"replies":[{"embeddable":true,"href":"https:\/\/lateliertheatre-valdesambre.fr\/index.php\/wp-json\/wp\/v2\/comments?post=329"}],"version-history":[{"count":2,"href":"https:\/\/lateliertheatre-valdesambre.fr\/index.php\/wp-json\/wp\/v2\/pages\/329\/revisions"}],"predecessor-version":[{"id":331,"href":"https:\/\/lateliertheatre-valdesambre.fr\/index.php\/wp-json\/wp\/v2\/pages\/329\/revisions\/331"}],"wp:attachment":[{"href":"https:\/\/lateliertheatre-valdesambre.fr\/index.php\/wp-json\/wp\/v2\/media?parent=329"}],"curies":[{"name":"wp","href":"https:\/\/api.w.org\/{rel}","templated":true}]}}