{"id":343,"date":"2024-01-21T19:54:13","date_gmt":"2024-01-21T18:54:13","guid":{"rendered":"https:\/\/lateliertheatre-valdesambre.fr\/?page_id=343"},"modified":"2024-01-21T20:05:38","modified_gmt":"2024-01-21T19:05:38","slug":"medecin-malgre-elle","status":"publish","type":"page","link":"https:\/\/lateliertheatre-valdesambre.fr\/index.php\/medecin-malgre-elle\/","title":{"rendered":"M\u00e9decin malgr\u00e9 elle"},"content":{"rendered":"<h1 style=\"text-align: center;\"><span style=\"color: #000080; font-size: 18pt;\">M\u00e9decin malgr\u00e9 elle<\/span><\/h1>\n<p style=\"text-align: justify;\"><img loading=\"lazy\" decoding=\"async\" class=\"size-medium wp-image-345 alignright\" src=\"https:\/\/lateliertheatre-valdesambre.fr\/wp-content\/uploads\/2024\/01\/medecin_malgre_elle-300x159.jpg\" alt=\"\" width=\"300\" height=\"159\" srcset=\"https:\/\/lateliertheatre-valdesambre.fr\/wp-content\/uploads\/2024\/01\/medecin_malgre_elle-300x159.jpg 300w, https:\/\/lateliertheatre-valdesambre.fr\/wp-content\/uploads\/2024\/01\/medecin_malgre_elle.jpg 350w\" sizes=\"auto, (max-width: 300px) 100vw, 300px\" \/>C\u2019est en 1666 que Moli\u00e8re pr\u00e9sente le M\u00e9decin malgr\u00e9 lui, farce savoureuse dans laquelle il raille les m\u00e9decins de son temps, plus aptes \u00e0 discourir qu\u2019\u00e0 soigner, dissimulant leur ignorance sous un jargon pompeux. La pi\u00e8ce sera repr\u00e9sent\u00e9e pour la premi\u00e8re fois le 6 ao\u00fbt sur la sc\u00e8ne du Palais Royal, en pr\u00e9sence du roi Louis XIV.<\/p>\n<table>\n<tbody>\n<tr>\n<td style=\"width: 50%; text-align: justify;\"><\/td>\n<td style=\"width: 50%;\"><strong>Adaptation et mise en sc\u00e8ne<br \/>\n<span style=\"color: #ff0000;\">Patrick Maruta<\/span><\/strong><\/td>\n<\/tr>\n<tr>\n<td style=\"width: 50%; text-align: justify;\">Et si l\u2019histoire se passait dans la banlieue d\u2019une de nos villes en 2017 ? Et si \u00e0 l\u2019heure de l\u2019\u00e9galit\u00e9 des sexes, le m\u00e9decin \u00e9tait une femme ? Huit com\u00e9diennes, trois com\u00e9diens, et quelques figurants nous inventent cette version moderne du M\u00e9decin malgr\u00e9 lui.<\/p>\n<p>La derni\u00e8re repr\u00e9sentation de ce spectacle a eu lieu le 6 juin 2017 \u00e0 Berlaimont<\/td>\n<td style=\"width: 50%;\"><strong>Distribution<\/strong><\/p>\n<p><strong><span style=\"color: #000080;\">Sganarelle<\/span> <\/strong>: Kathy Lacroix<br \/>\n<span style=\"color: #000080;\"><strong>Martin<\/strong> <\/span>: Patrick Bouchez<br \/>\n<strong><span style=\"color: #000080;\">G\u00e9ronte<\/span> <\/strong>: Margaux Bertrand<br \/>\n<strong><span style=\"color: #000080;\">Lucinde<\/span> <\/strong>: Val\u00e9rie Pelini<br \/>\n<strong><span style=\"color: #000080;\">Lucas<\/span> <\/strong>: \u00c9milienne Poulet<br \/>\n<strong><span style=\"color: #000080;\">Val\u00e8re<\/span> <\/strong>: Samia Atamena<br \/>\n<strong><span style=\"color: #000080;\">Madame Bouzou<\/span> <\/strong>: Rose-Ange Canevat<br \/>\n<strong><span style=\"color: #000080;\">Jacquelin<\/span> <\/strong>: Thibault Volpe<br \/>\n<strong><span style=\"color: #000080;\">Le balayeur<\/span> <\/strong>: Bruno Lacroix<br \/>\n<strong><span style=\"color: #000080;\">Microbus<\/span> <\/strong>: Claudia Volpe<br \/>\n<strong><span style=\"color: #000080;\">Madame Thibaut<\/span> <\/strong>: Claudia Volpe<br \/>\n<strong><span style=\"color: #000080;\">L\u00e9andre<\/span> <\/strong>: Alexandre Lacroix<\/td>\n<\/tr>\n<\/tbody>\n<\/table>\n","protected":false},"excerpt":{"rendered":"<p>M\u00e9decin malgr\u00e9 elle C\u2019est en 1666 que Moli\u00e8re pr\u00e9sente le M\u00e9decin malgr\u00e9 lui, farce savoureuse dans laquelle il raille les m\u00e9decins de son temps, plus aptes \u00e0 discourir qu\u2019\u00e0 soigner, dissimulant leur ignorance sous un jargon pompeux. La pi\u00e8ce sera &hellip; <a href=\"https:\/\/lateliertheatre-valdesambre.fr\/index.php\/medecin-malgre-elle\/\">Continuer la lecture <span class=\"meta-nav\">&rarr;<\/span><\/a><\/p>\n","protected":false},"author":1,"featured_media":0,"parent":0,"menu_order":0,"comment_status":"closed","ping_status":"closed","template":"","meta":{"footnotes":""},"class_list":["post-343","page","type-page","status-publish","hentry"],"yoast_head":"<!-- This site is optimized with the Yoast SEO plugin v27.6 - https:\/\/yoast.com\/product\/yoast-seo-wordpress\/ -->\n<title>M\u00e9decin malgr\u00e9 elle - Atelier Th\u00e9\u00e2tre Val-de-Sambre<\/title>\n<meta name=\"robots\" content=\"index, follow, max-snippet:-1, max-image-preview:large, max-video-preview:-1\" \/>\n<link rel=\"canonical\" href=\"https:\/\/lateliertheatre-valdesambre.fr\/index.php\/medecin-malgre-elle\/\" \/>\n<meta property=\"og:locale\" content=\"fr_FR\" \/>\n<meta property=\"og:type\" content=\"article\" \/>\n<meta property=\"og:title\" content=\"M\u00e9decin malgr\u00e9 elle - Atelier Th\u00e9\u00e2tre Val-de-Sambre\" \/>\n<meta property=\"og:description\" content=\"M\u00e9decin malgr\u00e9 elle C\u2019est en 1666 que Moli\u00e8re pr\u00e9sente le M\u00e9decin malgr\u00e9 lui, farce savoureuse dans laquelle il raille les m\u00e9decins de son temps, plus aptes \u00e0 discourir qu\u2019\u00e0 soigner, dissimulant leur ignorance sous un jargon pompeux. La pi\u00e8ce sera &hellip; Continuer la lecture &rarr;\" \/>\n<meta property=\"og:url\" content=\"https:\/\/lateliertheatre-valdesambre.fr\/index.php\/medecin-malgre-elle\/\" \/>\n<meta property=\"og:site_name\" content=\"Atelier Th\u00e9\u00e2tre Val-de-Sambre\" \/>\n<meta property=\"article:modified_time\" content=\"2024-01-21T19:05:38+00:00\" \/>\n<meta property=\"og:image\" content=\"https:\/\/lateliertheatre-valdesambre.fr\/wp-content\/uploads\/2024\/01\/medecin_malgre_elle-300x159.jpg\" \/>\n<meta name=\"twitter:card\" content=\"summary_large_image\" \/>\n<meta name=\"twitter:label1\" content=\"Dur\u00e9e de lecture estim\u00e9e\" \/>\n\t<meta name=\"twitter:data1\" content=\"2 minutes\" \/>\n<script type=\"application\/ld+json\" class=\"yoast-schema-graph\">{\"@context\":\"https:\\\/\\\/schema.org\",\"@graph\":[{\"@type\":\"WebPage\",\"@id\":\"https:\\\/\\\/lateliertheatre-valdesambre.fr\\\/index.php\\\/medecin-malgre-elle\\\/\",\"url\":\"https:\\\/\\\/lateliertheatre-valdesambre.fr\\\/index.php\\\/medecin-malgre-elle\\\/\",\"name\":\"M\u00e9decin malgr\u00e9 elle - Atelier Th\u00e9\u00e2tre Val-de-Sambre\",\"isPartOf\":{\"@id\":\"https:\\\/\\\/lateliertheatre-valdesambre.fr\\\/#website\"},\"primaryImageOfPage\":{\"@id\":\"https:\\\/\\\/lateliertheatre-valdesambre.fr\\\/index.php\\\/medecin-malgre-elle\\\/#primaryimage\"},\"image\":{\"@id\":\"https:\\\/\\\/lateliertheatre-valdesambre.fr\\\/index.php\\\/medecin-malgre-elle\\\/#primaryimage\"},\"thumbnailUrl\":\"https:\\\/\\\/lateliertheatre-valdesambre.fr\\\/wp-content\\\/uploads\\\/2024\\\/01\\\/medecin_malgre_elle-300x159.jpg\",\"datePublished\":\"2024-01-21T18:54:13+00:00\",\"dateModified\":\"2024-01-21T19:05:38+00:00\",\"breadcrumb\":{\"@id\":\"https:\\\/\\\/lateliertheatre-valdesambre.fr\\\/index.php\\\/medecin-malgre-elle\\\/#breadcrumb\"},\"inLanguage\":\"fr-FR\",\"potentialAction\":[{\"@type\":\"ReadAction\",\"target\":[\"https:\\\/\\\/lateliertheatre-valdesambre.fr\\\/index.php\\\/medecin-malgre-elle\\\/\"]}]},{\"@type\":\"ImageObject\",\"inLanguage\":\"fr-FR\",\"@id\":\"https:\\\/\\\/lateliertheatre-valdesambre.fr\\\/index.php\\\/medecin-malgre-elle\\\/#primaryimage\",\"url\":\"https:\\\/\\\/lateliertheatre-valdesambre.fr\\\/wp-content\\\/uploads\\\/2024\\\/01\\\/medecin_malgre_elle.jpg\",\"contentUrl\":\"https:\\\/\\\/lateliertheatre-valdesambre.fr\\\/wp-content\\\/uploads\\\/2024\\\/01\\\/medecin_malgre_elle.jpg\",\"width\":350,\"height\":185},{\"@type\":\"BreadcrumbList\",\"@id\":\"https:\\\/\\\/lateliertheatre-valdesambre.fr\\\/index.php\\\/medecin-malgre-elle\\\/#breadcrumb\",\"itemListElement\":[{\"@type\":\"ListItem\",\"position\":1,\"name\":\"Accueil\",\"item\":\"https:\\\/\\\/lateliertheatre-valdesambre.fr\\\/\"},{\"@type\":\"ListItem\",\"position\":2,\"name\":\"M\u00e9decin malgr\u00e9 elle\"}]},{\"@type\":\"WebSite\",\"@id\":\"https:\\\/\\\/lateliertheatre-valdesambre.fr\\\/#website\",\"url\":\"https:\\\/\\\/lateliertheatre-valdesambre.fr\\\/\",\"name\":\"Atelier Th\u00e9\u00e2tre Val-de-Sambre\",\"description\":\"Pour un espace d&#039;expression dans la r\u00e9gion Val-de-Sambre\",\"publisher\":{\"@id\":\"https:\\\/\\\/lateliertheatre-valdesambre.fr\\\/#organization\"},\"potentialAction\":[{\"@type\":\"SearchAction\",\"target\":{\"@type\":\"EntryPoint\",\"urlTemplate\":\"https:\\\/\\\/lateliertheatre-valdesambre.fr\\\/?s={search_term_string}\"},\"query-input\":{\"@type\":\"PropertyValueSpecification\",\"valueRequired\":true,\"valueName\":\"search_term_string\"}}],\"inLanguage\":\"fr-FR\"},{\"@type\":\"Organization\",\"@id\":\"https:\\\/\\\/lateliertheatre-valdesambre.fr\\\/#organization\",\"name\":\"Atelier Th\u00e9\u00e2tre Val-de-Sambre\",\"url\":\"https:\\\/\\\/lateliertheatre-valdesambre.fr\\\/\",\"logo\":{\"@type\":\"ImageObject\",\"inLanguage\":\"fr-FR\",\"@id\":\"https:\\\/\\\/lateliertheatre-valdesambre.fr\\\/#\\\/schema\\\/logo\\\/image\\\/\",\"url\":\"https:\\\/\\\/lateliertheatre-valdesambre.fr\\\/wp-content\\\/uploads\\\/2023\\\/12\\\/paroles-val-de-sambre.jpg\",\"contentUrl\":\"https:\\\/\\\/lateliertheatre-valdesambre.fr\\\/wp-content\\\/uploads\\\/2023\\\/12\\\/paroles-val-de-sambre.jpg\",\"width\":510,\"height\":112,\"caption\":\"Atelier Th\u00e9\u00e2tre Val-de-Sambre\"},\"image\":{\"@id\":\"https:\\\/\\\/lateliertheatre-valdesambre.fr\\\/#\\\/schema\\\/logo\\\/image\\\/\"}}]}<\/script>\n<!-- \/ Yoast SEO plugin. -->","yoast_head_json":{"title":"M\u00e9decin malgr\u00e9 elle - Atelier Th\u00e9\u00e2tre Val-de-Sambre","robots":{"index":"index","follow":"follow","max-snippet":"max-snippet:-1","max-image-preview":"max-image-preview:large","max-video-preview":"max-video-preview:-1"},"canonical":"https:\/\/lateliertheatre-valdesambre.fr\/index.php\/medecin-malgre-elle\/","og_locale":"fr_FR","og_type":"article","og_title":"M\u00e9decin malgr\u00e9 elle - Atelier Th\u00e9\u00e2tre Val-de-Sambre","og_description":"M\u00e9decin malgr\u00e9 elle C\u2019est en 1666 que Moli\u00e8re pr\u00e9sente le M\u00e9decin malgr\u00e9 lui, farce savoureuse dans laquelle il raille les m\u00e9decins de son temps, plus aptes \u00e0 discourir qu\u2019\u00e0 soigner, dissimulant leur ignorance sous un jargon pompeux. La pi\u00e8ce sera &hellip; Continuer la lecture &rarr;","og_url":"https:\/\/lateliertheatre-valdesambre.fr\/index.php\/medecin-malgre-elle\/","og_site_name":"Atelier Th\u00e9\u00e2tre Val-de-Sambre","article_modified_time":"2024-01-21T19:05:38+00:00","og_image":[{"url":"https:\/\/lateliertheatre-valdesambre.fr\/wp-content\/uploads\/2024\/01\/medecin_malgre_elle-300x159.jpg","type":"","width":"","height":""}],"twitter_card":"summary_large_image","twitter_misc":{"Dur\u00e9e de lecture estim\u00e9e":"2 minutes"},"schema":{"@context":"https:\/\/schema.org","@graph":[{"@type":"WebPage","@id":"https:\/\/lateliertheatre-valdesambre.fr\/index.php\/medecin-malgre-elle\/","url":"https:\/\/lateliertheatre-valdesambre.fr\/index.php\/medecin-malgre-elle\/","name":"M\u00e9decin malgr\u00e9 elle - Atelier Th\u00e9\u00e2tre Val-de-Sambre","isPartOf":{"@id":"https:\/\/lateliertheatre-valdesambre.fr\/#website"},"primaryImageOfPage":{"@id":"https:\/\/lateliertheatre-valdesambre.fr\/index.php\/medecin-malgre-elle\/#primaryimage"},"image":{"@id":"https:\/\/lateliertheatre-valdesambre.fr\/index.php\/medecin-malgre-elle\/#primaryimage"},"thumbnailUrl":"https:\/\/lateliertheatre-valdesambre.fr\/wp-content\/uploads\/2024\/01\/medecin_malgre_elle-300x159.jpg","datePublished":"2024-01-21T18:54:13+00:00","dateModified":"2024-01-21T19:05:38+00:00","breadcrumb":{"@id":"https:\/\/lateliertheatre-valdesambre.fr\/index.php\/medecin-malgre-elle\/#breadcrumb"},"inLanguage":"fr-FR","potentialAction":[{"@type":"ReadAction","target":["https:\/\/lateliertheatre-valdesambre.fr\/index.php\/medecin-malgre-elle\/"]}]},{"@type":"ImageObject","inLanguage":"fr-FR","@id":"https:\/\/lateliertheatre-valdesambre.fr\/index.php\/medecin-malgre-elle\/#primaryimage","url":"https:\/\/lateliertheatre-valdesambre.fr\/wp-content\/uploads\/2024\/01\/medecin_malgre_elle.jpg","contentUrl":"https:\/\/lateliertheatre-valdesambre.fr\/wp-content\/uploads\/2024\/01\/medecin_malgre_elle.jpg","width":350,"height":185},{"@type":"BreadcrumbList","@id":"https:\/\/lateliertheatre-valdesambre.fr\/index.php\/medecin-malgre-elle\/#breadcrumb","itemListElement":[{"@type":"ListItem","position":1,"name":"Accueil","item":"https:\/\/lateliertheatre-valdesambre.fr\/"},{"@type":"ListItem","position":2,"name":"M\u00e9decin malgr\u00e9 elle"}]},{"@type":"WebSite","@id":"https:\/\/lateliertheatre-valdesambre.fr\/#website","url":"https:\/\/lateliertheatre-valdesambre.fr\/","name":"Atelier Th\u00e9\u00e2tre Val-de-Sambre","description":"Pour un espace d&#039;expression dans la r\u00e9gion Val-de-Sambre","publisher":{"@id":"https:\/\/lateliertheatre-valdesambre.fr\/#organization"},"potentialAction":[{"@type":"SearchAction","target":{"@type":"EntryPoint","urlTemplate":"https:\/\/lateliertheatre-valdesambre.fr\/?s={search_term_string}"},"query-input":{"@type":"PropertyValueSpecification","valueRequired":true,"valueName":"search_term_string"}}],"inLanguage":"fr-FR"},{"@type":"Organization","@id":"https:\/\/lateliertheatre-valdesambre.fr\/#organization","name":"Atelier Th\u00e9\u00e2tre Val-de-Sambre","url":"https:\/\/lateliertheatre-valdesambre.fr\/","logo":{"@type":"ImageObject","inLanguage":"fr-FR","@id":"https:\/\/lateliertheatre-valdesambre.fr\/#\/schema\/logo\/image\/","url":"https:\/\/lateliertheatre-valdesambre.fr\/wp-content\/uploads\/2023\/12\/paroles-val-de-sambre.jpg","contentUrl":"https:\/\/lateliertheatre-valdesambre.fr\/wp-content\/uploads\/2023\/12\/paroles-val-de-sambre.jpg","width":510,"height":112,"caption":"Atelier Th\u00e9\u00e2tre Val-de-Sambre"},"image":{"@id":"https:\/\/lateliertheatre-valdesambre.fr\/#\/schema\/logo\/image\/"}}]}},"_links":{"self":[{"href":"https:\/\/lateliertheatre-valdesambre.fr\/index.php\/wp-json\/wp\/v2\/pages\/343","targetHints":{"allow":["GET"]}}],"collection":[{"href":"https:\/\/lateliertheatre-valdesambre.fr\/index.php\/wp-json\/wp\/v2\/pages"}],"about":[{"href":"https:\/\/lateliertheatre-valdesambre.fr\/index.php\/wp-json\/wp\/v2\/types\/page"}],"author":[{"embeddable":true,"href":"https:\/\/lateliertheatre-valdesambre.fr\/index.php\/wp-json\/wp\/v2\/users\/1"}],"replies":[{"embeddable":true,"href":"https:\/\/lateliertheatre-valdesambre.fr\/index.php\/wp-json\/wp\/v2\/comments?post=343"}],"version-history":[{"count":14,"href":"https:\/\/lateliertheatre-valdesambre.fr\/index.php\/wp-json\/wp\/v2\/pages\/343\/revisions"}],"predecessor-version":[{"id":358,"href":"https:\/\/lateliertheatre-valdesambre.fr\/index.php\/wp-json\/wp\/v2\/pages\/343\/revisions\/358"}],"wp:attachment":[{"href":"https:\/\/lateliertheatre-valdesambre.fr\/index.php\/wp-json\/wp\/v2\/media?parent=343"}],"curies":[{"name":"wp","href":"https:\/\/api.w.org\/{rel}","templated":true}]}}