{"id":377,"date":"2024-01-22T16:17:06","date_gmt":"2024-01-22T15:17:06","guid":{"rendered":"https:\/\/lateliertheatre-valdesambre.fr\/?page_id=377"},"modified":"2024-01-23T20:22:03","modified_gmt":"2024-01-23T19:22:03","slug":"spectacles-jeunes-comediens","status":"publish","type":"page","link":"https:\/\/lateliertheatre-valdesambre.fr\/index.php\/spectacles-jeunes-comediens\/","title":{"rendered":"Spectacles Jeunes com\u00e9diens"},"content":{"rendered":"<h1 style=\"text-align: center;\"><span style=\"color: #000080;\">Spectacles Jeunes com\u00e9diens<\/span><\/h1>\n<table style=\"height: 820px; width: 100%; border-collapse: collapse;\" border=\"0\">\n<tbody>\n<tr style=\"height: 362px;\">\n<td style=\"width: 50%;\">\n<p style=\"text-align: center;\"><img loading=\"lazy\" decoding=\"async\" class=\"aligncenter wp-image-416 size-medium\" src=\"https:\/\/lateliertheatre-valdesambre.fr\/wp-content\/uploads\/2024\/01\/les_contes_en_folie-212x300.jpg\" alt=\"Les Contes en folie\" width=\"212\" height=\"300\" srcset=\"https:\/\/lateliertheatre-valdesambre.fr\/wp-content\/uploads\/2024\/01\/les_contes_en_folie-212x300.jpg 212w, https:\/\/lateliertheatre-valdesambre.fr\/wp-content\/uploads\/2024\/01\/les_contes_en_folie.jpg 429w\" sizes=\"auto, (max-width: 212px) 100vw, 212px\" \/><strong>Les Contes en folie<\/strong><\/p>\n<\/td>\n<td>\n<p style=\"text-align: center;\"><img loading=\"lazy\" decoding=\"async\" class=\"wp-image-417 size-medium aligncenter\" src=\"https:\/\/lateliertheatre-valdesambre.fr\/wp-content\/uploads\/2024\/01\/mon_nom_est_blonde-300x188.jpg\" alt=\"Mon nom est Blonde, James Blonde !\" width=\"300\" height=\"188\" srcset=\"https:\/\/lateliertheatre-valdesambre.fr\/wp-content\/uploads\/2024\/01\/mon_nom_est_blonde-300x188.jpg 300w, https:\/\/lateliertheatre-valdesambre.fr\/wp-content\/uploads\/2024\/01\/mon_nom_est_blonde.jpg 518w\" sizes=\"auto, (max-width: 300px) 100vw, 300px\" \/> <strong>Mon nom est Blonde,<br \/>\nJames Blonde !<\/strong><\/p>\n<\/td>\n<\/tr>\n<tr>\n<td style=\"width: 50%; text-align: center;\"><img loading=\"lazy\" decoding=\"async\" class=\"wp-image-389 size-medium aligncenter\" src=\"https:\/\/lateliertheatre-valdesambre.fr\/wp-content\/uploads\/2024\/01\/prevert_le-petit-bruit-de-loeuf-dur-212x300.jpg\" alt=\"Le petit bruit de l\u2019\u0153uf dur\" width=\"212\" height=\"300\" srcset=\"https:\/\/lateliertheatre-valdesambre.fr\/wp-content\/uploads\/2024\/01\/prevert_le-petit-bruit-de-loeuf-dur-212x300.jpg 212w, https:\/\/lateliertheatre-valdesambre.fr\/wp-content\/uploads\/2024\/01\/prevert_le-petit-bruit-de-loeuf-dur.jpg 400w\" sizes=\"auto, (max-width: 212px) 100vw, 212px\" \/><strong><br \/>\nLe petit bruit de l\u2019\u0153uf dur<\/strong><\/td>\n<td style=\"width: 50%; text-align: center;\"><img loading=\"lazy\" decoding=\"async\" class=\"aligncenter wp-image-388 size-medium\" src=\"https:\/\/lateliertheatre-valdesambre.fr\/wp-content\/uploads\/2024\/01\/objectif-lune-217x300.jpg\" alt=\"Objectif Lune\" width=\"217\" height=\"300\" srcset=\"https:\/\/lateliertheatre-valdesambre.fr\/wp-content\/uploads\/2024\/01\/objectif-lune-217x300.jpg 217w, https:\/\/lateliertheatre-valdesambre.fr\/wp-content\/uploads\/2024\/01\/objectif-lune.jpg 307w\" sizes=\"auto, (max-width: 217px) 100vw, 217px\" \/><strong><br \/>\nObjectif Lune<\/strong><\/td>\n<\/tr>\n<\/tbody>\n<\/table>\n","protected":false},"excerpt":{"rendered":"<p>Spectacles Jeunes com\u00e9diens Les Contes en folie Mon nom est Blonde, James Blonde ! Le petit bruit de l\u2019\u0153uf dur Objectif Lune<\/p>\n","protected":false},"author":1,"featured_media":0,"parent":0,"menu_order":0,"comment_status":"closed","ping_status":"closed","template":"","meta":{"footnotes":""},"class_list":["post-377","page","type-page","status-publish","hentry"],"yoast_head":"<!-- This site is optimized with the Yoast SEO plugin v27.6 - https:\/\/yoast.com\/product\/yoast-seo-wordpress\/ -->\n<title>Spectacles Jeunes com\u00e9diens - Atelier Th\u00e9\u00e2tre Val-de-Sambre<\/title>\n<meta name=\"robots\" content=\"index, follow, max-snippet:-1, max-image-preview:large, max-video-preview:-1\" \/>\n<link rel=\"canonical\" href=\"https:\/\/lateliertheatre-valdesambre.fr\/index.php\/spectacles-jeunes-comediens\/\" \/>\n<meta property=\"og:locale\" content=\"fr_FR\" \/>\n<meta property=\"og:type\" content=\"article\" \/>\n<meta property=\"og:title\" content=\"Spectacles Jeunes com\u00e9diens - Atelier Th\u00e9\u00e2tre Val-de-Sambre\" \/>\n<meta property=\"og:description\" content=\"Spectacles Jeunes com\u00e9diens Les Contes en folie Mon nom est Blonde, James Blonde ! Le petit bruit de l\u2019\u0153uf dur Objectif Lune\" \/>\n<meta property=\"og:url\" content=\"https:\/\/lateliertheatre-valdesambre.fr\/index.php\/spectacles-jeunes-comediens\/\" \/>\n<meta property=\"og:site_name\" content=\"Atelier Th\u00e9\u00e2tre Val-de-Sambre\" \/>\n<meta property=\"article:modified_time\" content=\"2024-01-23T19:22:03+00:00\" \/>\n<meta property=\"og:image\" content=\"https:\/\/lateliertheatre-valdesambre.fr\/wp-content\/uploads\/2024\/01\/les_contes_en_folie-212x300.jpg\" \/>\n<meta name=\"twitter:card\" content=\"summary_large_image\" \/>\n<meta name=\"twitter:label1\" content=\"Dur\u00e9e de lecture estim\u00e9e\" \/>\n\t<meta name=\"twitter:data1\" content=\"1 minute\" \/>\n<script type=\"application\/ld+json\" class=\"yoast-schema-graph\">{\"@context\":\"https:\\\/\\\/schema.org\",\"@graph\":[{\"@type\":\"WebPage\",\"@id\":\"https:\\\/\\\/lateliertheatre-valdesambre.fr\\\/index.php\\\/spectacles-jeunes-comediens\\\/\",\"url\":\"https:\\\/\\\/lateliertheatre-valdesambre.fr\\\/index.php\\\/spectacles-jeunes-comediens\\\/\",\"name\":\"Spectacles Jeunes com\u00e9diens - Atelier Th\u00e9\u00e2tre Val-de-Sambre\",\"isPartOf\":{\"@id\":\"https:\\\/\\\/lateliertheatre-valdesambre.fr\\\/#website\"},\"primaryImageOfPage\":{\"@id\":\"https:\\\/\\\/lateliertheatre-valdesambre.fr\\\/index.php\\\/spectacles-jeunes-comediens\\\/#primaryimage\"},\"image\":{\"@id\":\"https:\\\/\\\/lateliertheatre-valdesambre.fr\\\/index.php\\\/spectacles-jeunes-comediens\\\/#primaryimage\"},\"thumbnailUrl\":\"https:\\\/\\\/lateliertheatre-valdesambre.fr\\\/wp-content\\\/uploads\\\/2024\\\/01\\\/les_contes_en_folie-212x300.jpg\",\"datePublished\":\"2024-01-22T15:17:06+00:00\",\"dateModified\":\"2024-01-23T19:22:03+00:00\",\"breadcrumb\":{\"@id\":\"https:\\\/\\\/lateliertheatre-valdesambre.fr\\\/index.php\\\/spectacles-jeunes-comediens\\\/#breadcrumb\"},\"inLanguage\":\"fr-FR\",\"potentialAction\":[{\"@type\":\"ReadAction\",\"target\":[\"https:\\\/\\\/lateliertheatre-valdesambre.fr\\\/index.php\\\/spectacles-jeunes-comediens\\\/\"]}]},{\"@type\":\"ImageObject\",\"inLanguage\":\"fr-FR\",\"@id\":\"https:\\\/\\\/lateliertheatre-valdesambre.fr\\\/index.php\\\/spectacles-jeunes-comediens\\\/#primaryimage\",\"url\":\"https:\\\/\\\/lateliertheatre-valdesambre.fr\\\/wp-content\\\/uploads\\\/2024\\\/01\\\/les_contes_en_folie.jpg\",\"contentUrl\":\"https:\\\/\\\/lateliertheatre-valdesambre.fr\\\/wp-content\\\/uploads\\\/2024\\\/01\\\/les_contes_en_folie.jpg\",\"width\":429,\"height\":606},{\"@type\":\"BreadcrumbList\",\"@id\":\"https:\\\/\\\/lateliertheatre-valdesambre.fr\\\/index.php\\\/spectacles-jeunes-comediens\\\/#breadcrumb\",\"itemListElement\":[{\"@type\":\"ListItem\",\"position\":1,\"name\":\"Accueil\",\"item\":\"https:\\\/\\\/lateliertheatre-valdesambre.fr\\\/\"},{\"@type\":\"ListItem\",\"position\":2,\"name\":\"Spectacles Jeunes com\u00e9diens\"}]},{\"@type\":\"WebSite\",\"@id\":\"https:\\\/\\\/lateliertheatre-valdesambre.fr\\\/#website\",\"url\":\"https:\\\/\\\/lateliertheatre-valdesambre.fr\\\/\",\"name\":\"Atelier Th\u00e9\u00e2tre Val-de-Sambre\",\"description\":\"Pour un espace d&#039;expression dans la r\u00e9gion Val-de-Sambre\",\"publisher\":{\"@id\":\"https:\\\/\\\/lateliertheatre-valdesambre.fr\\\/#organization\"},\"potentialAction\":[{\"@type\":\"SearchAction\",\"target\":{\"@type\":\"EntryPoint\",\"urlTemplate\":\"https:\\\/\\\/lateliertheatre-valdesambre.fr\\\/?s={search_term_string}\"},\"query-input\":{\"@type\":\"PropertyValueSpecification\",\"valueRequired\":true,\"valueName\":\"search_term_string\"}}],\"inLanguage\":\"fr-FR\"},{\"@type\":\"Organization\",\"@id\":\"https:\\\/\\\/lateliertheatre-valdesambre.fr\\\/#organization\",\"name\":\"Atelier Th\u00e9\u00e2tre Val-de-Sambre\",\"url\":\"https:\\\/\\\/lateliertheatre-valdesambre.fr\\\/\",\"logo\":{\"@type\":\"ImageObject\",\"inLanguage\":\"fr-FR\",\"@id\":\"https:\\\/\\\/lateliertheatre-valdesambre.fr\\\/#\\\/schema\\\/logo\\\/image\\\/\",\"url\":\"https:\\\/\\\/lateliertheatre-valdesambre.fr\\\/wp-content\\\/uploads\\\/2023\\\/12\\\/paroles-val-de-sambre.jpg\",\"contentUrl\":\"https:\\\/\\\/lateliertheatre-valdesambre.fr\\\/wp-content\\\/uploads\\\/2023\\\/12\\\/paroles-val-de-sambre.jpg\",\"width\":510,\"height\":112,\"caption\":\"Atelier Th\u00e9\u00e2tre Val-de-Sambre\"},\"image\":{\"@id\":\"https:\\\/\\\/lateliertheatre-valdesambre.fr\\\/#\\\/schema\\\/logo\\\/image\\\/\"}}]}<\/script>\n<!-- \/ Yoast SEO plugin. -->","yoast_head_json":{"title":"Spectacles Jeunes com\u00e9diens - Atelier Th\u00e9\u00e2tre Val-de-Sambre","robots":{"index":"index","follow":"follow","max-snippet":"max-snippet:-1","max-image-preview":"max-image-preview:large","max-video-preview":"max-video-preview:-1"},"canonical":"https:\/\/lateliertheatre-valdesambre.fr\/index.php\/spectacles-jeunes-comediens\/","og_locale":"fr_FR","og_type":"article","og_title":"Spectacles Jeunes com\u00e9diens - Atelier Th\u00e9\u00e2tre Val-de-Sambre","og_description":"Spectacles Jeunes com\u00e9diens Les Contes en folie Mon nom est Blonde, James Blonde ! Le petit bruit de l\u2019\u0153uf dur Objectif Lune","og_url":"https:\/\/lateliertheatre-valdesambre.fr\/index.php\/spectacles-jeunes-comediens\/","og_site_name":"Atelier Th\u00e9\u00e2tre Val-de-Sambre","article_modified_time":"2024-01-23T19:22:03+00:00","og_image":[{"url":"https:\/\/lateliertheatre-valdesambre.fr\/wp-content\/uploads\/2024\/01\/les_contes_en_folie-212x300.jpg","type":"","width":"","height":""}],"twitter_card":"summary_large_image","twitter_misc":{"Dur\u00e9e de lecture estim\u00e9e":"1 minute"},"schema":{"@context":"https:\/\/schema.org","@graph":[{"@type":"WebPage","@id":"https:\/\/lateliertheatre-valdesambre.fr\/index.php\/spectacles-jeunes-comediens\/","url":"https:\/\/lateliertheatre-valdesambre.fr\/index.php\/spectacles-jeunes-comediens\/","name":"Spectacles Jeunes com\u00e9diens - Atelier Th\u00e9\u00e2tre Val-de-Sambre","isPartOf":{"@id":"https:\/\/lateliertheatre-valdesambre.fr\/#website"},"primaryImageOfPage":{"@id":"https:\/\/lateliertheatre-valdesambre.fr\/index.php\/spectacles-jeunes-comediens\/#primaryimage"},"image":{"@id":"https:\/\/lateliertheatre-valdesambre.fr\/index.php\/spectacles-jeunes-comediens\/#primaryimage"},"thumbnailUrl":"https:\/\/lateliertheatre-valdesambre.fr\/wp-content\/uploads\/2024\/01\/les_contes_en_folie-212x300.jpg","datePublished":"2024-01-22T15:17:06+00:00","dateModified":"2024-01-23T19:22:03+00:00","breadcrumb":{"@id":"https:\/\/lateliertheatre-valdesambre.fr\/index.php\/spectacles-jeunes-comediens\/#breadcrumb"},"inLanguage":"fr-FR","potentialAction":[{"@type":"ReadAction","target":["https:\/\/lateliertheatre-valdesambre.fr\/index.php\/spectacles-jeunes-comediens\/"]}]},{"@type":"ImageObject","inLanguage":"fr-FR","@id":"https:\/\/lateliertheatre-valdesambre.fr\/index.php\/spectacles-jeunes-comediens\/#primaryimage","url":"https:\/\/lateliertheatre-valdesambre.fr\/wp-content\/uploads\/2024\/01\/les_contes_en_folie.jpg","contentUrl":"https:\/\/lateliertheatre-valdesambre.fr\/wp-content\/uploads\/2024\/01\/les_contes_en_folie.jpg","width":429,"height":606},{"@type":"BreadcrumbList","@id":"https:\/\/lateliertheatre-valdesambre.fr\/index.php\/spectacles-jeunes-comediens\/#breadcrumb","itemListElement":[{"@type":"ListItem","position":1,"name":"Accueil","item":"https:\/\/lateliertheatre-valdesambre.fr\/"},{"@type":"ListItem","position":2,"name":"Spectacles Jeunes com\u00e9diens"}]},{"@type":"WebSite","@id":"https:\/\/lateliertheatre-valdesambre.fr\/#website","url":"https:\/\/lateliertheatre-valdesambre.fr\/","name":"Atelier Th\u00e9\u00e2tre Val-de-Sambre","description":"Pour un espace d&#039;expression dans la r\u00e9gion Val-de-Sambre","publisher":{"@id":"https:\/\/lateliertheatre-valdesambre.fr\/#organization"},"potentialAction":[{"@type":"SearchAction","target":{"@type":"EntryPoint","urlTemplate":"https:\/\/lateliertheatre-valdesambre.fr\/?s={search_term_string}"},"query-input":{"@type":"PropertyValueSpecification","valueRequired":true,"valueName":"search_term_string"}}],"inLanguage":"fr-FR"},{"@type":"Organization","@id":"https:\/\/lateliertheatre-valdesambre.fr\/#organization","name":"Atelier Th\u00e9\u00e2tre Val-de-Sambre","url":"https:\/\/lateliertheatre-valdesambre.fr\/","logo":{"@type":"ImageObject","inLanguage":"fr-FR","@id":"https:\/\/lateliertheatre-valdesambre.fr\/#\/schema\/logo\/image\/","url":"https:\/\/lateliertheatre-valdesambre.fr\/wp-content\/uploads\/2023\/12\/paroles-val-de-sambre.jpg","contentUrl":"https:\/\/lateliertheatre-valdesambre.fr\/wp-content\/uploads\/2023\/12\/paroles-val-de-sambre.jpg","width":510,"height":112,"caption":"Atelier Th\u00e9\u00e2tre Val-de-Sambre"},"image":{"@id":"https:\/\/lateliertheatre-valdesambre.fr\/#\/schema\/logo\/image\/"}}]}},"_links":{"self":[{"href":"https:\/\/lateliertheatre-valdesambre.fr\/index.php\/wp-json\/wp\/v2\/pages\/377","targetHints":{"allow":["GET"]}}],"collection":[{"href":"https:\/\/lateliertheatre-valdesambre.fr\/index.php\/wp-json\/wp\/v2\/pages"}],"about":[{"href":"https:\/\/lateliertheatre-valdesambre.fr\/index.php\/wp-json\/wp\/v2\/types\/page"}],"author":[{"embeddable":true,"href":"https:\/\/lateliertheatre-valdesambre.fr\/index.php\/wp-json\/wp\/v2\/users\/1"}],"replies":[{"embeddable":true,"href":"https:\/\/lateliertheatre-valdesambre.fr\/index.php\/wp-json\/wp\/v2\/comments?post=377"}],"version-history":[{"count":21,"href":"https:\/\/lateliertheatre-valdesambre.fr\/index.php\/wp-json\/wp\/v2\/pages\/377\/revisions"}],"predecessor-version":[{"id":434,"href":"https:\/\/lateliertheatre-valdesambre.fr\/index.php\/wp-json\/wp\/v2\/pages\/377\/revisions\/434"}],"wp:attachment":[{"href":"https:\/\/lateliertheatre-valdesambre.fr\/index.php\/wp-json\/wp\/v2\/media?parent=377"}],"curies":[{"name":"wp","href":"https:\/\/api.w.org\/{rel}","templated":true}]}}